{"id":10370,"date":"2020-05-11T14:49:06","date_gmt":"2020-05-11T07:49:06","guid":{"rendered":"https:\/\/www.victoriavn.com\/khamtongquat\/?post_type=product&#038;p=10370"},"modified":"2025-04-03T16:37:22","modified_gmt":"2025-04-03T09:37:22","slug":"goi-xet-nghiem-chuyen-hoa","status":"publish","type":"product","link":"https:\/\/victoriavn.com\/khamtongquat\/san-pham\/goi-xet-nghiem-chuyen-hoa\/","title":{"rendered":"G\u00f3i X\u00e9t nghi\u1ec7m \u0111\u00e1nh gi\u00e1 ch\u1ee9c n\u0103ng chuy\u1ec3n h\u00f3a &#8211; trao \u0111\u1ed5i ch\u1ea5t"},"content":{"rendered":"<p>&nbsp;<\/p>\n<table width=\"837\">\n<tbody>\n<tr>\n<td width=\"223\"><strong>X\u00e9t nghi\u1ec7m<\/strong><\/td>\n<td width=\"614\"><\/td>\n<\/tr>\n<tr>\n<td>X\u00e9t nghi\u1ec7m Chem 7<\/td>\n<td width=\"614\">&#8211; \u0110\u1ec3 x\u00e1c \u0111\u1ecbnh t\u00ecnh tr\u1ea1ng s\u1ee9c kh\u1ecfe chung c\u1ee7a b\u1ea1n; s\u00e0ng l\u1ecdc, ch\u1ea9n \u0111o\u00e1n ho\u1eb7c theo d\u00f5i nhi\u1ec1u lo\u1ea1i b\u1ec7nh v\u00e0 t\u00ecnh tr\u1ea1ng kh\u00e1c nhau, ch\u1eb3ng h\u1ea1n nh\u01b0 b\u1ec7nh ti\u1ec3u \u0111\u01b0\u1eddng ho\u1eb7c b\u1ec7nh th\u1eadn.<\/td>\n<\/tr>\n<tr>\n<td>X\u00e9t nghi\u1ec7m Protein to\u00e0n ph\u1ea7n<\/td>\n<td width=\"614\">&#8211; \u0110\u1ec3 x\u00e1c \u0111\u1ecbnh t\u00ecnh tr\u1ea1ng dinh d\u01b0\u1ee1ng c\u1ee7a b\u1ea1n ho\u1eb7c \u0111\u1ec3 gi\u00fap ch\u1ea9n \u0111o\u00e1n m\u1ed9t s\u1ed1 r\u1ed1i lo\u1ea1n v\u1ec1 gan v\u00e0 th\u1eadn c\u0169ng nh\u01b0 c\u00e1c b\u1ec7nh kh\u00e1c<\/td>\n<\/tr>\n<tr>\n<td>X\u00e9t nghi\u1ec7m Albumin<\/td>\n<td width=\"614\">&#8211; \u0110\u1ec3 s\u00e0ng l\u1ecdc v\u00e0 gi\u00fap ch\u1ea9n \u0111o\u00e1n r\u1ed1i lo\u1ea1n gan ho\u1eb7c b\u1ec7nh v\u1ec1 th\u1eadn<br \/>\n&#8211; \u0110\u1ec3 \u0111\u00e1nh gi\u00e1 t\u00ecnh tr\u1ea1ng dinh d\u01b0\u1ee1ng<\/td>\n<\/tr>\n<tr>\n<td>X\u00e9t nghi\u1ec7m Phosphorous<\/td>\n<td width=\"614\">&#8211; \u0110\u1ec3 \u0111\u00e1nh gi\u00e1 m\u1ee9c \u0111\u1ed9 ph\u1ed1t pho trong m\u00e1u c\u1ee7a b\u1ea1n v\u00e0 h\u1ed7 tr\u1ee3 ch\u1ea9n \u0111o\u00e1n c\u00e1c t\u00ecnh tr\u1ea1ng \u0111\u01b0\u1ee3c bi\u1ebft \u0111\u1ebfn g\u00e2y ra m\u1ee9c ph\u1ed1t pho cao ho\u1eb7c th\u1ea5p b\u1ea5t th\u01b0\u1eddng.<br \/>\nTheo d\u00f5i m\u1ee9c canxi b\u1ea5t th\u01b0\u1eddng; khi b\u1ea1n b\u1ecb r\u1ed1i lo\u1ea1n th\u1eadn ho\u1eb7c ti\u1ec3u \u0111\u01b0\u1eddng kh\u00f4ng ki\u1ec3m so\u00e1t \u0111\u01b0\u1ee3c<\/td>\n<\/tr>\n<tr>\n<td>Uric Acid<\/td>\n<td width=\"614\">&#8211; X\u00e9t nghi\u1ec7m n\u00e0y \u0111\u01b0\u1ee3c th\u1ef1c hi\u1ec7n \u0111\u1ec3 \u0111o l\u01b0\u1ee3ng Acid Uric c\u00f3 trong m\u00e1u ho\u1eb7c trong n\u01b0\u1edbc ti\u1ec3u c\u1ee7a b\u1ea1n<br \/>\nAcid uric l\u00e0 m\u1ed9t ch\u1ea5t th\u1ea3i th\u00f4ng th\u01b0\u1eddng \u0111\u01b0\u1ee3c t\u1ea1o ra khi c\u01a1 th\u1ec3 ph\u00e1 v\u1ee1 c\u00e1c h\u00f3a ch\u1ea5t g\u1ecdi l\u00e0 purin. N\u1ebfu c\u01a1 th\u1ec3 b\u1ea1n t\u1ea1o ra qu\u00e1 nhi\u1ec1u axit uric ho\u1eb7c kh\u00f4ng gi\u1ea3i ph\u00f3ng \u0111\u1ee7 v\u00e0o n\u01b0\u1edbc ti\u1ec3u, n\u00f3 c\u00f3 th\u1ec3 t\u1ea1o ra c\u00e1c tinh th\u1ec3 h\u00ecnh th\u00e0nh trong kh\u1edbp c\u1ee7a b\u1ea1n.<br \/>\n&#8211; Gi\u00fap ch\u1ea9n \u0111o\u00e1n b\u1ec7nh g\u00fat<br \/>\n&#8211; Gi\u00fap t\u00ecm ra nguy\u00ean nh\u00e2n th\u01b0\u1eddng g\u00e2y s\u1ecfi th\u1eadn<\/td>\n<\/tr>\n<tr>\n<td>Thyroid Stimulating Hormone (TSH)<\/td>\n<td width=\"614\">&#8211; \u0110\u1ec3 \u0111o l\u01b0\u1ee3ng hormone k\u00edch th\u00edch tuy\u1ebfn gi\u00e1p c\u00f3 trong m\u00e1u.<br \/>\n&#8211; \u0110\u1ec3 \u0111\u00e1nh gi\u00e1 t\u00ecnh tr\u1ea1ng ho\u1ea1t \u0111\u1ed9ng c\u1ee7a tuy\u1ebfn gi\u00e1p.<br \/>\n&#8211; \u0110\u1ec3 ch\u1ea9n \u0111o\u00e1n c\u00e1c t\u00ecnh tr\u1ea1ng r\u1ed3i lo\u1ea1n ch\u1ee9c n\u0103ng tuy\u1ebfn gi\u00e1p nh\u01b0 c\u01b0\u1eddng gi\u00e1p v\u00e0 suy gi\u00e1p.<br \/>\n&#8211; Gi\u00fap ph\u00e1t hi\u1ec7n s\u1edbm c\u00e1c r\u1ed1i lo\u1ea1n ch\u1ee9c n\u0103ng tuy\u1ebfn gi\u00e1p tr\u01b0\u1edbc khi c\u00f3 nh\u1eefng bi\u1ec3u hi\u1ec7n c\u1ee7a b\u1ec7nh<\/td>\n<\/tr>\n<tr>\n<td>Free T4<\/td>\n<td width=\"614\">&#8211; \u0110\u1ec3 \u0111\u00e1nh gi\u00e1 ch\u1ee9c n\u0103ng tuy\u1ebfn gi\u00e1p.<br \/>\n&#8211; Gi\u00fap ch\u1ea9n \u0111o\u00e1n b\u1ec7nh l\u00fd tuy\u1ebfn gi\u00e1p.<br \/>\n&#8211; \u0110\u1ec3 theo d\u00f5i s\u1ef1 hi\u1ec7u qu\u1ea3 c\u1ee7a ph\u01b0\u01a1ng ph\u00e1p \u0111i\u1ec1u tr\u1ecb b\u1ec7nh tuy\u1ebfn gi\u00e1p<\/td>\n<\/tr>\n<tr>\n<td>T3 Free<\/td>\n<td width=\"614\">&#8211; \u0110\u1ec3 \u0111\u00e1nh gi\u00e1 ch\u1ee9c n\u0103ng tuy\u1ebfn gi\u00e1p.<br \/>\n&#8211; Gi\u00fap ch\u1ea9n \u0111o\u00e1n b\u1ec7nh l\u00fd tuy\u1ebfn gi\u00e1p., bao g\u1ed3m c\u01b0\u1eddng gi\u00e1p v\u00e0 nguy\u00ean nh\u00e2n g\u00e2y b\u1ec7nh.<br \/>\n&#8211; \u0110\u1ec3 theo d\u00f5i s\u1ef1 hi\u1ec7u qu\u1ea3 c\u1ee7a ph\u01b0\u01a1ng ph\u00e1p \u0111i\u1ec1u tr\u1ecb b\u1ec7nh r\u1ed1i lo\u1ea1n tuy\u1ebfn gi\u00e1p<\/td>\n<\/tr>\n<\/tbody>\n<\/table>\n","protected":false},"excerpt":{"rendered":"<p>B\u1ea3ng chuy\u1ec3n h\u00f3a l\u00e0 g\u00ec?<br \/>\nB\u1ea3ng chuy\u1ec3n h\u00f3a (BMP) l\u00e0 m\u1ed9t nh\u00f3m g\u1ed3m 8 x\u00e9t nghi\u1ec7m \u0111o m\u1ed9t s\u1ed1 ch\u1ea5t trong m\u00e1u c\u1ee7a b\u1ea1n. BMP cung c\u1ea5p cho b\u00e1c s\u0129 th\u00f4ng tin quan tr\u1ecdng v\u1ec1 t\u00ecnh tr\u1ea1ng hi\u1ec7n t\u1ea1i c\u1ee7a qu\u00e1 tr\u00ecnh trao \u0111\u1ed5i ch\u1ea5t c\u01a1 th\u1ec3 c\u1ee7a b\u1ea1n. BMP cung c\u1ea5p th\u00f4ng tin v\u1ec1 m\u1ee9c \u0111\u01b0\u1eddng trong m\u00e1u (glucose), s\u1ef1 c\u00e2n b\u1eb1ng c\u1ee7a ch\u1ea5t \u0111i\u1ec7n gi\u1ea3i v\u00e0 ch\u1ea5t l\u1ecfng v\u00e0 t\u00ecnh tr\u1ea1ng s\u1ee9c kh\u1ecfe c\u1ee7a th\u1eadn.<\/p>\n<p>Chem 7 x\u00e9t nghi\u1ec7m nh\u1eefng g\u00ec?<br \/>\n4 ch\u1ea5t \u0111i\u1ec7u gi\u1ea3i: sodium (Na+) potassium (K+) chloride (Cl\u2212) Canxi<br \/>\nNito Ure m\u00e1u(BUN)<br \/>\nCh\u1ee9c n\u0103ng th\u1eadn.<br \/>\n\u0110\u01b0\u1eddng huy\u1ebft.<\/p>\n","protected":false},"featured_media":24239,"template":"","meta":[],"product_brand":[],"product_cat":[1875],"product_tag":[],"class_list":{"0":"post-10370","1":"product","2":"type-product","3":"status-publish","4":"has-post-thumbnail","6":"product_cat-goi-danh-gia-chuc-nang","8":"first","9":"instock","10":"shipping-taxable","11":"purchasable","12":"product-type-variable"},"_links":{"self":[{"href":"https:\/\/victoriavn.com\/khamtongquat\/wp-json\/wp\/v2\/product\/10370","targetHints":{"allow":["GET"]}}],"collection":[{"href":"https:\/\/victoriavn.com\/khamtongquat\/wp-json\/wp\/v2\/product"}],"about":[{"href":"https:\/\/victoriavn.com\/khamtongquat\/wp-json\/wp\/v2\/types\/product"}],"wp:featuredmedia":[{"embeddable":true,"href":"https:\/\/victoriavn.com\/khamtongquat\/wp-json\/wp\/v2\/media\/24239"}],"wp:attachment":[{"href":"https:\/\/victoriavn.com\/khamtongquat\/wp-json\/wp\/v2\/media?parent=10370"}],"wp:term":[{"taxonomy":"product_brand","embeddable":true,"href":"https:\/\/victoriavn.com\/khamtongquat\/wp-json\/wp\/v2\/product_brand?post=10370"},{"taxonomy":"product_cat","embeddable":true,"href":"https:\/\/victoriavn.com\/khamtongquat\/wp-json\/wp\/v2\/product_cat?post=10370"},{"taxonomy":"product_tag","embeddable":true,"href":"https:\/\/victoriavn.com\/khamtongquat\/wp-json\/wp\/v2\/product_tag?post=10370"}],"curies":[{"name":"wp","href":"https:\/\/api.w.org\/{rel}","templated":true}]}}