{"id":10369,"date":"2020-05-11T14:46:45","date_gmt":"2020-05-11T07:46:45","guid":{"rendered":"https:\/\/www.victoriavn.com\/khamtongquat\/?post_type=product&#038;p=10369"},"modified":"2025-01-01T19:00:48","modified_gmt":"2025-01-01T12:00:48","slug":"tam-soat-ung-thu-tuyen-tien-liet","status":"publish","type":"product","link":"https:\/\/victoriavn.com\/khamtongquat\/san-pham\/tam-soat-ung-thu-tuyen-tien-liet\/","title":{"rendered":"T\u1ea7m so\u00e1t ung th\u01b0 Tuy\u1ebfn ti\u1ec1n li\u1ec7t"},"content":{"rendered":"<table width=\"837\">\n<tbody>\n<tr>\n<td width=\"223\"><strong>\u0110i\u1ec1u d\u01b0\u1ee1ng ki\u1ec3m tra<\/strong><\/td>\n<td width=\"614\"><\/td>\n<\/tr>\n<tr>\n<td width=\"223\">\u0110o ch\u1ec9 s\u1ed1 sinh hi\u1ec7u<\/td>\n<td width=\"614\">&#8211; \u0110o ch\u1ec9 s\u1ed1 chi\u1ec1u cao, c\u00e2n n\u1eb7ng, th\u00e2n nhi\u1ec7t, m\u1ea1ch v\u00e0 huy\u1ebft \u00e1p. Vi\u1ec7c th\u1ef1c hi\u1ec7n nh\u1eb1m \u0111\u1ec3 ph\u00e1t hi\u1ec7n c\u00e1c v\u1ea5n \u0111\u1ec1 b\u1ec7nh l\u00fd ti\u1ec3m \u1ea9n v\u00e0 \u0111\u1ec3 ch\u1ec9 \u0111\u1ecbnh thu\u1ed1c \u0111\u00fang li\u1ec1u l\u01b0\u1ee3ng<\/td>\n<\/tr>\n<tr>\n<td width=\"223\">X\u00e9t nghi\u1ec7m<\/td>\n<td width=\"614\"><\/td>\n<\/tr>\n<tr>\n<td width=\"223\">X\u00e9t nghi\u1ec7m ung th\u01b0 ti\u1ec1n li\u1ec7t tuy\u1ebfn &#8211; PSA<\/td>\n<td width=\"614\">&#8211; \u0110\u1ec1 t\u1ea7m so\u00e1t ung th\u01b0 tuy\u1ebfn ti\u1ec1n li\u1ec7t v\u00e0 x\u00e1c \u0111\u1ecbnh s\u1ef1 c\u1ea7n thi\u1ebft ph\u1ea3i sinh thi\u1ebft tuy\u1ebfn ti\u1ec1n li\u1ec7t<br \/>\n&#8211; \u0110\u1ec3 theo d\u00f5i hi\u1ec7u qu\u1ea3 \u0111i\u1ec1u tr\u1ecb ung th\u01b0 tuy\u1ebfn ti\u1ec1n li\u1ec7t v\u00e0 \/ ho\u1eb7c ph\u00e1t hi\u1ec7n ung th\u01b0 tuy\u1ebfn ti\u1ec1n li\u1ec7t t\u00e1i ph\u00e1t<\/td>\n<\/tr>\n<tr>\n<td>X\u00e9t nghi\u1ec7m PSA t\u1ef1 do<\/td>\n<td width=\"614\">&#8211; \u0110\u1ec3 \u0111o l\u01b0\u1ee3ng PSA tr\u00f4i t\u1ef1 do trong d\u00f2ng m\u00e1u; th\u1ef1c hi\u1ec7n \u0111\u1ec3 ch\u1ea9n \u0111o\u00e1n c\u00e1c v\u1ea5n \u0111\u1ec1 v\u1ec1 tuy\u1ebfn ti\u1ec1n li\u1ec7t<\/td>\n<\/tr>\n<tr>\n<td width=\"223\">X\u00e9t nghi\u1ec7m ch\u1ee9c n\u0103ng th\u1eadn &#8211; Creatinine<\/td>\n<td width=\"614\">&#8211; \u0110\u1ec3 ki\u1ec3m tra t\u00ecnh tr\u1ea1ng ho\u1ea1t \u0111\u1ed9ng c\u1ee7a th\u1eadn. M\u1ee9c creatinine trong m\u00e1u cao cho th\u1ea5y th\u1eadn b\u1ecb t\u1ed5n th\u01b0\u01a1ng v\u00e0 ho\u1ea1t \u0111\u1ed9ng kh\u00f4ng \u0111\u00fang.<\/td>\n<\/tr>\n<tr>\n<td width=\"223\">X\u00e9t nghi\u1ec7m t\u1ed5ng ph\u00e2n t\u00edch n\u01b0\u1edbc ti\u1ec3u<\/td>\n<td width=\"614\">&#8211; X\u00e9t nghi\u1ec7m n\u01b0\u1edbc ti\u1ec1u th\u1ef1c hi\u1ec7n \u0111\u1ec3 t\u00ecm ra c\u00e1c b\u1ea5t th\u01b0\u1eddng m\u1ed9t l\u01b0\u1ee3ng d\u01b0 th\u1eeba protein, m\u00e1u, m\u1ee7, vi khu\u1ea9n v\u00e0 \u0111\u01b0\u1eddng.<br \/>\n&#8211; C\u00f3 th\u1ec3 gi\u00fap ph\u00e1t hi\u1ec7n m\u1ed9t lo\u1ea1t c\u00e1c r\u1ed1i lo\u1ea1n v\u1ec1 th\u1eadn v\u00e0 \u0111\u01b0\u1eddng ti\u1ebft ni\u1ec7u, bao g\u1ed3m b\u1ec7nh th\u1eadn m\u00e3n t\u00ednh,\u00a0 ti\u1ec3u \u0111\u01b0\u1eddng, nhi\u1ec5m tr\u00f9ng b\u00e0ng quang v\u00e0 s\u1ecfi th\u1eadn<\/td>\n<\/tr>\n<tr>\n<td width=\"223\"><strong>Ch\u1ea9n \u0111o\u00e1n h\u00ecnh \u1ea3nh<\/strong><\/td>\n<td width=\"614\"><\/td>\n<\/tr>\n<tr>\n<td width=\"223\">Si\u00eau \u00e2m tuy\u1ebfn ti\u1ec1n li\u1ec7t<\/td>\n<td width=\"614\">&#8211; \u0110\u01b0\u1ee3c th\u1ef1c hi\u1ec7n \u0111\u1ec3 ki\u1ec3m tra tuy\u1ebfn ti\u1ec1n li\u1ec7t c\u00f3 xu\u1ea5t hi\u1ec7n b\u1ea5t k\u1ef3 d\u1ea5u hi\u1ec7u b\u1ea5t th\u01b0\u1eddng, ung th\u01b0 ho\u1eb7c c\u00e1c y\u1ebfu t\u1ed1 b\u1ec7nh li\u00ean quan \u0111\u1ebfn tuy\u1ebfn ti\u1ec1n li\u1ec7t.<br \/>\nKhuy\u1ebfn c\u00e1o th\u1ef1c hi\u1ec7n cho nam gi\u1edbi tr\u00ean 40 tu\u1ed5i, c\u00f3 c\u00e1c tri\u1ec7u ch\u1ee9ng b\u1ea5t th\u01b0\u1eddng v\u00e0 c\u00f3 nguy c\u01a1 m\u1eafc ung th\u01b0 ti\u1ec1n li\u1ec7t tuy\u1ebfn<\/td>\n<\/tr>\n<tr>\n<td width=\"223\">Si\u00eau \u00e2m b\u1ee5ng t\u1ed5ng qu\u00e1t<\/td>\n<td width=\"614\">&#8211; \u0110\u1ec3 ki\u1ec3m tra c\u00e1c c\u01a1 quan ch\u00ednh trong khoang b\u1ee5ng. Nh\u1eefng c\u01a1 quan n\u00e0y bao g\u1ed3m t\u00fai m\u1eadt, th\u1eadn, gan, tuy\u1ebfn t\u1ee5y v\u00e0 l\u00e1 l\u00e1ch.<br \/>\n&#8211; \u0110\u1ec3 ch\u1ea9n \u0111o\u00e1n c\u00e1c b\u1ec7nh nh\u01b0 b\u1ec7nh gan, s\u1ecfi th\u1eadn, s\u1ecfi m\u1eadt, c\u00e1c t\u00ecnh tr\u1ea1ng vi\u00eam nhi\u1ec5m nh\u01b0 vi\u00eam ru\u1ed9t th\u1eeba v\u00e0 vi\u00eam t\u1ee5y, ph\u00ecnh b\u1ee5ng nh\u01b0 kh\u1ed1i u, tho\u00e1t v\u1ecb v\u00e0 ung th\u01b0<\/td>\n<\/tr>\n<tr>\n<td><strong>Kh\u00e1m\u00a0 &amp; t\u01b0 v\u1ea5n v\u1edbi b\u00e1c s\u0129\u00a0<\/strong><\/td>\n<td width=\"614\"><\/td>\n<\/tr>\n<tr>\n<td width=\"223\">Kh\u00e1m &amp; t\u01b0 v\u1ea5n<\/td>\n<td width=\"614\">&#8211; Kh\u00e1m v\u00e0 t\u01b0 v\u1ea5n, th\u1ef1c hi\u1ec7n c\u00e1c t\u1ea7m so\u00e1t<\/td>\n<\/tr>\n<\/tbody>\n<\/table>\n","protected":false},"excerpt":{"rendered":"<p>Khi n\u00e0o b\u1ea1n n\u00ean b\u1eaft \u0111\u1ea7u x\u00e9t nghi\u1ec7m ung th\u01b0 tuy\u1ebfn ti\u1ec1n li\u1ec7t?<br \/>\n\u1ede tu\u1ed5i 50 (s\u1edbm h\u01a1n n\u1ebfu ti\u1ec1n s\u1eed gia \u0111\u00ecnh c\u00f3 y\u1ebfu t\u1ed1 nguy c\u01a1), t\u1ea5t c\u1ea3 nam gi\u1edbi n\u00ean xem x\u00e9t b\u1eaft \u0111\u1ea7u vi\u1ec7c t\u1ea7m so\u00e1t ung th\u01b0 tuy\u1ebfn ti\u1ec1n li\u1ec7t \u0111\u1ecbnh k\u1ef3.<\/p>\n<p>T\u1ea1i sao kh\u00e1m ti\u1ec1n li\u1ec7t tuy\u1ebfn quan tr\u1ecdng?<br \/>\nKh\u00e1m tuy\u1ebfn ti\u1ec1n li\u1ec7t c\u00f3 th\u1ec3 gi\u00fap ch\u1ea9n \u0111o\u00e1n b\u1ec7nh ph\u00ec \u0111\u1ea1i ho\u1eb7c vi\u00eam ti\u1ec1n li\u1ec7t tuy\u1ebfn, gi\u00fap b\u00e1c s\u0129 ch\u1ea9n \u0111o\u00e1n b\u1ec7nh ung th\u01b0 ti\u1ec1n li\u1ec7t tuy\u1ebfn, \u0111\u00e2y l\u00e0 d\u1ea1ng ung th\u01b0 ph\u1ed5 bi\u1ebfn th\u1ee9 hai \u1edf nam gi\u1edbi.<\/p>\n<p>X\u00e9t nghi\u1ec7m m\u00e1u c\u00f3 ph\u00e1t hi\u1ec7n ung th\u01b0 tuy\u1ebfn ti\u1ec1n li\u1ec7t kh\u00f4ng?<br \/>\nX\u00e9t nghi\u1ec7m PSA l\u00e0 x\u00e9t nghi\u1ec7m m\u00e1u gi\u00fap ph\u00e1t hi\u1ec7n ung th\u01b0 tuy\u1ebfn ti\u1ec1n li\u1ec7t.<\/p>\n<p>X\u00e9t nghi\u1ec7m n\u01b0\u1edbc ti\u1ec3u c\u00f3 th\u1ec3 ph\u00e1t hi\u1ec7n ung th\u01b0 tuy\u1ebfn ti\u1ec1n li\u1ec7t kh\u00f4ng?<br \/>\nX\u00e9t nghi\u1ec7m n\u01b0\u1edbc ti\u1ec3u c\u00f3 th\u1ec3 gi\u00fap ch\u1ea9n \u0111o\u00e1n ung th\u01b0 tuy\u1ebfn ti\u1ec1n li\u1ec7t x\u00e2m l\u1ea5n v\u00e0 x\u00e1c \u0111\u1ecbnh xem nam gi\u1edbi m\u1eafc b\u1ec7nh c\u00f3 c\u1ea7n \u0111i\u1ec1u tr\u1ecb s\u1edbm h\u01a1n kh\u00f4ng<\/p>\n","protected":false},"featured_media":24265,"template":"","meta":[],"product_brand":[],"product_cat":[1744,1864],"product_tag":[1808,1883],"class_list":{"0":"post-10369","1":"product","2":"type-product","3":"status-publish","4":"has-post-thumbnail","6":"product_cat-suc-khoe-nam-gioi","7":"product_cat-goi-kham-tam-soat-ung-thu","8":"product_tag-sieu-uu-dai-kham-gio-vang","9":"product_tag-tamsoatut1399k","11":"first","12":"instock","13":"shipping-taxable","14":"purchasable","15":"product-type-variable"},"_links":{"self":[{"href":"https:\/\/victoriavn.com\/khamtongquat\/wp-json\/wp\/v2\/product\/10369","targetHints":{"allow":["GET"]}}],"collection":[{"href":"https:\/\/victoriavn.com\/khamtongquat\/wp-json\/wp\/v2\/product"}],"about":[{"href":"https:\/\/victoriavn.com\/khamtongquat\/wp-json\/wp\/v2\/types\/product"}],"wp:featuredmedia":[{"embeddable":true,"href":"https:\/\/victoriavn.com\/khamtongquat\/wp-json\/wp\/v2\/media\/24265"}],"wp:attachment":[{"href":"https:\/\/victoriavn.com\/khamtongquat\/wp-json\/wp\/v2\/media?parent=10369"}],"wp:term":[{"taxonomy":"product_brand","embeddable":true,"href":"https:\/\/victoriavn.com\/khamtongquat\/wp-json\/wp\/v2\/product_brand?post=10369"},{"taxonomy":"product_cat","embeddable":true,"href":"https:\/\/victoriavn.com\/khamtongquat\/wp-json\/wp\/v2\/product_cat?post=10369"},{"taxonomy":"product_tag","embeddable":true,"href":"https:\/\/victoriavn.com\/khamtongquat\/wp-json\/wp\/v2\/product_tag?post=10369"}],"curies":[{"name":"wp","href":"https:\/\/api.w.org\/{rel}","templated":true}]}}