{"id":10368,"date":"2020-05-11T14:45:37","date_gmt":"2020-05-11T07:45:37","guid":{"rendered":"https:\/\/www.victoriavn.com\/khamtongquat\/?post_type=product&#038;p=10368"},"modified":"2025-01-01T18:52:33","modified_gmt":"2025-01-01T11:52:33","slug":"goi-sang-loc-benh-lay-qua-duong-tinh-duc","status":"publish","type":"product","link":"https:\/\/victoriavn.com\/khamtongquat\/san-pham\/goi-sang-loc-benh-lay-qua-duong-tinh-duc\/","title":{"rendered":"G\u00f3i T\u1ea5m So\u00e1t B\u1ec7nh L\u00e2y Qua \u0110\u01b0\u1eddng T\u00ecnh D\u1ee5c STD"},"content":{"rendered":"<p><strong>1. T\u1ea1i sao ph\u1ea3i l\u00e0m x\u00e9t nghi\u1ec7m STD?<\/strong><br \/>\nX\u00e9t nghi\u1ec7m th\u01b0\u1eddng xuy\u00ean l\u00e0 m\u1ed9t ph\u1ea7n quan tr\u1ecdng kh\u00f4ng k\u00e9m trong vi\u1ec7c th\u1ef1c hi\u1ec7n t\u00ecnh d\u1ee5c an to\u00e0n v\u00e0 gi\u1ea3m nguy c\u01a1 nhi\u1ec3mho\u1eb7c l\u00e2y lan c\u00e1c b\u1ec7nh truy\u1ec1n qua \u0111\u01b0\u1eddng t\u00ecnh d\u1ee5c (STIs \/ STDs)<\/p>\n<p><strong>2. B\u1ec7nh giang mai nguy hi\u1ec3m nh\u01b0 th\u1ebf n\u00e0o?<\/strong><br \/>\nB\u1ec7nh giang mai l\u00e0 m\u1ed9t b\u1ec7nh do vi khu\u1ea9n g\u00e2y ra v\u00e0 l\u00e2y truy\u1ec1n qua \u0111\u01b0\u1eddng t\u00ecnh d\u1ee5c (STI). M\u1eb7c d\u00f9 c\u00f3 th\u1ec3 ch\u1eefa \u0111\u01b0\u1ee3c nh\u01b0ng n\u1ebfu b\u1ec7nh giang mai kh\u00f4ng \u0111\u01b0\u1ee3c \u0111i\u1ec1u tr\u1ecb, n\u00f3 c\u00f3 th\u1ec3 g\u00e2y \u0111\u1ebfn t\u1ed5n th\u01b0\u01a1ng nghi\u00eam tr\u1ecdng cho n\u00e3o, tim, h\u1ec7 th\u1ea7n kinh v\u00e0 th\u1eadm ch\u00ed d\u1eabn \u0111\u1ebfn t\u1eed vong.<\/p>\n<p><strong>3. Nh\u1eefng ai n\u00ean x\u00e9t nghi\u1ec7m HIV?<\/strong><br \/>\nT\u1ed5 ch\u1ee9c CDC khuy\u1ebfn ngh\u1ecb t\u1ea5t c\u1ea3 m\u1ecdi ng\u01b0\u1eddi trong \u0111\u1ed9 tu\u1ed5i t\u1eeb 13 \u0111\u1ebfn 64 n\u00ean th\u1ef1c hi\u1ec7n x\u00e9t nghi\u1ec7m HIV \u00edt nh\u1ea5t m\u1ed9t l\u1ea7n nh\u01b0 m\u1ed9t ph\u1ea7n c\u1ee7a vi\u1ec7c ch\u0103m s\u00f3c s\u1ee9c kh\u1ecfe \u0111\u1ecbnh k\u1ef3 v\u00e0 c\u1ea7n th\u1ef1c hi\u1ec7n th\u01b0\u1eddng xuy\u00ean h\u01a1n n\u1ebfu b\u1ea1n c\u00f3 nh\u1eefng ho\u1ea1t \u0111\u1ed9ng l\u00e0m t\u0103ng nguy c\u01a1 m\u1eafc HIV.<\/p>\n<p><strong>4. STD c\u00f3 \u0111\u01b0\u1ee3c ch\u1eefa kh\u1ecfi kh\u00f4ng?<\/strong><br \/>\nC\u00e1c vi khu\u1ea9n g\u00e2y n\u00ean STD c\u00f3 th\u1ec3 \u0111\u01b0\u1ee3c ch\u1eefa kh\u1ecfi b\u1eb1ng li\u1ec7u ph\u00e1p kh\u00e1ng sinh n\u1ebfu \u0111\u01b0\u1ee3c b\u1eaft \u0111\u1ea7u \u0111i\u1ec1u tr\u1ecb s\u1edbm. Si\u00eau vi g\u00e2y STD kh\u00f4ng th\u1ec3 \u0111\u01b0\u1ee3c ch\u1eefa kh\u1ecfi, nh\u01b0ng b\u1ea1n c\u00f3 th\u1ec3 ki\u1ec3m so\u00e1t c\u00e1c tri\u1ec7u ch\u1ee9ng b\u1eb1ng c\u00e1ch d\u00f9ng thu\u1ed1c. Hi\u1ec7n c\u00f3 v\u1eafc xin Vi\u00eam gan si\u00eau vi B c\u00f3 th\u1ec3 ch\u1ed1ng \u0111\u01b0\u1ee3c virus vi\u00eam gan B nh\u01b0ng l\u1ea1i kh\u00f4ng c\u00f3 t\u00e1c d\u1ee5ng \u0111\u1ed1i v\u1edbi nh\u1eefng ai \u0111\u00e3 nhi\u1ec3m si\u00eau vi n\u00e0y.&#8221;<\/p>\n<table width=\"837\">\n<tbody>\n<tr>\n<td width=\"223\"><strong>\u0110i\u1ec1u d\u01b0\u1ee1ng ki\u1ec3m tra<\/strong><\/td>\n<td width=\"614\"><\/td>\n<\/tr>\n<tr>\n<td width=\"223\">\u0110o ch\u1ec9 s\u1ed1 sinh hi\u1ec7u<\/td>\n<td width=\"614\">&#8211; \u0110o ch\u1ec9 s\u1ed1 chi\u1ec1u cao, c\u00e2n n\u1eb7ng, th\u00e2n nhi\u1ec7t, m\u1ea1ch v\u00e0 huy\u1ebft \u00e1p. Vi\u1ec7c th\u1ef1c hi\u1ec7n nh\u1eb1m \u0111\u1ec3 ph\u00e1t hi\u1ec7n c\u00e1c v\u1ea5n \u0111\u1ec1 b\u1ec7nh l\u00fd ti\u1ec3m \u1ea9n v\u00e0 \u0111\u1ec3 ch\u1ec9 \u0111\u1ecbnh thu\u1ed1c \u0111\u00fang li\u1ec1u l\u01b0\u1ee3ng<\/td>\n<\/tr>\n<tr>\n<td width=\"223\"><strong>X\u00e9t nghi\u1ec7m<\/strong><\/td>\n<td width=\"614\"><\/td>\n<\/tr>\n<tr>\n<td width=\"223\">X\u00e9t nghi\u1ec7m kh\u00e1ng nguy\u00ean vi\u00eam gan si\u00eau vi B (HbsAg)<\/td>\n<td width=\"614\">&#8211; \u0110\u1ec3 ph\u00e1t hi\u1ec7n s\u1ef1 c\u00f3 m\u1eb7t c\u1ee7a virus Vi\u00eam gan B trong m\u00e1u c\u1ee7a b\u1ea1n (\u0111\u01b0\u1ee3c g\u1ecdi l\u00e0 kh\u00e1ng nguy\u00ean b\u1ec1 m\u1eb7t).<br \/>\n&#8211; K\u1ebft qu\u1ea3 x\u00e9t nghi\u1ec7m HBsAg &#8220;d\u01b0\u01a1ng t\u00ednh&#8221; ho\u1eb7c &#8220;c\u00f3 ph\u1ea3n \u1ee9ng&#8221; c\u00f3 ngh\u0129a l\u00e0 ng\u01b0\u1eddi \u0111\u00f3 b\u1ecb nhi\u1ec5m vi\u00eam gan B v\u00e0 c\u00f3 th\u1ec3 truy\u1ec1n virus vi\u00eam gan B sang ng\u01b0\u1eddi kh\u00e1c qua m\u00e1u<\/td>\n<\/tr>\n<tr>\n<td width=\"223\">X\u00e9t nghi\u1ec7m kh\u00e1ng th\u1ec3 vi\u00eam gan si\u00eau vi B (HbsAb)<\/td>\n<td width=\"614\">&#8211; \u0110\u1ec3 ki\u1ec3m tra b\u1ea1n c\u00f3 \u0111\u01b0\u1ee3c kh\u00e1ng th\u1ec3 b\u1ea3o v\u1ec7 kh\u1ecfi vi\u00eam gan si\u00eau vi B ch\u01b0a. S\u1ef1 b\u1ea3o v\u1ec7 n\u00e0y c\u00f3 th\u1ec3 l\u00e0 k\u1ebft qu\u1ea3 c\u1ee7a vi\u1ec7c ti\u00eam ng\u1eeba vi\u00eam gan si\u00eau vi B ho\u1eb7c t\u1eeb vi\u1ec7c ph\u1ee5c h\u1ed3i th\u00e0nh c\u00f4ng sau khi b\u1ecb nhi\u1ec5m vi\u00eam gan B trong qu\u00e1 kh\u1ee9.<br \/>\n&#8211; K\u1ebft qu\u1ea3 x\u00e9t nghi\u1ec7m kh\u00e1ng HBs d\u01b0\u01a1ng t\u00ednh (ho\u1eb7c HBsAb) c\u00f3 ngh\u0129a l\u00e0 b\u1ea1n \u0111\u00e3 \u0111\u01b0\u1ee3c mi\u1ec5n d\u1ecbch v\u00e0 \u0111\u01b0\u1ee3c b\u1ea3o v\u1ec7 ch\u1ed1ng l\u1ea1i virus vi\u00eam gan B v\u00e0 kh\u00f4ng th\u1ec3 b\u1ecb nhi\u1ec5m b\u1ec7nh. B\u1ea1n kh\u00f4ng b\u1ecb nhi\u1ec5m b\u1ec7nh v\u00e0 kh\u00f4ng th\u1ec3 l\u00e2y b\u1ec7nh vi\u00eam gan B cho ng\u01b0\u1eddi kh\u00e1c<\/td>\n<\/tr>\n<tr>\n<td width=\"223\">X\u00e9t nghi\u1ec7m virus vi\u00eam gan C (Kh\u00e1ng th\u1ec3 HCV)<\/td>\n<td width=\"614\">&#8211; X\u00e9t nghi\u1ec7m \u0111\u1ec3 ki\u1ec3m tra vi\u1ec7c nhi\u1ec5m virus vi\u00eam gan C. S\u1ef1 hi\u1ec7n di\u1ec7n c\u1ee7a kh\u00e1ng th\u1ec3 trong m\u00e1u cho th\u1ea5y b\u1ea1n b\u1ecb nhi\u1ec5m virus vi\u00eam gan C.<\/td>\n<\/tr>\n<tr>\n<td width=\"223\">X\u00e9t nghi\u1ec7m kh\u00e1ng th\u1ec3 virus HIV<\/td>\n<td width=\"614\">&#8211; \u0110\u1ec3 x\u00e1c \u0111\u1ecbnh xem b\u1ea1n c\u00f3 b\u1ecb nhi\u1ec5m virus suy gi\u1ea3m mi\u1ec5n d\u1ecbch \u1edf ng\u01b0\u1eddi (HIV) hay kh\u00f4n<\/td>\n<\/tr>\n<tr>\n<td width=\"223\">PCR STDs PCR 13 pathogens<\/td>\n<td width=\"614\"><\/td>\n<\/tr>\n<tr>\n<td width=\"223\">TPHA<\/td>\n<td width=\"614\"><\/td>\n<\/tr>\n<tr>\n<td><strong>Kh\u00e1m\u00a0 &amp; t\u01b0 v\u1ea5n v\u1edbi b\u00e1c s\u0129<\/strong><\/td>\n<td width=\"614\"><\/td>\n<\/tr>\n<tr>\n<td width=\"223\">Kh\u00e1m &amp; t\u01b0 v\u1ea5n<\/td>\n<td width=\"614\">Kh\u00e1m v\u00e0 t\u01b0 v\u1ea5n, th\u1ef1c hi\u1ec7n c\u00e1c t\u1ea7m so\u00e1t<\/td>\n<\/tr>\n<\/tbody>\n<\/table>\n","protected":false},"excerpt":{"rendered":"<p>1. T\u1ea1i sao ph\u1ea3i l\u00e0m x\u00e9t nghi\u1ec7m STD?<br \/>\nX\u00e9t nghi\u1ec7m th\u01b0\u1eddng xuy\u00ean l\u00e0 m\u1ed9t ph\u1ea7n quan tr\u1ecdng kh\u00f4ng k\u00e9m trong vi\u1ec7c th\u1ef1c hi\u1ec7n t\u00ecnh d\u1ee5c an to\u00e0n v\u00e0 gi\u1ea3m nguy c\u01a1 nhi\u1ec3mho\u1eb7c l\u00e2y lan c\u00e1c b\u1ec7nh truy\u1ec1n qua \u0111\u01b0\u1eddng t\u00ecnh d\u1ee5c (STIs \/ STDs)<\/p>\n<p>2. B\u1ec7nh giang mai nguy hi\u1ec3m nh\u01b0 th\u1ebf n\u00e0o?<br \/>\nB\u1ec7nh giang mai l\u00e0 m\u1ed9t b\u1ec7nh do vi khu\u1ea9n g\u00e2y ra v\u00e0 l\u00e2y truy\u1ec1n qua \u0111\u01b0\u1eddng t\u00ecnh d\u1ee5c (STI). M\u1eb7c d\u00f9 c\u00f3 th\u1ec3 ch\u1eefa \u0111\u01b0\u1ee3c nh\u01b0ng n\u1ebfu b\u1ec7nh giang mai kh\u00f4ng \u0111\u01b0\u1ee3c \u0111i\u1ec1u tr\u1ecb, n\u00f3 c\u00f3 th\u1ec3 g\u00e2y \u0111\u1ebfn t\u1ed5n th\u01b0\u01a1ng nghi\u00eam tr\u1ecdng cho n\u00e3o, tim, h\u1ec7 th\u1ea7n kinh v\u00e0 th\u1eadm ch\u00ed d\u1eabn \u0111\u1ebfn t\u1eed vong.<\/p>\n","protected":false},"featured_media":23668,"template":"","meta":[],"product_brand":[],"product_cat":[1746,1744,1710],"product_tag":[1808,1878],"class_list":{"0":"post-10368","1":"product","2":"type-product","3":"status-publish","4":"has-post-thumbnail","6":"product_cat-cham-soc-suc-khoe-chuyen-khoa-khac","7":"product_cat-suc-khoe-nam-gioi","8":"product_cat-suc-khoe-phu-nu","9":"product_tag-sieu-uu-dai-kham-gio-vang","10":"product_tag-tuan-le-suc-khoe-cua-toi","12":"first","13":"instock","14":"shipping-taxable","15":"purchasable","16":"product-type-variable"},"_links":{"self":[{"href":"https:\/\/victoriavn.com\/khamtongquat\/wp-json\/wp\/v2\/product\/10368","targetHints":{"allow":["GET"]}}],"collection":[{"href":"https:\/\/victoriavn.com\/khamtongquat\/wp-json\/wp\/v2\/product"}],"about":[{"href":"https:\/\/victoriavn.com\/khamtongquat\/wp-json\/wp\/v2\/types\/product"}],"wp:featuredmedia":[{"embeddable":true,"href":"https:\/\/victoriavn.com\/khamtongquat\/wp-json\/wp\/v2\/media\/23668"}],"wp:attachment":[{"href":"https:\/\/victoriavn.com\/khamtongquat\/wp-json\/wp\/v2\/media?parent=10368"}],"wp:term":[{"taxonomy":"product_brand","embeddable":true,"href":"https:\/\/victoriavn.com\/khamtongquat\/wp-json\/wp\/v2\/product_brand?post=10368"},{"taxonomy":"product_cat","embeddable":true,"href":"https:\/\/victoriavn.com\/khamtongquat\/wp-json\/wp\/v2\/product_cat?post=10368"},{"taxonomy":"product_tag","embeddable":true,"href":"https:\/\/victoriavn.com\/khamtongquat\/wp-json\/wp\/v2\/product_tag?post=10368"}],"curies":[{"name":"wp","href":"https:\/\/api.w.org\/{rel}","templated":true}]}}