{"id":10364,"date":"2020-05-11T14:40:40","date_gmt":"2020-05-11T07:40:40","guid":{"rendered":"https:\/\/www.victoriavn.com\/khamtongquat\/?post_type=product&#038;p=10364"},"modified":"2025-01-01T18:59:07","modified_gmt":"2025-01-01T11:59:07","slug":"tam-soat-ung-thu-tuyen-giap","status":"publish","type":"product","link":"https:\/\/victoriavn.com\/khamtongquat\/san-pham\/tam-soat-ung-thu-tuyen-giap\/","title":{"rendered":"T\u1ea7m so\u00e1t ung th\u01b0 Tuy\u1ebfn gi\u00e1p"},"content":{"rendered":"<table width=\"837\">\n<tbody>\n<tr>\n<td width=\"223\">\u0110i\u1ec1u d\u01b0\u1ee1ng ki\u1ec3m tra<\/td>\n<td width=\"614\"><\/td>\n<\/tr>\n<tr>\n<td width=\"223\">\u0110o ch\u1ec9 s\u1ed1 sinh hi\u1ec7u<\/td>\n<td width=\"614\">&#8211; \u0110o ch\u1ec9 s\u1ed1 chi\u1ec1u cao, c\u00e2n n\u1eb7ng, th\u00e2n nhi\u1ec7t, m\u1ea1ch v\u00e0 huy\u1ebft \u00e1p. Vi\u1ec7c th\u1ef1c hi\u1ec7n nh\u1eb1m \u0111\u1ec3 ph\u00e1t hi\u1ec7n c\u00e1c v\u1ea5n \u0111\u1ec1 b\u1ec7nh l\u00fd ti\u1ec3m \u1ea9n v\u00e0 \u0111\u1ec3 ch\u1ec9 \u0111\u1ecbnh thu\u1ed1c \u0111\u00fang li\u1ec1u l\u01b0\u1ee3ng<\/td>\n<\/tr>\n<tr>\n<td width=\"223\"><strong>X\u00e9t nghi\u1ec7m<\/strong><\/td>\n<td width=\"614\"><\/td>\n<\/tr>\n<tr>\n<td width=\"223\">X\u00e9t nghi\u1ec7m hormon k\u00edch th\u00edch tuy\u1ebfn gi\u00e1p (TSH)<\/td>\n<td width=\"614\">&#8211;\u00a0 \u0110\u1ec3 \u0111o l\u01b0\u1ee3ng hormone k\u00edch th\u00edch tuy\u1ebfn gi\u00e1p c\u00f3 trong m\u00e1u.<br \/>\n&#8211; \u0110\u1ec3 \u0111\u00e1nh gi\u00e1 t\u00ecnh tr\u1ea1ng ho\u1ea1t \u0111\u1ed9ng c\u1ee7a tuy\u1ebfn gi\u00e1p.<br \/>\n&#8211; \u0110\u1ec3 ch\u1ea9n \u0111o\u00e1n c\u00e1c t\u00ecnh tr\u1ea1ng r\u1ed3i lo\u1ea1n ch\u1ee9c n\u0103ng tuy\u1ebfn gi\u00e1p nh\u01b0 c\u01b0\u1eddng gi\u00e1p v\u00e0 suy gi\u00e1p.<br \/>\n&#8211; Gi\u00fap ph\u00e1t hi\u1ec7n s\u1edbm c\u00e1c r\u1ed1i lo\u1ea1n ch\u1ee9c n\u0103ng tuy\u1ebfn gi\u00e1p tr\u01b0\u1edbc khi c\u00f3 nh\u1eefng bi\u1ec3u hi\u1ec7n c\u1ee7a b\u1ec7nh.<\/td>\n<\/tr>\n<tr>\n<td width=\"223\">Free T4<\/td>\n<td width=\"614\">&#8211; \u0110\u1ec3 \u0111\u00e1nh gi\u00e1 ch\u1ee9c n\u0103ng tuy\u1ebfn gi\u00e1p.<br \/>\n&#8211; Gi\u00fap ch\u1ea9n \u0111o\u00e1n b\u1ec7nh l\u00fd tuy\u1ebfn gi\u00e1p.<br \/>\n&#8211; \u0110\u1ec3 theo d\u00f5i s\u1ef1 hi\u1ec7u qu\u1ea3 c\u1ee7a ph\u01b0\u01a1ng ph\u00e1p \u0111i\u1ec1u tr\u1ecb b\u1ec7nh tuy\u1ebfn gi\u00e1p.<\/td>\n<\/tr>\n<tr>\n<td width=\"223\">TRAB (\u0110\u1ecbnh l\u01b0\u1ee3ng t\u1ef1 kh\u00e1ng th\u1ec3 tuy\u1ebfn gi\u00e1p TSH)<\/td>\n<td width=\"614\">&#8211; Gi\u00fap ch\u1ea9n \u0111o\u00e1n t\u00ecnh tr\u1ea1ng t\u1ef1 mi\u1ec5n c\u1ee7a tuy\u1ebfn gi\u00e1p\u00a0 (Grave\u2019s Disease)<br \/>\n&#8211; Gi\u00fap ph\u00e1t hi\u1ec7n s\u1ef1 t\u1ed3n t\u1ea1i c\u1ee7a t\u1ef1 kh\u00e1ng th\u1ec3 li\u00ean quan \u0111\u1ebfn b\u1ec7nh Grave<\/td>\n<\/tr>\n<tr>\n<td width=\"223\"><strong>Ch\u1ea9n \u0111o\u00e1n h\u00ecnh \u1ea3nh<\/strong><\/td>\n<td width=\"614\"><\/td>\n<\/tr>\n<tr>\n<td width=\"223\">Si\u00eau \u00e2m tuy\u1ebfn gi\u00e1p<\/td>\n<td width=\"614\">&#8211; \u0110\u1ec3 ki\u1ec3m tra s\u1ef1 xu\u1ea5t hi\u1ec7n c\u00e1c b\u1ea5t th\u01b0\u1eddng c\u1ee7a tuy\u1ebfn gi\u00e1p nh\u01b0 c\u00e1c u nang, b\u01b0\u1edbu, kh\u1ed1i u<\/td>\n<\/tr>\n<tr>\n<td><strong>Kh\u00e1m\u00a0 &amp; t\u01b0 v\u1ea5n v\u1edbi b\u00e1c s\u0129\u00a0<\/strong><\/td>\n<td width=\"614\"><\/td>\n<\/tr>\n<tr>\n<td width=\"223\">Kh\u00e1m &amp; t\u01b0 v\u1ea5n<\/td>\n<td width=\"614\">&#8211; Kh\u00e1m v\u00e0 t\u01b0 v\u1ea5n, th\u1ef1c hi\u1ec7n c\u00e1c t\u1ea7m so\u00e1t<\/td>\n<\/tr>\n<tr>\n<td colspan=\"2\" width=\"837\"><strong><br \/>\n<\/strong><strong>1. Ch\u1ee9c n\u0103ng ch\u00ednh c\u1ee7a tuy\u1ebfn gi\u00e1p l\u00e0 g\u00ec?<\/strong><br \/>\nTuy\u1ebfn gi\u00e1p l\u00e0 m\u1ed9t tuy\u1ebfn ti\u1ebft quan tr\u1ecdng, c\u00f3 vai tr\u00f2 ch\u00ednh trong qu\u00e1 tr\u00ecnh trao \u0111\u1ed5i ch\u1ea5t, t\u0103ng tr\u01b0\u1edfng v\u00e0 ph\u00e1t tri\u1ec3n c\u1ee7a c\u01a1 th\u1ec3 con ng\u01b0\u1eddi. Gi\u00fap \u0111i\u1ec1u ch\u1ec9nh c\u00e1c ch\u1ee9c n\u0103ng c\u1ee7a c\u01a1 th\u1ec3 b\u1eb1ng c\u00e1ch gi\u1ea3i ph\u00f3ng m\u1ed9t l\u01b0\u1ee3ng \u1ed5n \u0111\u1ecbnh hormone tuy\u1ebfn gi\u00e1p v\u00e0o trong m\u00e1u.<strong>2. T\u1ea1i sao l\u1ea1i c\u1ea7n x\u00e9t nghi\u1ec7m tuy\u1ebfn gi\u00e1p?<\/strong><br \/>\nCh\u1ee9c n\u0103ng ch\u00ednh c\u1ee7a tuy\u1ebfn gi\u00e1p l\u00e0 g\u00ec?<br \/>\nTuy\u1ebfn gi\u00e1p l\u00e0 m\u1ed9t tuy\u1ebfn ti\u1ebft quan tr\u1ecdng, c\u00f3 vai tr\u00f2 ch\u00ednh trong qu\u00e1 tr\u00ecnh trao \u0111\u1ed5i ch\u1ea5t, t\u0103ng tr\u01b0\u1edfng v\u00e0 ph\u00e1t tri\u1ec3n c\u1ee7a c\u01a1 th\u1ec3 con ng\u01b0\u1eddi. Gi\u00fap \u0111i\u1ec1u ch\u1ec9nh c\u00e1c ch\u1ee9c n\u0103ng c\u1ee7a c\u01a1 th\u1ec3 b\u1eb1ng c\u00e1ch gi\u1ea3i ph\u00f3ng m\u1ed9t l\u01b0\u1ee3ng \u1ed5n \u0111\u1ecbnh hormone tuy\u1ebfn gi\u00e1p v\u00e0o trong m\u00e1u.<strong>3. T\u1ea1i sao l\u1ea1i c\u1ea7n x\u00e9t nghi\u1ec7m tuy\u1ebfn gi\u00e1p?<\/strong><br \/>\nTuy\u1ebfn gi\u00e1p \u0111\u00f3ng vai tr\u00f2 s\u1ea3n xu\u1ea5t ra c\u00e1c n\u1ed9i ti\u1ebft t\u1ed1 c\u1ea7n thi\u1ebft cho vi\u1ec7c trao \u0111\u1ed5i ch\u1ea5t c\u1ee7a c\u01a1 th\u1ec3. Vi\u1ec7c x\u00e9t nghi\u1ec7m tuy\u1ebfn gi\u00e1p qua m\u00e1u gi\u00fap x\u00e1c \u0111\u1ecbnh l\u01b0\u1ee3ng n\u1ed9i ti\u1ebft t\u1ed1 trong m\u00e1u c\u00f3 \u1edf m\u1ee9c \u1ed5n \u0111\u1ecbnh hay kh\u00f4ng. X\u00e9t nghi\u1ec7m m\u00e1u gi\u00fap cho vi\u1ec7c \u0111\u00e1nh gi\u00e1 t\u00ecnh tr\u1ea1ng c\u1ee7a ch\u1ee9c n\u0103ng tuy\u1ebfn gi\u00e1p b\u00ecnh th\u01b0\u1eddng, t\u0103ng hay suy gi\u1ea3m ho\u1ea1t \u0111\u1ed9ng.<\/td>\n<\/tr>\n<\/tbody>\n<\/table>\n","protected":false},"excerpt":{"rendered":"<p>Ung th\u01b0 tuy\u1ebfn gi\u00e1p \u0111ang \u0111\u01b0\u1ee3c coi l\u00e0 \u201cc\u01a1n d\u1ecbch\u201d kh\u00f4ng ph\u1ea3i do l\u00e2y lan m\u00e0 v\u00ec ng\u00e0y c\u00e0ng nhi\u1ec1u ng\u01b0\u1eddi m\u1eafc b\u1ec7nh \u0111\u01b0\u1ee3c ph\u00e1t hi\u1ec7n s\u1edbm. Ung th\u01b0 tuy\u1ebfn gi\u00e1p l\u00e0 b\u1ec7nh kh\u00e1 ph\u1ed5 bi\u1ebfn v\u00e0 nguy hi\u1ec3m. Nh\u01b0ng n\u1ebfu b\u1ec7nh \u0111\u01b0\u1ee3c ph\u00e1t hi\u1ec7n s\u1edbm, b\u1ec7nh c\u00f3 th\u1ec3 \u0111i\u1ec1u tr\u1ecb kh\u1ecfi ho\u00e0n to\u00e0n.<\/p>\n","protected":false},"featured_media":23670,"template":"","meta":[],"product_brand":[],"product_cat":[1864],"product_tag":[1808,1883],"class_list":{"0":"post-10364","1":"product","2":"type-product","3":"status-publish","4":"has-post-thumbnail","6":"product_cat-goi-kham-tam-soat-ung-thu","7":"product_tag-sieu-uu-dai-kham-gio-vang","8":"product_tag-tamsoatut1399k","10":"first","11":"instock","12":"shipping-taxable","13":"purchasable","14":"product-type-variable"},"_links":{"self":[{"href":"https:\/\/victoriavn.com\/khamtongquat\/wp-json\/wp\/v2\/product\/10364","targetHints":{"allow":["GET"]}}],"collection":[{"href":"https:\/\/victoriavn.com\/khamtongquat\/wp-json\/wp\/v2\/product"}],"about":[{"href":"https:\/\/victoriavn.com\/khamtongquat\/wp-json\/wp\/v2\/types\/product"}],"wp:featuredmedia":[{"embeddable":true,"href":"https:\/\/victoriavn.com\/khamtongquat\/wp-json\/wp\/v2\/media\/23670"}],"wp:attachment":[{"href":"https:\/\/victoriavn.com\/khamtongquat\/wp-json\/wp\/v2\/media?parent=10364"}],"wp:term":[{"taxonomy":"product_brand","embeddable":true,"href":"https:\/\/victoriavn.com\/khamtongquat\/wp-json\/wp\/v2\/product_brand?post=10364"},{"taxonomy":"product_cat","embeddable":true,"href":"https:\/\/victoriavn.com\/khamtongquat\/wp-json\/wp\/v2\/product_cat?post=10364"},{"taxonomy":"product_tag","embeddable":true,"href":"https:\/\/victoriavn.com\/khamtongquat\/wp-json\/wp\/v2\/product_tag?post=10364"}],"curies":[{"name":"wp","href":"https:\/\/api.w.org\/{rel}","templated":true}]}}