{"id":10362,"date":"2020-05-11T14:32:51","date_gmt":"2020-05-11T07:32:51","guid":{"rendered":"https:\/\/www.victoriavn.com\/khamtongquat\/?post_type=product&#038;p=10362"},"modified":"2025-12-15T16:24:19","modified_gmt":"2025-12-15T09:24:19","slug":"goi-cham-soc-phu-khoa-toan-dien","status":"publish","type":"product","link":"https:\/\/victoriavn.com\/khamtongquat\/san-pham\/goi-cham-soc-phu-khoa-toan-dien\/","title":{"rendered":"G\u00f3i Ch\u0103m S\u00f3c Ph\u1ee5 Khoa To\u00e0n Di\u1ec7n"},"content":{"rendered":"<table width=\"837\">\n<tbody>\n<tr>\n<td width=\"223\"><strong>\u0110i\u1ec1u d\u01b0\u1ee1ng ki\u1ec3m tra<\/strong><\/td>\n<td width=\"614\"><\/td>\n<\/tr>\n<tr>\n<td width=\"223\">\u0110o ch\u1ec9 s\u1ed1 sinh hi\u1ec7u<\/td>\n<td width=\"614\">Ki\u1ec3m tra c\u00e1c ch\u1ec9 s\u1ed1 s\u1ee9c kh\u1ecfe t\u1ed5ng qu\u00e1t : \u0110o ch\u1ec9 s\u1ed1 chi\u1ec1u cao, c\u00e2n n\u1eb7ng, th\u00e2n nhi\u1ec7t, m\u1ea1ch v\u00e0 huy\u1ebft \u00e1p.<\/td>\n<\/tr>\n<tr>\n<td width=\"223\"><strong>X\u00e9t nghi\u1ec7m<\/strong><\/td>\n<td width=\"614\"><\/td>\n<\/tr>\n<tr>\n<td width=\"223\">Soi t\u01b0\u01a1i huy\u1ebft tr\u1eafng (x\u00e9t nghi\u1ec7m b\u1ec7nh vi\u00eam \u00e2m \u0111\u1ea1o)<\/td>\n<td width=\"614\">Huy\u1ebft tr\u1eafng \u0111\u01b0\u1ee3c l\u1ea5y m\u1eabu v\u00e0 xem tr\u1ef1c ti\u1ebfp v\u1edbi k\u00ednh hi\u1ec3n vi, \u0111\u1ec3 \u0111\u00e1nh gi\u00e1 c\u00e1c y\u1ebfu t\u1ed1 v\u00e0 t\u00ecm ra nguy\u00ean nh\u00e2n g\u00e2y vi\u00eam \u00e2m \u0111\u1ea1o<\/td>\n<\/tr>\n<tr>\n<td width=\"223\">Ph\u1ebft t\u1ebf b\u00e0o ung th\u01b0 c\u1ed5 t\u1eed cung b\u1eb1ng ph\u01b0\u01a1ng ph\u00e1p nh\u00fang d\u1ecbch<\/td>\n<td width=\"614\">T\u1ebf b\u00e0o b\u1ec1 m\u1eb7t c\u1ed5 t\u1eed cung \u0111\u01b0\u1ee3c l\u1ea5y b\u1eb1ng d\u1ee5ng c\u1ee5 chuy\u00ean bi\u1ec7t, x\u1eed l\u00fd m\u1eabu v\u00e0 \u0111\u1ecdc tr\u1ef1c ti\u1ebfp d\u01b0\u1edbi k\u00ednh hi\u1ec3n vi nh\u1eb1m t\u00ecm ra c\u00e1c thay \u0111\u1ed5i b\u1ea5t th\u01b0\u1eddng giai \u0111o\u1ea1n ti\u1ec1n ung th\u01b0<\/td>\n<\/tr>\n<tr>\n<td width=\"223\">X\u00e9t nghi\u1ec7m HPV 40 Serotypes<\/td>\n<td width=\"614\">Virus HPV l\u00e0 nguy\u00ean nh\u00e2n ch\u00ednh g\u00e2y n\u00ean 99% c\u00e1c tr\u01b0\u1eddng h\u1ee3p ung th\u01b0 c\u1ed5 t\u1eed cung, do \u0111\u00f3 vi\u1ec7c t\u00ecm ra virus l\u00e0m t\u0103ng \u0111\u1ed9 tin c\u1eady c\u1ee7a c\u00e1c x\u00e9t nghi\u1ec7m c\u0169ng nh\u01b0 gi\u1ea3m s\u1ed1 l\u1ea7n th\u0103m kh\u00e1m t\u1ea7m so\u00e1t c\u1ee7a kh\u00e1ch h\u00e0ng<\/td>\n<\/tr>\n<tr>\n<td width=\"223\"><strong>Ch\u1ea9n \u0111o\u00e1n h\u00ecnh \u1ea3nh<\/strong><\/td>\n<td width=\"614\"><\/td>\n<\/tr>\n<tr>\n<td>Si\u00eau \u00e2m ph\u1ee5 khoa<\/td>\n<td width=\"614\">\u0110\u00e1nh gi\u00e1 h\u00ecnh \u1ea3nh h\u1ecdc c\u01a1 quan ph\u1ee5 khoa: t\u1eed cung, bu\u1ed3ng tr\u1ee9ng, \u0111\u1ed3ng th\u1eddi t\u00ecm ra c\u00e1c b\u1ea5t th\u01b0\u1eddng n\u1ebfu c\u00f3 nh\u01b0 : u x\u01a1 t\u1eed cung, u nang bu\u1ed3ng tr\u1ee9ng<\/td>\n<\/tr>\n<tr>\n<td><strong>Kh\u00e1m\u00a0 &amp; t\u01b0 v\u1ea5n v\u1edbi b\u00e1c s\u0129 ph\u1ee5 khoa<\/strong><\/td>\n<td width=\"614\"><\/td>\n<\/tr>\n<tr>\n<td width=\"223\">Kh\u00e1m ph\u1ee5 khoa<\/td>\n<td width=\"614\">Kh\u00e1m v\u00e0 t\u01b0 v\u1ea5n l\u1ef1a ch\u1ecdn c\u00e1c x\u00e9t nghi\u1ec7m ph\u00f9 h\u1ee3p v\u1edbi t\u1eebng c\u00e1 nh\u00e2n<\/td>\n<\/tr>\n<\/tbody>\n<\/table>\n<p><strong>Nh\u1eefng th\u00f4ng tin c\u1ea7n bi\u1ebft<\/strong><\/p>\n<p><strong>1. X\u00e9t nghi\u1ec7m soi t\u01b0\u01a1i huy\u1ebft tr\u1eafng \u0111\u1ec3 ki\u1ec3m tra b\u1ec7nh t\u00ecnh d\u1ee5c?<\/strong><br \/>\n&#8211; Trong kh\u00e1m ph\u1ee5 khoa, x\u00e9t nghi\u1ec7m soi t\u01b0\u01a1i huy\u1ebft tr\u1eafng \u0111\u01b0\u1ee3c l\u1ea5y t\u1eeb d\u1ecbch ph\u1ebft \u00e2m \u0111\u1ea1o. C\u00f2n \u0111\u01b0\u1ee3c g\u1ecdi l\u00e0 ph\u1ebft t\u1ebf b\u00e0o \u00e2m \u0111\u1ea1o. X\u00e9t nghi\u1ec7m soi t\u01b0\u01a1i huy\u1ebft tr\u1eafng \u00e2m \u0111\u1ea1o kh\u00f4ng \u0111\u01b0\u1ee3c ch\u1ec9 \u0111\u1ecbnh trong ch\u1ea9n \u0111o\u00e1n c\u00e1c b\u1ec7nh l\u00e2y lan qua \u0111\u01b0\u1eddng t\u00ecnh d\u1ee5c nh\u01b0 b\u1ec7nh l\u1eadu v\u00e0 giang mai.\u00a0 Tuy nhi\u00ean, k\u1ef9 thu\u1eadt n\u00e0y gi\u00fap cho b\u00e1c s\u0129 c\u00f3 c\u00e1i nh\u00ecn r\u00f5 h\u01a1n v\u1ec1 t\u00ecnh tr\u1ea1ng s\u1ee9c kh\u1ecfe sinh s\u1ea3n c\u1ee7a b\u1ea1n.<\/p>\n<p><strong>2. C\u00f3 c\u1ea7n thi\u1ebft th\u1ef1c hi\u1ec7n x\u00e9t nghi\u1ec7m Ph\u1ebft t\u1ebf b\u00e0o ung th\u01b0 c\u1ed5 t\u1eed cung\u00a0 (Pap smear)?<\/strong><br \/>\n&#8211; Pap smear \u0111\u01b0\u1ee3c th\u1ef1c hi\u1ec7n b\u1eb1ng vi\u1ec7c ki\u1ec3m tra c\u00e1c t\u1ebf b\u00e0o \u1edf khu v\u1ef1c c\u1ed5 t\u1eed cung, \u0111\u01b0\u1ee3c ch\u1ec9 \u0111\u1ecbnh \u0111\u1ec3 t\u1ea7m so\u00e1t c\u00e1c t\u1ebf b\u00e0o b\u1ea5t th\u01b0\u1eddng c\u00f3 th\u1ec3 g\u00e2y n\u00ean b\u1ec7nh ung th\u01b0 c\u1ed5 t\u1eed cung. \u0110\u1ed9 tu\u1ed5i c\u1ea7n thi\u1ebft cho ph\u1ee5 n\u1eef \u0111\u1ec3 l\u00e0m pap smear l\u00e0 t\u1eeb 21 \u0111\u1ebfn 69 tu\u1ed5i, nh\u01b0ng \u0111\u1ed1i v\u1edbi tr\u1ebb em \u1edf \u0111\u1ed9 tu\u1ed5i v\u1ecb th\u00e0nh ni\u00ean ho\u1eb7c ph\u1ee5 n\u1eef l\u1edbn h\u01a1n tu\u1ed5i 69 l\u00e0 kh\u00f4ng c\u00e2n thi\u1ebft.<\/p>\n<p><strong>3. B\u1ea1n c\u00f3 c\u1ea7n kh\u00e1m c\u1ed5 t\u1eed cung n\u1ebfu nh\u01b0 kh\u00f4ng c\u00f3 ho\u1ea1t \u0111\u1ed9ng t\u00ecnh d\u1ee5c?<\/strong><br \/>\n&#8211; Kh\u00e1m c\u1ed5 t\u1eed cung v\u00e0 th\u1ef1c hi\u1ec7n Pap smear kh\u00f4ng c\u1ea7n thi\u1ebft \u1edf nh\u1eefng c\u00f4 g\u00e1i kh\u1ecfe m\u1ea1nh, v\u1ecb th\u00e0nh ni\u00ean kh\u00f4ng ho\u1ea1t \u0111\u1ed9ng t\u00ecnh d\u1ee5c v\u00e0 kh\u00f4ng c\u00f3 tri\u1ec7u ch\u1ee9ng li\u00ean quan \u0111\u1ebfn c\u00e1c b\u1ec7nh l\u00fd ph\u1ee5 khoa .<\/p>\n<p><strong>4. B\u1ec7nh HPV c\u00f3 ph\u1ea3i b\u1ec7nh l\u00e2y qua \u0111\u01b0\u1eddng t\u00ecnh d\u1ee5c?<\/strong><br \/>\n&#8211; HPV l\u00e0 b\u1ec7nh l\u00e2y qua \u0111\u01b0\u1eddng t\u00ecnh d\u1ee5c (Sexually transmitted infection &#8211; STI) ph\u1ed5 bi\u1ebfn nh\u1ea5t; l\u00e0 lo\u1ea1i si\u00eau vi kh\u00e1c v\u1edbi HIV v\u00e0 HSV (b\u1ec7nh m\u1ee5n r\u1ed9p) . C\u00f3 nhi\u1ec1u lo\u1ea1i HPV kh\u00e1c nhau. M\u1ed9t s\u1ed1 lo\u1ea1i c\u00f3 th\u1ec3 g\u00e2y ra nh\u1eefng v\u1ea5n \u0111\u1ec1 v\u1ec1 s\u1ee9c kh\u1ecfe nh\u01b0 m\u1ee5n sinh d\u1ee5c v\u00e0 ung th\u01b0.<\/p>\n<p><strong>5. HPV c\u00f3 d\u1ec5 l\u00e2y kh\u00f4ng?<\/strong><br \/>\n&#8211; HPV r\u1ea5t\u00a0 d\u1ec5 l\u00e2y lan th\u00f4ng qua c\u00e1c ti\u1ebfp x\u00fac g\u1ea7n g\u0169i, bao g\u1ed3m quan h\u1ec7 t\u00ecnh d\u1ee5c. HPV r\u1ea5t ph\u1ed5 bi\u1ebfn \u0111\u1ebfn n\u1ed7i g\u1ea7n nh\u01b0 t\u1ea5t c\u1ea3 nh\u1eefng ng\u01b0\u1eddi c\u00f3 quan h\u1ec7 t\u00ecnh d\u1ee5c \u0111\u1ec1u nhi\u1ec5m b\u1ec7nh n\u00e0y t\u1ea1i m\u1ed9t th\u1eddi \u0111i\u1ec3m n\u00e0o \u0111\u00f3 trong \u0111\u1eddi.<\/p>\n","protected":false},"excerpt":{"rendered":"<p>Kh\u00e1m ph\u1ee5 khoa h\u00e0ng n\u0103m l\u00e0 m\u1ed9t trong nh\u1eefng c\u00e1ch quan tr\u1ecdng nh\u1ea5t \u0111\u1ec3 ph\u1ee5 n\u1eef \u0111\u01b0\u1ee3c ki\u1ec3m tra ph\u00f2ng ng\u1eeba v\u00e0 hi\u1ec3u bi\u1ebft h\u01a1n c\u00e1ch ch\u0103m s\u00f3c s\u1ee9c kh\u1ecfe d\u00e0nh ri\u00eang cho ch\u1ecb em ph\u1ee5 n\u1eef.<\/p>\n","protected":false},"featured_media":23656,"template":"","meta":[],"product_brand":[],"product_cat":[1710,1810],"product_tag":[1808,1878],"class_list":{"0":"post-10362","1":"product","2":"type-product","3":"status-publish","4":"has-post-thumbnail","6":"product_cat-suc-khoe-phu-nu","7":"product_cat-goi-kham-tong-quat-duoc-lua-chon-nhieu-nhat-tai-victoria-healthcare","8":"product_tag-sieu-uu-dai-kham-gio-vang","9":"product_tag-tuan-le-suc-khoe-cua-toi","11":"first","12":"instock","13":"shipping-taxable","14":"purchasable","15":"product-type-variable"},"_links":{"self":[{"href":"https:\/\/victoriavn.com\/khamtongquat\/wp-json\/wp\/v2\/product\/10362","targetHints":{"allow":["GET"]}}],"collection":[{"href":"https:\/\/victoriavn.com\/khamtongquat\/wp-json\/wp\/v2\/product"}],"about":[{"href":"https:\/\/victoriavn.com\/khamtongquat\/wp-json\/wp\/v2\/types\/product"}],"wp:featuredmedia":[{"embeddable":true,"href":"https:\/\/victoriavn.com\/khamtongquat\/wp-json\/wp\/v2\/media\/23656"}],"wp:attachment":[{"href":"https:\/\/victoriavn.com\/khamtongquat\/wp-json\/wp\/v2\/media?parent=10362"}],"wp:term":[{"taxonomy":"product_brand","embeddable":true,"href":"https:\/\/victoriavn.com\/khamtongquat\/wp-json\/wp\/v2\/product_brand?post=10362"},{"taxonomy":"product_cat","embeddable":true,"href":"https:\/\/victoriavn.com\/khamtongquat\/wp-json\/wp\/v2\/product_cat?post=10362"},{"taxonomy":"product_tag","embeddable":true,"href":"https:\/\/victoriavn.com\/khamtongquat\/wp-json\/wp\/v2\/product_tag?post=10362"}],"curies":[{"name":"wp","href":"https:\/\/api.w.org\/{rel}","templated":true}]}}