{"id":10357,"date":"2020-05-11T14:01:13","date_gmt":"2020-05-11T07:01:13","guid":{"rendered":"https:\/\/www.victoriavn.com\/khamtongquat\/?post_type=product&#038;p=10357"},"modified":"2026-01-13T11:07:03","modified_gmt":"2026-01-13T04:07:03","slug":"goi-kham-tong-quat-tieu-chuan","status":"publish","type":"product","link":"https:\/\/victoriavn.com\/khamtongquat\/san-pham\/goi-kham-tong-quat-tieu-chuan\/","title":{"rendered":"G\u00f3i Kh\u00e1m T\u1ed5ng Qu\u00e1t Ti\u00eau Chu\u1ea9n"},"content":{"rendered":"<table>\n<tbody>\n<tr>\n<td><b>Danh m\u1ee5c<\/b><\/td>\n<td><b>M\u00f4 t\u1ea3<\/b><\/td>\n<\/tr>\n<tr>\n<td colspan=\"2\"><b>\u0110o ch\u1ec9 s\u1ed1 sinh hi\u1ec7u<\/b><\/td>\n<\/tr>\n<tr>\n<td><span style=\"font-weight: 400;\">Chi\u1ec1u cao, c\u00e2n n\u1eb7ng, th\u00e2n nhi\u1ec7t, m\u1ea1ch v\u00e0 huy\u1ebft \u00e1p<\/span><\/td>\n<td><span style=\"font-weight: 400;\">Gi\u00fap ph\u00e1t hi\u1ec7n c\u00e1c v\u1ea5n \u0111\u1ec1 b\u1ec7nh l\u00fd ti\u1ec1m \u1ea9n v\u00e0 \u0111\u1ec3 ch\u1ec9 \u0111\u1ecbnh thu\u1ed1c \u0111\u00fang li\u1ec1u l\u01b0\u1ee3ng<\/span><\/td>\n<\/tr>\n<tr>\n<td><span style=\"font-weight: 400;\">Ki\u1ec3m tra th\u1ecb l\u1ef1c<\/span><\/td>\n<td><span style=\"font-weight: 400;\">T\u1ea7m so\u00e1t v\u00e0 ph\u00e1t hi\u1ec7n s\u1edbm c\u00e1c v\u1ea5n \u0111\u1ec1 v\u1ec1 th\u1ecb gi\u00e1c<\/span><\/td>\n<\/tr>\n<tr>\n<td><b>B\u00e1c s\u0129 kh\u00e1m v\u00e0 t\u01b0 v\u1ea5n<\/b><\/td>\n<td><\/td>\n<\/tr>\n<tr>\n<td><span style=\"font-weight: 400;\">B\u00e1c s\u0129 N\u1ed9i t\u1ed5ng qu\u00e1t<\/span><\/td>\n<td><span style=\"font-weight: 400;\">&#8211;<\/span><span style=\"font-weight: 400;\"> Kh\u00e1m th\u1ef1c th\u1ec3 trong \u0111\u00f3 b\u00e1c s\u0129 ki\u1ec3m tra, c\u1ea3m nh\u1eadn ho\u1eb7c l\u1eafng nghe c\u00e1c b\u1ed9 ph\u1eadn tr\u00ean c\u01a1 th\u1ec3 b\u1ea1n.<\/span><\/p>\n<p><span style=\"font-weight: 400;\">&#8211; BMI (Ch\u1ec9 s\u1ed1 kh\u1ed1i c\u1ee7a c\u01a1 th\u1ec3): \u0111\u1ec3 ch\u1ea9n \u0111o\u00e1n th\u1eeba c\u00e2n v\u00e0 b\u00e9o ph\u00ec, \u0111\u00e1nh gi\u00e1 m\u1ed1i quan h\u1ec7 gi\u1eefa tr\u1ecdng l\u01b0\u1ee3ng c\u01a1 th\u1ec3 v\u00e0 chi\u1ec1u cao.<\/span><\/p>\n<p><span style=\"font-weight: 400;\">&#8211; Ki\u1ec3m tra, \u0111\u00e1nh gi\u00e1 b\u1ec7nh s\u1eed c\u00e1 nh\u00e2n v\u00e0 gia \u0111\u00ecnh.<\/span><\/p>\n<p><span style=\"font-weight: 400;\">&#8211; \u0110\u00e1nh gi\u00e1 nguy c\u01a1 s\u1ee9c kh\u1ecfe ti\u1ec1m \u1ea9n<\/span><\/p>\n<p><span style=\"font-weight: 400;\">&#8211; T\u01b0 v\u1ea5n \u0111i\u1ec1u ch\u1ec9nh l\u1ed1i s\u1ed1ng, th\u00f3i quen sinh ho\u1ea1t gi\u00fap n\u00e2ng cao th\u1ec3 l\u1ef1c v\u00e0 ph\u00f2ng ng\u1eeba b\u1ec7nh.<\/span><\/p>\n<p><span style=\"font-weight: 400;\">&#8211; T\u01b0 v\u1ea5n ti\u00eam ch\u1ee7ng, ch\u0103m s\u00f3c ph\u00f2ng ng\u1eeba.<\/span><\/td>\n<\/tr>\n<tr>\n<td><span style=\"font-weight: 400;\">B\u00e1c s\u0129 Nha khoa<\/span><\/td>\n<td rowspan=\"3\"><span style=\"font-weight: 400;\">&#8211; <\/span><span style=\"font-weight: 400;\">Kh\u00e1m c\u00f9ng c\u00e1c b\u00e1c s\u0129 chuy\u00ean khoa \u0111\u1ec3 \u0111\u01b0\u1ee3c ch\u1ea9n \u0111o\u00e1n &amp; ph\u00e1t hi\u1ec7n s\u1edbm c\u00e1c b\u1ec7nh l\u00fd v\u1ec1 Nha, M\u1eaft, TMH.<\/span><\/p>\n<p><span style=\"font-weight: 400;\">&#8211; H\u01b0\u1edbng d\u1eabn c\u00e1ch ch\u0103m s\u00f3c t\u1ea1i nh\u00e0 \u0111\u1ec3 ng\u0103n ng\u1eeba c\u00e1c b\u1ec7nh l\u00fd.<\/span><\/p>\n<p><span style=\"font-weight: 400;\">&#8211; T\u01b0 v\u1ea5n c\u00e1c d\u1ea5u hi\u1ec7u c\u1ea7n l\u01b0u \u00fd khi n\u00e0o n\u00ean \u0111\u1ebfn g\u1eb7p b\u00e1c s\u0129.<\/span><\/td>\n<\/tr>\n<tr>\n<td><span style=\"font-weight: 400;\">B\u00e1c s\u0129 M\u1eaft<\/span><\/td>\n<\/tr>\n<tr>\n<td><span style=\"font-weight: 400;\">B\u00e1c s\u0129 Tai-M\u0169i-H\u1ecdng<\/span><\/td>\n<\/tr>\n<tr>\n<td colspan=\"2\"><b>X\u00e9t nghi\u1ec7m\u00a0<\/b><\/td>\n<\/tr>\n<tr>\n<td><span style=\"font-weight: 400;\">C\u00f4ng th\u1ee9c m\u00e1u<\/span><\/td>\n<td><span style=\"font-weight: 400;\">\u0110\u00e1nh gi\u00e1 t\u1ed5ng quan s\u1ee9c kh\u1ecfe v\u00e0 \u0111\u1ec3 ph\u00e1t hi\u1ec7n c\u00e1c r\u1ed1i lo\u1ea1n b\u1ec7nh thi\u1ebfu m\u00e1u hay b\u1ec7nh b\u1ea1ch c\u1ea7u<\/span><\/td>\n<\/tr>\n<tr>\n<td><span style=\"font-weight: 400;\">\u0110\u01b0\u1eddng huy\u1ebft l\u00fac \u0111\u00f3i<\/span><\/td>\n<td><span style=\"font-weight: 400;\">\u2013 \u0110\u1ec3 ki\u1ec3m tra m\u1ee9c \u0111\u01b0\u1eddng huy\u1ebft c\u00f3 trong ng\u01b0\u1ee1ng \u1ed5n \u0111\u1ecbnh hay kh\u00f4ng<\/span><\/p>\n<p><span style=\"font-weight: 400;\">\u2013 \u0110\u1ec3 t\u1ea7m so\u00e1t, ch\u1ea9n \u0111o\u00e1n v\u00e0 theo d\u00f5i b\u1ec7nh \u0111\u00e1i th\u00e1o \u0111\u01b0\u1eddng<\/span><\/td>\n<\/tr>\n<tr>\n<td><span style=\"font-weight: 400;\">B\u1ed9 m\u1ee1 (Cholesterol, Triglycerides, HDL, LDL, <\/span><span style=\"font-weight: 400;\">Non HDL<\/span><span style=\"font-weight: 400;\">)<\/span><\/td>\n<td><span style=\"font-weight: 400;\">\u2013 \u0110\u1ec3 \u0111o l\u01b0\u1ee3ng m\u1ee1 \u201ct\u1ed1t\u201d v\u00e0 m\u1ee1 \u201cx\u1ea5u\u201d c\u00f3 trong m\u00e1u<\/span><\/p>\n<p><span style=\"font-weight: 400;\">\u2013 \u0110\u1ec3 t\u1ea7m so\u00e1t v\u00e0 ch\u1ea9n \u0111o\u00e1n c\u00e1c b\u1ec7nh l\u00fd nh\u01b0 b\u1ec7nh l\u00fd v\u1ec1 tim m\u1ea1ch, \u0111\u1ed9t qu\u1ef5, x\u01a1 v\u1eefa \u0111\u1ed9ng m\u1ea1ch ho\u1eb7c x\u01a1 c\u1ee9ng \u0111\u1ed9ng m\u1ea1ch.<\/span><\/td>\n<\/tr>\n<tr>\n<td><span style=\"font-weight: 400;\">Ch\u1ee9c n\u0103ng th\u1eadn (Creatinin, <\/span><span style=\"font-weight: 400;\">eGFR &#8211; \u0111\u1ed9 l\u1ecdc c\u1ea7u th\u1eadn)<\/span><\/td>\n<td><span style=\"font-weight: 400;\">\u2013 \u0110\u1ec3 ki\u1ec3m tra t\u00ecnh tr\u1ea1ng ho\u1ea1t \u0111\u1ed9ng c\u1ee7a th\u1eadn. M\u1ee9c creatinine trong m\u00e1u cao cho th\u1ea5y th\u1eadn b\u1ecb t\u1ed5n th\u01b0\u01a1ng v\u00e0 ho\u1ea1t \u0111\u1ed9ng kh\u00f4ng \u0111\u00fang<\/span><\/td>\n<\/tr>\n<tr>\n<td><span style=\"font-weight: 400;\">Ch\u1ee9c n\u0103ng gan (AST, ALT, GGT)<\/span><\/td>\n<td><span style=\"font-weight: 400;\">\u2013 Gi\u00fap x\u00e1c \u0111\u1ecbnh s\u1ee9c kh\u1ecfe c\u1ee7a gan b\u1eb1ng c\u00e1ch \u0111o n\u1ed3ng \u0111\u1ed9 men gan trong m\u00e1u.<\/span><\/p>\n<p><span style=\"font-weight: 400;\">\u2013 \u0110\u1ec3 ch\u1ea9n \u0111o\u00e1n v\u00e0 theo d\u00f5i c\u00e1c v\u1ea5n \u0111\u1ec1 v\u1ec1 gan \u0111\u1eb7c bi\u1ec7t li\u00ean quan \u0111\u1ebfn vi\u1ec7c s\u1eed d\u1ee5ng th\u1ee9c u\u1ed1ng c\u00f3 c\u1ed3n<\/span><\/td>\n<\/tr>\n<tr>\n<td><span style=\"font-weight: 400;\">T\u1ed5ng ph\u00e2n t\u00edch n\u01b0\u1edbc ti\u1ec3u<\/span><\/td>\n<td><span style=\"font-weight: 400;\">\u2013 X\u00e9t nghi\u1ec7m n\u01b0\u1edbc ti\u1ec3u th\u1ef1c hi\u1ec7n \u0111\u1ec3 t\u00ecm ra c\u00e1c b\u1ea5t th\u01b0\u1eddng m\u1ed9t l\u01b0\u1ee3ng d\u01b0 th\u1eeba protein, m\u00e1u, vi khu\u1ea9n v\u00e0 \u0111\u01b0\u1eddng.<\/span><\/p>\n<p><span style=\"font-weight: 400;\">\u2013 C\u00f3 th\u1ec3 gi\u00fap ph\u00e1t hi\u1ec7n m\u1ed9t lo\u1ea1t c\u00e1c r\u1ed1i lo\u1ea1n v\u1ec1 th\u1eadn v\u00e0 \u0111\u01b0\u1eddng ti\u1ebft ni\u1ec7u, bao g\u1ed3m b\u1ec7nh th\u1eadn m\u00e3n t\u00ednh, ti\u1ec3u \u0111\u01b0\u1eddng, nhi\u1ec5m tr\u00f9ng b\u00e0ng quang v\u00e0 s\u1ecfi th\u1eadn<\/span><\/td>\n<\/tr>\n<tr>\n<td><span style=\"font-weight: 400;\">URIC ACID<\/span><\/td>\n<td><span style=\"font-weight: 400;\">\u2013 \u0110\u1ec3 \u0111o l\u01b0\u1ee3ng axit uric c\u00f3 trong m\u00e1u ho\u1eb7c trong n\u01b0\u1edbc ti\u1ec3u\u00a0<\/span><\/p>\n<p><span style=\"font-weight: 400;\">\u2013 Gi\u00fap ch\u1ea9n \u0111o\u00e1n b\u1ec7nh g\u00fat<\/span><\/p>\n<p><span style=\"font-weight: 400;\">\u2013 Gi\u00fap t\u00ecm ra nguy\u00ean nh\u00e2n th\u01b0\u1eddng g\u00e2y s\u1ecfi th\u1eadn<\/span><\/td>\n<\/tr>\n<tr>\n<td><span style=\"font-weight: 400;\">Kh\u00e1ng nguy\u00ean vi\u00eam gan si\u00eau vi B (HbsAg)<\/span><\/td>\n<td><span style=\"font-weight: 400;\">\u0110\u1ec3 ph\u00e1t hi\u1ec7n s\u1ef1 c\u00f3 m\u1eb7t c\u1ee7a virus Vi\u00eam gan B trong m\u00e1u c\u1ee7a b\u1ea1n (\u0111\u01b0\u1ee3c g\u1ecdi l\u00e0 kh\u00e1ng nguy\u00ean b\u1ec1 m\u1eb7t).<\/span><\/td>\n<\/tr>\n<tr>\n<td colspan=\"2\"><b>Ch\u1ea9n \u0111o\u00e1n h\u00ecnh \u1ea3nh<\/b><\/td>\n<\/tr>\n<tr>\n<td><span style=\"font-weight: 400;\">\u0110o \u0111i\u1ec7n t\u00e2m \u0111\u1ed3 ECG<\/span><\/td>\n<td><span style=\"font-weight: 400;\">\u2013 \u0110o ho\u1ea1t \u0111\u1ed9ng \u0111i\u1ec7n c\u1ee7a tim cho th\u1ea5y tim c\u00f3 ho\u1ea1t \u0111\u1ed9ng b\u00ecnh th\u01b0\u1eddng hay kh\u00f4ng.<\/span><\/td>\n<\/tr>\n<tr>\n<td><span style=\"font-weight: 400;\">Si\u00eau \u00e2m b\u1ee5ng t\u1ed5ng qu\u00e1t<\/span><\/td>\n<td><span style=\"font-weight: 400;\">\u2013 \u0110\u1ec3 ki\u1ec3m tra c\u00e1c c\u01a1 quan ch\u00ednh trong khoang b\u1ee5ng, bao g\u1ed3m t\u00fai m\u1eadt, th\u1eadn, gan, tuy\u1ebfn t\u1ee5y v\u00e0 l\u00e1 l\u00e1ch.<\/span><\/p>\n<p><span style=\"font-weight: 400;\">\u2013 \u0110\u1ec3 ch\u1ea9n \u0111o\u00e1n c\u00e1c b\u1ec7nh nh\u01b0 b\u1ec7nh gan, s\u1ecfi th\u1eadn, s\u1ecfi m\u1eadt, c\u00e1c t\u00ecnh tr\u1ea1ng vi\u00eam nhi\u1ec5m nh\u01b0 vi\u00eam ru\u1ed9t th\u1eeba v\u00e0 vi\u00eam t\u1ee5y, ph\u00ecnh b\u1ee5ng nh\u01b0 kh\u1ed1i u, tho\u00e1t v\u1ecb v\u00e0 ung th\u01b0<\/span><\/td>\n<\/tr>\n<tr>\n<td><span style=\"font-weight: 400;\">Ch\u1ee5p X-Quang ph\u1ed5i<\/span><\/td>\n<td><span style=\"font-weight: 400;\">\u2013 \u0110\u1ec3 ki\u1ec3m tra t\u00ecnh tr\u1ea1ng ph\u1ed5i, c\u00f3 kh\u1ea3 n\u0103ng gi\u00fap ph\u00e1t hi\u1ec7n ung th\u01b0, nhi\u1ec5m tr\u00f9ng ho\u1eb7c t\u1ee5 kh\u00ed trong khoan m\u00e0ng ph\u1ed5i (tr\u00e0n kh\u00ed m\u00e0ng ph\u1ed5i); c\u00f3 th\u1ec3 cho th\u1ea5y c\u00e1c t\u00ecnh tr\u1ea1ng ph\u1ed5i m\u00e3n t\u00ednh, nh\u01b0 kh\u00ed ph\u1ebf th\u0169ng ho\u1eb7c x\u01a1 nang, c\u0169ng nh\u01b0 c\u00e1c bi\u1ebfn ch\u1ee9ng li\u00ean quan \u0111\u1ebfn c\u00e1c t\u00ecnh tr\u1ea1ng n\u00e0y.<\/span><\/p>\n<p><span style=\"font-weight: 400;\">\u2013 C\u00f3 th\u1ec3 x\u00e1c \u0111\u1ecbnh c\u00e1c t\u1ed5n th\u01b0\u01a1ng c\u01a1 b\u1ea3n \u1edf ph\u1ed5i c\u00f9ng c\u00e1c v\u1ea5n \u0111\u1ec1 li\u00ean quan \u0111\u1ebfn tim; cho th\u1ea5y nh\u1eefng thay \u0111\u1ed5i v\u1ec1 k\u00edch th\u01b0\u1edbc v\u00e0 h\u00ecnh d\u1ea1ng c\u1ee7a tim t\u1eeb \u0111\u00f3 c\u00f3 th\u1ec3 ch\u1ec9 ra t\u00ecnh tr\u1ea1ng suy tim, d\u1ecbch t\u00edch xung quanh tim (tr\u00e0n d\u1ecbch m\u00e0ng tim) ho\u1eb7c c\u00e1c v\u1ea5n \u0111\u1ec1 v\u1ec1 van tim<\/span><\/td>\n<\/tr>\n<\/tbody>\n<\/table>\n","protected":false},"excerpt":{"rendered":"<p>G\u00f3i kh\u00e1m c\u01a1 b\u1ea3n d\u00e0nh cho c\u00e1c b\u1ea1n tr\u1ebb d\u01b0\u1edbi 30 tu\u1ed5i, c\u00f3 b\u1ec7nh s\u1eed gia \u0111\u00ecnh \u1ed5n \u0111\u1ecbnh. G\u00f3i kh\u00e1m cho b\u1ea1n m\u1ed9t \u0111\u00e1nh gi\u00e1 c\u01a1 b\u1ea3n v\u1ec1 th\u1ec3 tr\u1ea1ng v\u00e0 t\u1ea7m so\u00e1t c\u00e1c b\u1ec7nh l\u00fd th\u01b0\u1eddng g\u1eb7p v\u00e0 c\u00f3 nguy c\u01a1 cao.<\/p>\n<p>C\u00e1c b\u1ea1n s\u1ebd \u0111\u01b0\u1ee3c kh\u00e1m v\u00e0 t\u01b0 v\u1ea5n v\u1edbi b\u00e1c s\u0129 v\u1ec1 c\u00e1c v\u1ea5n \u0111\u1ec1 s\u1ee9c kh\u1ecfe hi\u1ec7n t\u1ea1i, t\u00ecm hi\u1ec3u c\u00e1c nguy c\u01a1 c\u1ee7a b\u1ec7nh tim m\u1ea1ch, b\u00e9o ph\u00ec, ti\u1ec3u \u0111\u01b0\u1eddng, ki\u1ec3m tra c\u00e1c b\u1ea5t th\u01b0\u1eddng \u1edf ph\u1ed5i, th\u1eadn, ki\u1ec3m tra chung t\u00ecnh tr\u1ea1ng c\u00e1c c\u01a1 quan b\u00ean trong \u1ed5 b\u1ee5ng, t\u01b0 v\u1ea5n ch\u1ebf \u0111\u1ed9 dinh d\u01b0\u1ee1ng, \u0111i\u1ec1u ch\u1ec9nh sinh ho\u1ea1t h\u00e0ng ng\u00e0y \u0111\u1ec3 c\u00f3 th\u1ec3 tr\u1ea1ng kh\u1ecfe m\u1ea1nh v\u00e0 ng\u1eeba b\u1ec7nh hi\u1ec7u qu\u1ea3, ch\u1ee7ng ng\u1eeba c\u00e1c lo\u1ea1i vaccine c\u1ea7n thi\u1ebft n\u1ebfu b\u1ea1n c\u00f3 k\u1ebf ho\u1ea1ch \u0111i du l\u1ecbch ho\u1eb7c du h\u1ecdc n\u01b0\u1edbc ngo\u00e0i.<\/p>\n","protected":false},"featured_media":41719,"template":"","meta":[],"product_brand":[],"product_cat":[1810],"product_tag":[1808],"class_list":{"0":"post-10357","1":"product","2":"type-product","3":"status-publish","4":"has-post-thumbnail","6":"product_cat-goi-kham-tong-quat-duoc-lua-chon-nhieu-nhat-tai-victoria-healthcare","7":"product_tag-sieu-uu-dai-kham-gio-vang","9":"first","10":"instock","11":"shipping-taxable","12":"purchasable","13":"product-type-variable"},"_links":{"self":[{"href":"https:\/\/victoriavn.com\/khamtongquat\/wp-json\/wp\/v2\/product\/10357","targetHints":{"allow":["GET"]}}],"collection":[{"href":"https:\/\/victoriavn.com\/khamtongquat\/wp-json\/wp\/v2\/product"}],"about":[{"href":"https:\/\/victoriavn.com\/khamtongquat\/wp-json\/wp\/v2\/types\/product"}],"wp:featuredmedia":[{"embeddable":true,"href":"https:\/\/victoriavn.com\/khamtongquat\/wp-json\/wp\/v2\/media\/41719"}],"wp:attachment":[{"href":"https:\/\/victoriavn.com\/khamtongquat\/wp-json\/wp\/v2\/media?parent=10357"}],"wp:term":[{"taxonomy":"product_brand","embeddable":true,"href":"https:\/\/victoriavn.com\/khamtongquat\/wp-json\/wp\/v2\/product_brand?post=10357"},{"taxonomy":"product_cat","embeddable":true,"href":"https:\/\/victoriavn.com\/khamtongquat\/wp-json\/wp\/v2\/product_cat?post=10357"},{"taxonomy":"product_tag","embeddable":true,"href":"https:\/\/victoriavn.com\/khamtongquat\/wp-json\/wp\/v2\/product_tag?post=10357"}],"curies":[{"name":"wp","href":"https:\/\/api.w.org\/{rel}","templated":true}]}}