{"id":88,"date":"2019-03-15T19:34:36","date_gmt":"2019-03-15T12:34:36","guid":{"rendered":"https:\/\/tppone.com\/demo\/cayxanh3\/?page_id=88"},"modified":"2020-05-13T09:16:13","modified_gmt":"2020-05-13T02:16:13","slug":"bao-hiem","status":"publish","type":"page","link":"https:\/\/victoriavn.com\/khamtongquat\/bao-hiem\/","title":{"rendered":"B\u1ea3o hi\u1ec3m"},"content":{"rendered":"\n\t<section class=\"section\" id=\"section_399115568\">\n\t\t<div class=\"section-bg fill\" >\n\t\t\t\t\t\t\t\t\t\n\t\t\t\n\n\t\t<\/div>\n\n\t\t\n\n\t\t<div class=\"section-content relative\">\n\t\t\t\n<p style=\"text-align: justify;\">\u0110\u1ec3 \u0111\u00e1p \u1ee9ng t\u1ed1t h\u01a1n nhu c\u1ea7u c\u1ee7a kh\u00e1ch h\u00e0ng trong vi\u1ec7c s\u1eed d\u1ee5ng th\u1ebb b\u1ea3o hi\u1ec3m s\u1ee9c kh\u1ecfe, h\u1ec7 th\u1ed1ng ph\u00f2ng kh\u00e1m Victoria Healthcare \u0111\u00e3 kh\u00f4ng ng\u1eebng m\u1edf r\u1ed9ng h\u1ec7 th\u1ed1ng li\u00ean k\u1ebft thanh to\u00e1n tr\u1ef1c ti\u1ebfp v\u1edbi c\u00e1c \u0111\u1ed1i t\u00e1c B\u1ea3o hi\u1ec3m l\u1edbn trong v\u00e0 ngo\u00e0i n\u01b0\u1edbc. Ch\u00fang t\u00f4i xin g\u1eedi t\u1edbi qu\u00fd kh\u00e1ch h\u00e0ng quy tr\u00ecnh th\u0103m kh\u00e1m b\u1ea3o l\u00e3nh vi\u1ec7n ph\u00ed nh\u01b0 sau:<\/p>\n<p><strong>B\u01b0\u1edbc 1:<\/strong>\u00a0Kh\u00e1ch h\u00e0ng vui l\u00f2ng xu\u1ea5t tr\u00ecnh th\u1ebb b\u1ea3o hi\u1ec3m c\u00f2n h\u1ea1n s\u1eed d\u1ee5ng c\u1ee7a c\u00e1c nh\u00e0 cung c\u1ea5p b\u1ea3o hi\u1ec3m l\u00e0 \u0111\u1ed1i t\u00e1c c\u1ee7a Victoria Healthcare v\u00e0 CMND ho\u1eb7c passport. N\u1ebfu l\u00e0 tr\u1ebb em, xin vui l\u00f2ng mang theo b\u1ea3n sao Gi\u1ea5y Khai Sinh.<br \/>\n<strong>B\u01b0\u1edbc 2:<\/strong>\u00a0S\u1eed d\u1ee5ng d\u1ecbch v\u1ee5 kh\u00e1m v\u00e0 \u0111i\u1ec1u tr\u1ecb t\u1ea1i Victoria Healthcare.<br \/>\n<strong>B\u01b0\u1edbc 3:<\/strong>\u00a0B\u1ed9 ph\u1eadn B\u1ea3o hi\u1ec3m c\u1ee7a Victoria Healthcare s\u1ebd ti\u1ebfn h\u00e0nh th\u1ee7 t\u1ee5c x\u00e1c nh\u1eadn v\u1edbi c\u00f4ng ty b\u1ea3o hi\u1ec3m d\u1ef1a tr\u00ean ch\u1ea9n \u0111o\u00e1n c\u1ee7a b\u00e1c s\u0129 v\u00e0 c\u00e1c k\u1ebft qu\u1ea3 x\u00e9t nghi\u1ec7m. Sau khi Victoria Healthcare nh\u1eadn \u0111\u01b0\u1ee3c x\u00e1c nh\u1eadn chi tr\u1ea3 tr\u1ef1c ti\u1ebfp t\u1eeb ph\u00eda c\u00f4ng ty b\u1ea3o hi\u1ec3m, kh\u00e1ch h\u00e0ng s\u1ebd ti\u1ebfn h\u00e0nh k\u00fd x\u00e1c nh\u1eadn chi ph\u00ed \u0111i\u1ec1u tr\u1ecb, \u0111\u1ed3ng th\u1eddi thanh to\u00e1n c\u00e1c kho\u1ea3n chi ph\u00ed m\u00e0 c\u00f4ng ty B\u1ea3o hi\u1ec3m t\u1eeb ch\u1ed1i b\u1ed3i th\u01b0\u1eddng (n\u1ebfu c\u00f3).<br \/>\n<em><strong>L\u01b0u \u00fd :<\/strong><\/em><br \/>\n\u2022 Qu\u00fd kh\u00e1ch vui l\u00f2ng cung c\u1ea5p \u0111\u1ea7y \u0111\u1ee7 c\u00e1c gi\u1ea5y t\u1edd nh\u01b0 Ch\u1ee9ng minh th\u01b0, th\u1ebb b\u1ea3o hi\u1ec3m, gi\u1ea5y khai sinh ho\u1eb7c c\u00e1c gi\u1ea5y t\u1edd theo quy \u0111\u1ecbnh cho nh\u00e2n vi\u00ean Ph\u00f2ng kh\u00e1m.<br \/>\n\u2022 \u0110i\u1ec1n \u0111\u1ea7y \u0111\u1ee7 th\u00f4ng tin v\u00e0 k\u00fd gi\u1ea5y y\u00eau c\u1ea7u b\u1ed3i th\u01b0\u1eddng theo quy \u0111\u1ecbnh c\u1ee7a b\u1ea3o hi\u1ec3m.<br \/>\n\u2022 Tr\u01b0\u1eddng h\u1ee3p b\u00ean b\u1ea3o hi\u1ec3m t\u1eeb ch\u1ed1i m\u1ed9t ph\u1ea7n ho\u1eb7c to\u00e0n b\u1ed9 vi\u1ec7n ph\u00ed ph\u00e1t sinh, kh\u00e1ch h\u00e0ng vui l\u00f2ng thanh to\u00e1n tr\u1ef1c ti\u1ebfp chi ph\u00ed v\u1edbi Ph\u00f2ng kh\u00e1m.<br \/>\n\u2022 \u0110\u1ed1i v\u1edbi c\u00e1c \u0111\u1ed1i t\u00e1c l\u00e0 c\u00e1c c\u00f4ng ty b\u1ea3o hi\u1ec3m m\u00e0 Ph\u00f2ng kh\u00e1m ch\u01b0a h\u1ee3p t\u00e1c hay k\u00fd k\u1ebft, kh\u00e1ch h\u00e0ng c\u00f3 th\u1ec3 s\u1eed d\u1ee5ng D\u1ecbch v\u1ee5 h\u1ed7 tr\u1ee3 y\u00eau c\u1ea7u b\u1ed3i th\u01b0\u1eddng c\u1ee7a Ph\u00f2ng kh\u00e1m ho\u1eb7c ch\u00fang t\u00f4i s\u1ebd cung c\u1ea5p \u0111\u1ea7y \u0111\u1ee7 gi\u1ea5y t\u1edd c\u1ea7n thi\u1ebft theo quy \u0111\u1ecbnh \u0111\u1ec3 kh\u00e1ch h\u00e0ng c\u00f3 th\u1ec3 t\u1ef1 ti\u1ebfn h\u00e0nh thanh to\u00e1n v\u1edbi c\u00f4ng ty b\u1ea3o hi\u1ec3m.<\/p>\n<p style=\"text-align: justify;\">Qu\u00fd kh\u00e1ch vui l\u00f2ng xem\u00a0danh s\u00e1ch c\u00e1c c\u00f4ng ty b\u1ea3o hi\u1ec3m \u0111\u01b0\u1ee3c Victoria Healthcare cung c\u1ea5p d\u1ecbch v\u1ee5 thanh to\u00e1n tr\u1ef1c ti\u1ebfp t\u1ea1i H\u1ec7 th\u1ed1ng Ph\u00f2ng kh\u00e1m Qu\u1ed1c t\u1ebf Victoria Healthcare.<\/p>\n\t<div class=\"img has-hover x md-x lg-x y md-y lg-y\" id=\"image_2035184944\">\n\t\t\t\t\t\t\t\t<div class=\"img-inner dark\" >\n\t\t\t<img loading=\"lazy\" decoding=\"async\" width=\"2280\" height=\"3540\" src=\"https:\/\/victoriavn.com\/khamtongquat\/wp-content\/uploads\/2020\/05\/VHC_DS_CONG_TY_BAO_HIEM_1.png\" class=\"attachment-original size-original\" alt=\"\" srcset=\"https:\/\/victoriavn.com\/khamtongquat\/wp-content\/uploads\/2020\/05\/VHC_DS_CONG_TY_BAO_HIEM_1.png 2280w, https:\/\/victoriavn.com\/khamtongquat\/wp-content\/uploads\/2020\/05\/VHC_DS_CONG_TY_BAO_HIEM_1-193x300.png 193w, https:\/\/victoriavn.com\/khamtongquat\/wp-content\/uploads\/2020\/05\/VHC_DS_CONG_TY_BAO_HIEM_1-660x1024.png 660w, https:\/\/victoriavn.com\/khamtongquat\/wp-content\/uploads\/2020\/05\/VHC_DS_CONG_TY_BAO_HIEM_1-768x1192.png 768w, https:\/\/victoriavn.com\/khamtongquat\/wp-content\/uploads\/2020\/05\/VHC_DS_CONG_TY_BAO_HIEM_1-989x1536.png 989w, https:\/\/victoriavn.com\/khamtongquat\/wp-content\/uploads\/2020\/05\/VHC_DS_CONG_TY_BAO_HIEM_1-1319x2048.png 1319w, https:\/\/victoriavn.com\/khamtongquat\/wp-content\/uploads\/2020\/05\/VHC_DS_CONG_TY_BAO_HIEM_1-510x792.png 510w\" sizes=\"auto, (max-width: 2280px) 100vw, 2280px\" title=\"\">\t\t\t\t\t\t\n\t\t\t\t\t<\/div>\n\t\t\t\t\t\t\t\t\n<style>\n#image_2035184944 {\n  width: 100%;\n}\n<\/style>\n\t<\/div>\n\t\n\t\t<\/div>\n\n\t\t\n<style>\n#section_399115568 {\n  padding-top: 30px;\n  padding-bottom: 30px;\n}\n<\/style>\n\t<\/section>\n\t\n","protected":false},"excerpt":{"rendered":"","protected":false},"author":1,"featured_media":0,"parent":0,"menu_order":0,"comment_status":"closed","ping_status":"closed","template":"page-right-sidebar.php","meta":{"footnotes":""},"class_list":["post-88","page","type-page","status-publish","hentry"],"_links":{"self":[{"href":"https:\/\/victoriavn.com\/khamtongquat\/wp-json\/wp\/v2\/pages\/88","targetHints":{"allow":["GET"]}}],"collection":[{"href":"https:\/\/victoriavn.com\/khamtongquat\/wp-json\/wp\/v2\/pages"}],"about":[{"href":"https:\/\/victoriavn.com\/khamtongquat\/wp-json\/wp\/v2\/types\/page"}],"author":[{"embeddable":true,"href":"https:\/\/victoriavn.com\/khamtongquat\/wp-json\/wp\/v2\/users\/1"}],"replies":[{"embeddable":true,"href":"https:\/\/victoriavn.com\/khamtongquat\/wp-json\/wp\/v2\/comments?post=88"}],"version-history":[{"count":24,"href":"https:\/\/victoriavn.com\/khamtongquat\/wp-json\/wp\/v2\/pages\/88\/revisions"}],"predecessor-version":[{"id":10412,"href":"https:\/\/victoriavn.com\/khamtongquat\/wp-json\/wp\/v2\/pages\/88\/revisions\/10412"}],"wp:attachment":[{"href":"https:\/\/victoriavn.com\/khamtongquat\/wp-json\/wp\/v2\/media?parent=88"}],"curies":[{"name":"wp","href":"https:\/\/api.w.org\/{rel}","templated":true}]}}