{"id":84,"date":"2019-03-15T19:34:08","date_gmt":"2019-03-15T12:34:08","guid":{"rendered":"https:\/\/tppone.com\/demo\/cayxanh3\/?page_id=84"},"modified":"2020-05-30T01:19:24","modified_gmt":"2020-05-29T18:19:24","slug":"gioi-thieu","status":"publish","type":"page","link":"https:\/\/victoriavn.com\/khamtongquat\/gioi-thieu\/","title":{"rendered":"Gi\u1edbi thi\u1ec7u"},"content":{"rendered":"<p><strong>I. H\u1ec6 TH\u1ed0NG PH\u00d2NG KH\u00c1M QU\u1ed0C T\u1ebe VICTORIA HEALTHCARE<br \/>\n<\/strong><br \/>\nVictoria Healthcare th\u00e0nh l\u1eadp t\u1eeb n\u0103m 2005 \u0111\u1ebfn nay \u0111\u00e3 tr\u1ea3i qua chi\u1ec1u d\u00e0i kinh nghi\u1ec7m trong l\u0129nh v\u1ef1c ch\u0103m s\u00f3c s\u1ee9c kh\u1ecfe y t\u1ebf cao c\u1ea5p v\u00e0 t\u1ea1o \u0111\u01b0\u1ee3c s\u1ef1 t\u00edn nhi\u1ec7m cao \u0111\u1ed1i v\u1edbi kh\u00e1ch h\u00e0ng trong khu v\u1ef1c TP H\u1ed3 Ch\u00ed Minh c\u0169ng nh\u01b0 c\u00e1c t\u1ec9nh l\u00e2n c\u1eadn.<br \/>\nH\u1ec7 th\u1ed1ng ph\u00f2ng kh\u00e1m Victoria Healthcare c\u00f3 nhi\u1ec1u chi nh\u00e1nh t\u1ea1i c\u00e1c v\u1ecb tr\u00ed giao th\u00f4ng thu\u1eadn ti\u1ec7n trong th\u00e0nh ph\u1ed1, \u0111\u1ea7y \u0111\u1ee7 c\u00e1c chuy\u00ean khoa, ph\u1ee5c v\u1ee5 ch\u1ee9c n\u0103ng th\u0103m kh\u00e1m v\u00e0 \u0111i\u1ec1u tr\u1ecb ngo\u1ea1i tr\u00fa. C\u01a1 s\u1edf \u0111\u01b0\u1ee3c \u0111\u1ea7u t\u01b0 trang thi\u1ebft b\u1ecb hi\u1ec7n \u0111\u1ea1i theo ti\u00eau chu\u1ea9n M\u1ef9, Ch\u00e2u \u00c2u, Nh\u1eadt B\u1ea3n \u0111\u01b0\u1ee3c nh\u1eadp kh\u1ea9u t\u1eeb M\u1ef9, Nh\u1eadt, Anh, \u0110\u1ee9c\u2026 \u0110\u1ed9i ng\u0169 y b\u00e1c s\u0129 n\u0103ng \u0111\u1ed9ng, t\u00e2m huy\u1ebft, nhi\u1ec1u n\u0103m kinh nghi\u1ec7m, \u0111\u01b0\u1ee3c li\u00ean t\u1ee5c \u0111\u00e0o t\u1ea1o t\u1ea1i M\u1ef9, \u00dac, Nh\u1eadt\u2026 v\u00e0 cam k\u1ebft th\u1ef1c h\u00e0nh y khoa tr\u00ean n\u1ec1n t\u1ea3ng Y h\u1ecdc ch\u1ee9ng c\u1ee9.<\/p>\n<p><strong>II. PH\u01af\u01a0NG CH\u00c2M HO\u1ea0T \u0110\u1ed8NG<\/strong><\/p>\n<p><strong>\u201cPatients First\u201d \u2013 \u201cT\u1ea5t c\u1ea3 v\u00ec B\u1ec7nh nh\u00e2n&#8221;<\/strong><br \/>\nPh\u01b0\u01a1ng ch\u00e2m ho\u1ea1t \u0111\u1ed9ng c\u1ee7a Victoria Healthcare l\u00e0 \u201cT\u1ea5t c\u1ea3 v\u00ec B\u1ec7nh nh\u00e2n\u201d.<\/p>\n<p>Ngay t\u1eeb nh\u1eefng ng\u00e0y \u0111\u1ea7u ti\u00ean, ch\u00fang t\u00f4i lu\u00f4n t\u1ef1 h\u1ecfi \u201c\u0111i\u1ec1u g\u00ec b\u1ec7nh nh\u00e2n c\u1ea7n nh\u1ea5t khi \u0111\u1ebfn kh\u00e1m b\u1ec7nh hay t\u01b0 v\u1ea5n v\u1ec1 s\u1ee9c kho\u1ebb l\u00e0 g\u00ec?\u201d<\/p>\n<p>V\u00e0 c\u0169ng ngay t\u1eeb nh\u1eefng ng\u00e0y \u0111\u1ea7u ti\u00ean \u0111\u00f3, ch\u00fang t\u00f4i lu\u00f4n nh\u1eadn th\u1ea5y r\u1eb1ng b\u1ec7nh nh\u00e2n \u0111\u1ebfn kh\u00e1m b\u1ec7nh kh\u00f4ng h\u1eb3n ch\u1ec9 v\u00ec c\u01a1 s\u1edf v\u1eadt ch\u1ea5t \u0111\u1eb9p hay hi\u1ec7n \u0111\u1ea1i, m\u00e0 h\u1ecd c\u1ea7n m\u1ed9t n\u01a1i \u0111\u1ec3 chia s\u1ebb nh\u1eefng v\u1ea5n \u0111\u1ec1 v\u1ec1 s\u1ee9c kho\u1ebb c\u1ee7a m\u00ecnh, m\u1ed9t n\u01a1i m\u00e0 c\u00e1c nh\u00e2n vi\u00ean y t\u1ebf hay b\u00e1c s\u0129 lu\u00f4n l\u1eafng nghe, lu\u00f4n khuy\u1ebfn kh\u00edch h\u1ecd h\u1ecfi v\u00e0 lu\u00f4n c\u1ed1 g\u1eafng \u0111\u01b0a ra nh\u1eefng c\u00e2u tr\u1ea3 l\u1eddi hay nh\u1eefng gi\u1ea3i ph\u00e1p \u0111i\u1ec1u tr\u1ecb c\u00f3 l\u1ee3i nh\u1ea5t cho h\u1ecd. H\u1ecd c\u1ea7n m\u1ed9t n\u01a1i m\u00e0 c\u00e1c b\u00e1c s\u0129 th\u1eadt s\u1ef1 d\u00e0nh nhi\u1ec1u th\u1eddi gian \u0111\u1ec3 t\u00ecm hi\u1ec3u v\u00e0 ch\u0103m s\u00f3c v\u1ea5n \u0111\u1ec1 s\u1ee9c kho\u1ebb c\u1ee7a h\u1ecd nh\u01b0 th\u1ec3 h\u1ecd ch\u00ednh l\u00e0 ng\u01b0\u1eddi th\u00e2n trong gia \u0111\u00ecnh, kh\u00f4ng nh\u1eefng ch\u1ec9 trong l\u00fac kh\u00e1m b\u1ec7nh m\u00e0 c\u00f2n sau khi h\u1ecd \u0111\u00e3 ra v\u1ec1. H\u1ecd c\u0169ng c\u1ea7n m\u1ed9t n\u01a1i m\u00e0 h\u1ecd t\u00ecm \u0111\u1ebfn kh\u00f4ng ph\u1ea3i ch\u1ec9 nh\u1eefng l\u00fac \u0111au b\u1ec7nh, m\u00e0 c\u1ea3 nh\u1eefng l\u00fac h\u1ecd \u0111ang kho\u1ebb m\u1ea1nh, \u0111\u1ec3 tham v\u1ea5n \u00fd ki\u1ebfn c\u1ee7a c\u00e1c b\u00e1c s\u0129 v\u1ec1 c\u00e1ch duy tr\u00ec s\u1ee9c kho\u1ebb t\u1ed1t nh\u1ea5t, c\u00f3 \u0111\u01b0\u1ee3c th\u00f3i quen s\u1ed1ng l\u00e0nh m\u1ea1nh, c\u0169ng nh\u01b0 ph\u00f2ng ng\u1eeba v\u00e0 ph\u00e1t hi\u1ec7n s\u1edbm nh\u1eefng b\u1ec7nh l\u00fd nguy hi\u1ec3m.<\/p>\n<p>V\u1edbi t\u00e2m ni\u1ec7m \u0111\u00f3, c\u00e1c nh\u00e2n vi\u00ean y t\u1ebf v\u00e0 b\u00e1c s\u0129 c\u1ee7a Ph\u00f2ng kh\u00e1m Victoria lu\u00f4n h\u1ecdc h\u1ecfi, lu\u00f4n l\u1eafng nghe v\u00e0 ch\u0103m s\u00f3c cho kh\u00e1ch h\u00e0ng d\u1ef1a tr\u00ean nh\u1eefng b\u1eb1ng ch\u1ee9ng y khoa \u0111\u00e1ng tin c\u1eady nh\u1ea5t, kh\u00f4ng l\u1ea1m d\u1ee5ng nh\u1eefng x\u00e9t nghi\u1ec7m hay thu\u1ed1c v\u00f4 \u00edch hay c\u00f3 h\u1ea1i cho b\u1ec7nh nh\u00e2n. Ch\u00fang t\u00f4i g\u1ecdi \u0111\u00f3 l\u00e0 Ph\u01b0\u01a1ng ph\u00e1p Victoria. V\u00e0 nh\u00e2n vi\u00ean Victoria lu\u00f4n cam k\u1ebft duy tr\u00ec Ph\u01b0\u01a1ng ph\u00e1p Victoria t\u1ea1i t\u1eebng ph\u00f2ng kh\u00e1m, lu\u00f4n \u0111\u1eb7t l\u1ee3i \u00edch c\u1ee7a b\u1ec7nh nh\u00e2n tr\u00ean h\u1ebft v\u00e0 xem b\u1ec7nh nh\u00e2n l\u00e0 trung t\u00e2m c\u1ee7a qu\u00e1 tr\u00ecnh ch\u0103m s\u00f3c.<\/p>\n<p>T\u1ea1i Victoria Healthcare, c\u00e1c B\u00e1c s\u1ef9 \u0111\u1ec1u nh\u1ea5n m\u1ea1nh t\u1ea7m quan tr\u1ecdng c\u1ee7a ph\u01b0\u01a1ng ph\u00e1p \u201cy h\u1ecdc ch\u1ee9ng c\u1ee9\u201d (*), c\u00e1c ti\u1ebfn tr\u00ecnh ch\u1ea9n \u0111o\u00e1n v\u00e0 \u0111i\u1ec1u tr\u1ecb ph\u1ea3i d\u1ef1a tr\u00ean x\u00e1c nh\u1eadn c\u1ee7a y v\u0103n ho\u1eb7c kinh nghi\u1ec7m \u0111i\u1ec1u tr\u1ecb th\u1ef1c t\u1ebf \u0111\u00e3 \u0111\u01b0\u1ee3c ki\u1ec3m ch\u1ee9ng, tr\u00e1nh vi\u1ec7c l\u1ea1m d\u1ee5ng thu\u1ed1c v\u00e0 x\u00e9t nghi\u1ec7m. B\u00e1c s\u1ef9 c\u1ee7a ch\u00fang t\u00f4i ph\u1ea3i c\u00f3 ngh\u0129a v\u1ee5 v\u00e0 tr\u00e1ch nhi\u1ec7m t\u01b0 v\u1ea5n th\u1ea5u \u0111\u00e1o cho b\u1ec7nh nh\u00e2n c\u00f9ng gia \u0111\u00ecnh v\u1ec1 ngu\u1ed3n g\u1ed1c, nguy\u00ean nh\u00e2n b\u1ec7nh, c\u00e1ch ch\u1eefa tr\u1ecb v\u00e0 ph\u01b0\u01a1ng ph\u00e1p ph\u00f2ng ng\u1eeba. \u0110\u00f3 ch\u00ednh l\u00e0 c\u1ed1t l\u00f5i c\u1ee7a vi\u1ec7c ch\u0103m s\u00f3c s\u1ee9c kh\u1ecfe theo ti\u00eau chu\u1ea9n Qu\u1ed1c t\u1ebf.<\/p>\n<p>Ch\u0103m s\u00f3c s\u1ee9c kh\u1ecfe d\u1ef1a tr\u00ean n\u1ec1n t\u1ea3ng y h\u1ecdc ch\u1ee9ng c\u1ee9 l\u00e0 m\u1ed9t l\u0129nh v\u1ef1c m\u00e0 trong \u0111\u00f3 c\u00e1c b\u00e1c s\u0129 lu\u00f4n (ch\u1ec9) \u00e1p d\u1ee5ng nh\u1eefng kinh nghi\u1ec7m \u0111\u00e3 t\u1ecf ra c\u00f3 hi\u1ec7u qu\u1ea3 (ch\u1ee9ng c\u1ee9) tr\u00ean th\u1ef1c t\u1ebf \u0111\u1ec3 \u0111i\u1ec1u tr\u1ecb cho b\u1ec7nh nh\u00e2n.Trong y h\u1ecdc ch\u1ee9ng c\u1ee9, vi\u1ec7c \u0111i\u1ec1u tr\u1ecb c\u1ee5 th\u1ec3 v\u00e0 ti\u1ebfn tr\u00ecnh ch\u1ea9n \u0111o\u00e1n cho m\u1ed9t b\u1ec7nh nh\u00e2n n\u00e0o \u0111\u00f3 ch\u1ec9 \u0111\u01b0\u1ee3c \u00e1p d\u1ee5ng khi:<\/p>\n<p>(1) \u0110\u00e3 c\u00f3 ch\u1ee9ng c\u1ee9 trong y v\u0103n x\u00e1c nh\u1eadn ph\u01b0\u01a1ng ph\u00e1p \u0111i\u1ec1u tr\u1ecb v\u00e0 ch\u1ea9n \u0111o\u00e1n \u0111\u00f3 l\u00e0 hi\u1ec7u qu\u1ea3,<\/p>\n<p>(2) \u0110\u00e3 c\u00f3 kinh nghi\u1ec7m \u0111i\u1ec1u tr\u1ecb th\u1ef1c t\u1ebf x\u00e1c nh\u1eadn hi\u1ec7u qu\u1ea3 c\u1ee7a ph\u01b0\u01a1ng ph\u00e1p \u0111\u00f3 ho\u1eb7c<\/p>\n<p>(3) Y v\u0103n ch\u01b0a c\u00f3 c\u00e1c d\u1eef li\u1ec7u t\u01b0\u01a1ng \u1ee9ng v\u1ec1 ph\u01b0\u01a1ng ph\u00e1p \u0111\u00f3 tuy nhi\u00ean ph\u01b0\u01a1ng ph\u00e1p \u0111\u00f3 t\u1ecf ra c\u00f3 v\u1ebb h\u1ee3p l\u00fd nh\u1ea5t trong b\u1ed1i c\u1ea3nh v\u00e0 hi\u1ec3u bi\u1ebft hi\u1ec7n t\u1ea1i.<\/p>\n","protected":false},"excerpt":{"rendered":"<p>I. H\u1ec6 TH\u1ed0NG PH\u00d2NG KH\u00c1M QU\u1ed0C T\u1ebe VICTORIA HEALTHCARE Victoria Healthcare th\u00e0nh l\u1eadp t\u1eeb n\u0103m 2005 \u0111\u1ebfn nay \u0111\u00e3 tr\u1ea3i qua chi\u1ec1u d\u00e0i kinh nghi\u1ec7m trong l\u0129nh v\u1ef1c ch\u0103m s\u00f3c s\u1ee9c kh\u1ecfe y t\u1ebf cao c\u1ea5p v\u00e0 t\u1ea1o \u0111\u01b0\u1ee3c s\u1ef1 t\u00edn nhi\u1ec7m cao \u0111\u1ed1i v\u1edbi kh\u00e1ch h\u00e0ng trong khu v\u1ef1c TP H\u1ed3 Ch\u00ed Minh c\u0169ng &#8230;<\/p>\n","protected":false},"author":1,"featured_media":0,"parent":0,"menu_order":0,"comment_status":"closed","ping_status":"closed","template":"page-right-sidebar.php","meta":{"footnotes":""},"class_list":["post-84","page","type-page","status-publish","hentry"],"_links":{"self":[{"href":"https:\/\/victoriavn.com\/khamtongquat\/wp-json\/wp\/v2\/pages\/84","targetHints":{"allow":["GET"]}}],"collection":[{"href":"https:\/\/victoriavn.com\/khamtongquat\/wp-json\/wp\/v2\/pages"}],"about":[{"href":"https:\/\/victoriavn.com\/khamtongquat\/wp-json\/wp\/v2\/types\/page"}],"author":[{"embeddable":true,"href":"https:\/\/victoriavn.com\/khamtongquat\/wp-json\/wp\/v2\/users\/1"}],"replies":[{"embeddable":true,"href":"https:\/\/victoriavn.com\/khamtongquat\/wp-json\/wp\/v2\/comments?post=84"}],"version-history":[{"count":2,"href":"https:\/\/victoriavn.com\/khamtongquat\/wp-json\/wp\/v2\/pages\/84\/revisions"}],"predecessor-version":[{"id":11165,"href":"https:\/\/victoriavn.com\/khamtongquat\/wp-json\/wp\/v2\/pages\/84\/revisions\/11165"}],"wp:attachment":[{"href":"https:\/\/victoriavn.com\/khamtongquat\/wp-json\/wp\/v2\/media?parent=84"}],"curies":[{"name":"wp","href":"https:\/\/api.w.org\/{rel}","templated":true}]}}