{"id":49698,"date":"2023-12-19T18:16:50","date_gmt":"2023-12-19T11:16:50","guid":{"rendered":"https:\/\/victoriavn.com\/khamtongquat\/?page_id=49698"},"modified":"2023-12-19T18:17:17","modified_gmt":"2023-12-19T11:17:17","slug":"chinh-sach-cookie","status":"publish","type":"page","link":"https:\/\/victoriavn.com\/khamtongquat\/chinh-sach-cookie\/","title":{"rendered":"CH\u00cdNH S\u00c1CH COOKIE"},"content":{"rendered":"\n\t<section class=\"section\" id=\"section_618528812\">\n\t\t<div class=\"section-bg fill\" >\n\t\t\t\t\t\t\t\t\t\n\t\t\t\n\n\t\t<\/div>\n\n\t\t\n\n\t\t<div class=\"section-content relative\">\n\t\t\t\n<h2><strong>CH\u00cdNH S\u00c1CH COOKIE<\/strong><\/h2>\n<p><strong>C\u00d4NG TY C\u1ed4 PH\u1ea6N PH\u00c1T TRI\u1ec2N Y T\u1ebe VICTORIA HEALTHCARE <\/strong><\/p>\n<p>\u0110\u1ecba ch\u1ec9: 20 \u0110inh Ti\u00ean Ho\u00e0ng, Ph\u01b0\u1eddng \u0110a Kao, Qu\u1eadn 1, Th\u00e0nh ph\u1ed1 H\u1ed3 Ch\u00ed Minh, Vi\u1ec7t Nam<\/p>\n<p>Ch\u00ednh s\u00e1ch Cookie na\u0300y co\u0301 hi\u00ea\u0323u l\u01b0\u0323c k\u00ea\u0309 t\u01b0\u0300 nga\u0300y 01\/7\/2023.<\/p>\n<ol>\n<li><strong>T\u00d4\u0309NG QUAN<\/strong>\n<ul>\n<li>C\u00f4ng Ty C\u1ed5 ph\u1ea7n Ph\u00e1t tri\u1ec3n Y t\u1ebf Victoria Healthcare, H\u1ec7 th\u1ed1ng Ph\u00f2ng kh\u00e1m \u0110a khoa Victoria Healthcare va\u0300 ca\u0301c C\u00f4ng ty con, C\u00f4ng ty li\u00ean k\u00ea\u0301t cu\u0309a C\u00f4ng Ty C\u1ed5 ph\u1ea7n Ph\u00e1t tri\u1ec3n Y t\u1ebf Victoria Healthcare (\u201c<strong>Victoria Healthcare<\/strong>\u201d) r\u1ea5t coi tr\u1ecdng quy\u1ec1n ri\u00eang t\u01b0 c\u1ee7a Quy\u0301 kha\u0301ch v\u00e0 nh\u1eadn th\u1ee9c r\u00f5 \u0111\u01b0\u1ee3c t\u1ea7m quan tr\u1ecdng c\u1ee7a vi\u1ec7c b\u1ea3o m\u1eadt d\u01b0\u0303 li\u00ea\u0323u ca\u0301 nh\u00e2n cu\u0309a Quy\u0301 kha\u0301ch khi Quy\u0301 kha\u0301ch truy c\u00e2\u0323p trang web cu\u0309a Victoria Healthcare c\u00f3 \u0111\u1ecba ch\u1ec9 <a href=\"http:\/\/www.victoriavn.com\">victoriavn.com<\/a> (\u201c<strong>Website<\/strong>\u201d).<\/li>\n<li>Ch\u00ednh s\u00e1ch Cookie n\u00e0y gi\u1ea3i th\u00edch c\u00e1ch th\u1ee9c v\u00e0 l\u00fd do Victoria Healthcare s\u1eed d\u1ee5ng Cookie v\u00e0 c\u00e1c c\u00f4ng ngh\u1ec7 t\u01b0\u01a1ng t\u1ef1 khi Quy\u0301 kha\u0301ch truy c\u1eadp Website, c\u0169ng nh\u01b0 c\u00e1ch Quy\u0301 kha\u0301ch cho ph\u00e9p, ch\u1eb7n v\u00e0\/ho\u1eb7c x\u00f3a Cookie. \u0110i\u1ec1u n\u00e0y nh\u1eb1m c\u1ea3i thi\u1ec7n tr\u1ea3i nghi\u1ec7m cu\u0309a Quy\u0301 kha\u0301ch tr\u00ean Website, ph\u00e2n bi\u1ec7t thi\u00ea\u0301t bi\u0323 truy c\u00e2\u0323p cu\u0309a Quy\u0301 kha\u0301ch v\u1edbi ng\u01b0\u1eddi d\u00f9ng kh\u00e1c tr\u00ean Website v\u00e0 h\u1ed7 tr\u1ee3 Victoria Healthcare cung c\u00e2\u0301p Di\u0323ch Vu\u0323 t\u01a1\u0301i Quy\u0301 kha\u0301ch m\u00f4\u0323t ca\u0301ch hi\u00ea\u0323u qua\u0309 va\u0300 nhanh cho\u0301ng.<\/li>\n<li>Vi\u1ec7c Victoria Healthcare s\u1eed d\u1ee5ng Cookie ph\u1ea3i nh\u1eadn \u0111\u01b0\u1ee3c s\u1ef1 \u0111\u1ed3ng \u00fd tr\u01b0\u1edbc c\u1ee7a Quy\u0301 kha\u0301ch m\u1ed9t c\u00e1ch r\u00f5 r\u00e0ng, c\u1ee5 th\u1ec3 tr\u01b0\u1edbc khi Cookie cu\u0309a Victoria Healthcare \u0111\u01b0\u1ee3c c\u00e0i \u0111\u1eb7t tr\u00ean thi\u1ebft b\u1ecb truy c\u00e2\u0323p Website c\u1ee7a Quy\u0301 kha\u0301ch, bao g\u00f4\u0300m nh\u01b0ng kh\u00f4ng gi\u01a1\u0301i ha\u0323n: ma\u0301y ti\u0301nh ba\u0300n, laptop, ma\u0301y ti\u0301nh ba\u0309ng, thi\u00ea\u0301t bi\u0323 di \u0111\u00f4\u0323ng th\u00f4ng minh cu\u0309a Quy\u0301 kha\u0301ch. Victoria Healthcare c\u00f3 \u0111\u01b0\u1ee3c s\u1ef1 \u0111\u1ed3ng \u00fd c\u1ee7a Quy\u0301 kha\u0301ch th\u00f4ng qua m\u1ed9t banner bao g\u1ed3m th\u00f4ng tin r\u00f5 r\u00e0ng, ch\u00ednh x\u00e1c v\u1ec1 c\u00e1c m\u1ee5c \u0111\u00edch m\u00e0 Cookie s\u1ebd \u0111\u01b0\u1ee3c s\u1eed d\u1ee5ng v\u00e0 th\u00f4ng tin v\u1ec1 c\u00e1ch t\u1eeb ch\u1ed1i s\u1eed d\u1ee5ng Cookie.<\/li>\n<li>L\u1ea7n \u0111\u1ea7u ti\u00ean khi Quy\u0301 kha\u0301ch truy c\u1eadp Website, m\u1ed9t banner se\u0303 xu\u1ea5t hi\u1ec7n, th\u00f4ng b\u00e1o cho Quy\u0301 kha\u0301ch v\u1ec1 c\u00e1c lo\u1ea1i Cookie ma\u0300 Victoria Healthcare s\u01b0\u0309 du\u0323ng tr\u00ean Website v\u00e0 Quy\u0301 kha\u0301ch \u0111\u01b0\u1ee3c quy\u00ea\u0300n ch\u1ea5p thu\u1eadn \u0111\u00f4\u0300ng y\u0301 ho\u0103\u0323c kh\u00f4ng \u0111\u00f4\u0300ng y\u0301 s\u1eed d\u1ee5ng Cookie. Vi\u00ea\u0323c Quy\u0301 kha\u0301ch xa\u0301c nh\u00e2\u0323n \u0111\u00f4\u0300ng y\u0301 theo h\u01b0\u01a1\u0301ng d\u00e2\u0303n ta\u0323i banner, theo \u0111o\u0301 Quy\u0301 kha\u0301ch cu\u0303ng \u0111\u00f4\u0300ng y\u0301 ca\u0301c quy \u0111i\u0323nh ch\u00ednh s\u00e1ch n\u00e0y. N\u1ebfu Quy\u0301 kha\u0301ch kh\u00f4ng \u0111\u1ed3ng \u00fd s\u1eed d\u1ee5ng Cookie, Quy\u0301 kha\u0301ch c\u00f3 th\u1ec3 h\u1ee7y k\u00edch ho\u1ea1t ch\u00fang b\u1eb1ng c\u00e1ch l\u00e0m theo h\u01b0\u1edbng d\u1eabn b\u00ean d\u01b0\u1edbi t\u1ea1i Mu\u0323c 4 Chi\u0301nh sa\u0301ch Cookie na\u0300y.<\/li>\n<\/ul>\n<\/li>\n<li><strong>\u0110\u1ecaNH<\/strong><strong> NGH\u0128A COOKIE<\/strong><\/li>\n<\/ol>\n<p>Cookie l\u00e0 c\u00e1c t\u1ec7p tin v\u0103n b\u1ea3n c\u00f3 ch\u1ee9a m\u1ed9t l\u01b0\u1ee3ng th\u00f4ng tin nh\u1ecf v\u00e0 c\u00f3 th\u1ec3 \u0111\u01b0\u1ee3c l\u01b0u tr\u1eef. C\u00e1c Cookie n\u00e0y \u0111\u01b0\u1ee3c t\u1ea3i v\u1ec1 thi\u1ebft b\u1ecb truy c\u00e2\u0323p Website c\u1ee7a Quy\u0301 kha\u0301ch khi Quy\u0301 kha\u0301ch truy c\u1eadp v\u00e0o m\u1ed9t trang web n\u00e0o \u0111\u00f3. C\u00e1c Cookie kh\u00f4ng cho phe\u0301p Victoria Healthcare bi\u1ebft Quy\u0301 kha\u0301ch l\u00e0 ai nh\u01b0ng co\u0301 th\u00ea\u0309 giu\u0301p Victoria Healthcare nh\u1eadn ra thi\u1ebft b\u1ecb truy c\u00e2\u0323p Website ho\u1eb7c h\u00e0nh \u0111\u1ed9ng kh\u00e1c nhau c\u1ee7a Quy\u0301 kha\u0301ch m\u00e0 c\u00e1c Cookie cho ph\u00e9p Victoria Healthcare ghi nh\u1edb \u0111i\u1ec1u \u0111\u00f3.<\/p>\n<ol start=\"3\">\n<li><strong>C\u00c1C<\/strong><strong> LO\u1ea0I COOKIE \u0110\u01af\u1ee2C S\u1eec D\u1ee4NG<\/strong><\/li>\n<\/ol>\n<p>Victoria Healthcare s\u01b0\u0309 du\u0323ng ca\u0301c loa\u0323i Cookie kha\u0301c nhau tr\u00ean Website \u0111\u00ea\u0309 \u0111a\u0309m ba\u0309o th\u01b0\u0323c hi\u00ea\u0323n nh\u01b0\u0303ng mu\u0323c \u0111i\u0301ch t\u01b0\u01a1ng \u01b0\u0301ng sau \u0111\u00e2y:<\/p>\n<ul>\n<li><strong>C\u00e1c Cookie thi\u1ebft y\u1ebfu:<\/strong> Nh\u1eefng Cookie n\u00e0y l\u00e0 y\u00eau c\u1ea7u c\u1ea7n thi\u1ebft \u0111\u1ec3 v\u1eadn h\u00e0nh ch\u1ee9c n\u0103ng c\u01a1 b\u1ea3n c\u1ee7a Website v\u00e0 cho phe\u0301p Quy\u0301 kha\u0301ch s\u1eed d\u1ee5ng c\u00e1c t\u00ednh n\u0103ng tr\u00ean Website c\u1ee7a Victoria Healthcare. N\u1ebfu kh\u00f4ng c\u00f3 c\u00e1c Cookie n\u00e0y hay Quy\u0301 kha\u0301ch kh\u00f4ng \u0111\u1ed3ng \u00fd cho ph\u00e9p c\u00e1c Cookie n\u00e0y ho\u1ea1t \u0111\u1ed9ng m\u00f4\u0323t s\u00f4\u0301 hoa\u0323t \u0111\u00f4\u0323ng cu\u0309a Quy\u0301 kha\u0301ch tr\u00ean Website se\u0303 kh\u00f4ng th\u00ea\u0309 th\u01b0\u0323c hi\u00ea\u0323n, vi\u0301 du\u0323 ch\u01b0\u0301c n\u0103ng ghi nh\u01a1\u0301 gio\u0309 ha\u0300ng khi Quy\u0301 kha\u0301ch cho\u0323n go\u0301i d\u1ecbch v\u1ee5 kha\u0301m b\u00ea\u0323nh \u0111\u01b0\u01a1\u0323c hi\u00ea\u0309n thi\u0323 tr\u00ean Website.<\/li>\n<li><strong>C\u00e1c Cookie ph\u00e2n t\u00edch:<\/strong> Nh\u1eefng Cookie n\u00e0y cho ph\u00e9p vi\u1ec7c hi\u1ec3n th\u1ecb c\u00e1c s\u1ea3n ph\u1ea9m v\u00e0 d\u1ecbch v\u1ee5 \u0111\u01b0\u1ee3c c\u00e1 nh\u00e2n h\u00f3a d\u1ef1a tr\u00ean \u0111i\u1ec1u h\u01b0\u1edbng c\u1ee7a Quy\u0301 kha\u0301ch tr\u00ean Website.<\/li>\n<li><strong>C\u00e1c Cookie \u0111o l\u01b0\u1eddng h\u00e0nh vi ng\u01b0\u1eddi d\u00f9ng:<\/strong> Nh\u1eefng Cookie n\u00e0y cho ph\u00e9p Victoria Healthcare theo d\u00f5i ngu\u1ed3n g\u1ed1c, kh\u1ed1i l\u01b0\u1ee3ng v\u00e0 t\u01b0\u01a1ng t\u00e1c c\u1ee7a t\u1ea5t c\u1ea3 c\u00e1c Quy\u0301 kha\u0301ch truy c\u1eadp Website nh\u1eb1m c\u1ea3i thi\u1ec7n tr\u1ea3i nghi\u1ec7m ng\u01b0\u1eddi d\u00f9ng c\u1ee7a c\u1ee7a Quy\u0301 kha\u0301ch.<\/li>\n<li><strong>C\u00e1c Cookie truy\u1ec1n th\u00f4ng x\u00e3 h\u1ed9i:<\/strong> Nh\u1eefng Cookie n\u00e0y cho ph\u00e9p cho ph\u00e9p Quy\u0301 kha\u0301ch chuy\u1ec3n ti\u1ebfp n\u1ed9i dung t\u1edbi trang m\u1ea1ng x\u00e3 h\u1ed9i y\u00eau th\u00edch c\u1ee7a m\u00ecnh. N\u1ebfu t\u1eeb ch\u1ed1i vi\u1ec7c s\u1eed d\u1ee5ng nh\u1eefng Cookie n\u00e0y, c\u00f3 th\u1ec3 Quy\u0301 kha\u0301ch s\u1ebd kh\u00f4ng s\u1eed d\u1ee5ng \u0111\u01b0\u1ee3c nh\u1eefng t\u00ednh n\u0103ng n\u00f3i tr\u00ean.<\/li>\n<\/ul>\n<ol start=\"4\">\n<li><strong>V\u00d4 HI\u00ca\u0323U HO\u0301A COOKIE<\/strong><\/li>\n<\/ol>\n<p>Website c\u1ee7a Victoria Healthcare \u0111\u01b0\u1ee3c thi\u1ebft k\u1ebf \u0111\u1ec3 ho\u1ea1t \u0111\u1ed9ng t\u1ed1i \u01b0u v\u1edbi c\u00e1c Cookie \u0111\u01b0\u1ee3c b\u1eadt. Tuy nhi\u00ean, Quy\u0301 kha\u0301ch c\u00f3 th\u1ec3 v\u00f4 hi\u1ec7u h\u00f3a Cookie b\u0103\u0300ng ca\u0301ch: (i) t\u01b0\u0300 ch\u00f4\u0301i ch\u00e2\u0301p nh\u00e2\u0323n Cookie ta\u0323i l\u00e2\u0300n \u0111\u00e2\u0300u ti\u00ean truy c\u00e2\u0323p Website theo Mu\u0323c 1.4 cu\u0309a Chi\u0301nh sa\u0301ch na\u0300y; ho\u0103\u0323c (ii) th\u00f4ng qua c\u00e0i \u0111\u1eb7t tr\u00ecnh duy\u1ec7t Website c\u1ee7a m\u00ecnh. \u0110i\u1ec1u n\u00e0y \u0111\u1ed3ng ngh\u0129a v\u1edbi vi\u1ec7c Quy\u0301 kha\u0301ch kh\u00f4ng c\u00f2n c\u00f3 quy\u1ec1n truy c\u1eadp v\u00e0o m\u1ed9t s\u1ed1 t\u00ednh n\u0103ng tr\u00ean Website v\u00e0 s\u1ebd kh\u00f4ng t\u1eadn d\u1ee5ng \u0111\u01b0\u1ee3c h\u1ebft t\u1ea5t c\u1ea3 c\u00e1c t\u00ednh n\u0103ng ma\u0300 Website mang l\u1ea1i. Xin l\u01b0u \u00fd r\u1eb1ng, \u0111\u1ec3 Website ho\u1ea1t \u0111\u1ed9ng nh\u1eefng ch\u1ee9c n\u0103ng c\u01a1 b\u1ea3n, ngay c\u1ea3 khi t\u1ea5t c\u1ea3 c\u00e1c Cookie b\u1ecb v\u00f4 hi\u1ec7u h\u00f3a th\u00ec m\u1ed9t l\u01b0\u1ee3ng th\u00f4ng tin nh\u1ecf v\u1eabn ti\u1ebfp t\u1ee5c \u0111\u01b0\u1ee3c truy xu\u1ea5t t\u1eeb tr\u00ecnh duy\u1ec7t web c\u1ee7a Quy\u0301 kha\u0301ch \u0111\u00ea\u0309 \u0111a\u0309m ba\u0309o kha\u0309 n\u0103ng truy c\u00e2\u0323p cu\u0309a Quy\u0301 kha\u0301ch ta\u0323i Website.<\/p>\n<ol start=\"5\">\n<li><strong>TH\u1edcI GIAN B\u1eaeT \u0110\u1ea6U, TH\u1edcI GIAN K\u1ebeT TH\u00daC X\u1eec L\u00dd D\u01af\u0303 LI\u00ca\u0323U CA\u0301 NH\u00c2N C\u1ee6A KH\u00c1CH H\u00c0NG QUA COOKIE<\/strong>\n<ul>\n<li><strong>Th\u1eddi <\/strong><strong>gian b\u1eaft \u0111\u00e2\u0300u: <\/strong>k\u1ec3 t\u1eeb th\u1eddi \u0111i\u1ec3m Quy\u0301 kha\u0301ch \u0111\u00f4\u0300ng y\u0301 ch\u00e2\u0301p nh\u00e2\u0323n Cookie ta\u0323i l\u00e2\u0300n \u0111\u00e2\u0300u ti\u00ean truy c\u00e2\u0323p Website theo Mu\u0323c 4 cu\u0309a Chi\u0301nh sa\u0301ch na\u0300y.<\/li>\n<li><strong>Th\u1eddi <\/strong><strong>gian k\u00ea\u0301t thu\u0301c: <\/strong>k\u00ea\u0309 t\u01b0\u0300 th\u01a1\u0300i \u0111i\u00ea\u0309m Quy\u0301 kha\u0301ch v\u00f4 hi\u00ea\u0323u ho\u0301a cookie.<\/li>\n<\/ul>\n<\/li>\n<li><strong>NH\u01af\u0303NG THAY \u0110\u00d4\u0309I \u0110\u00d4\u0301I V\u01a0\u0301I CHI\u0301NH SA\u0301CH COOKIE<\/strong><\/li>\n<\/ol>\n<p>Victoria Healthcare c\u00f3 th\u00ea\u0309 s\u1eeda \u0111\u1ed5i, b\u1ed5 sung Chi\u0301nh sa\u0301ch Cookie n\u00e0y v\u00e0o b\u1ea5t k\u1ef3 th\u1eddi \u0111i\u1ec3m n\u00e0o v\u00e0 t\u00f9y thu\u1ed9c v\u00e0o m\u1ee5c \u0111\u00edch, ph\u1ea1m vi, n\u1ed9i dung c\u1ee7a s\u1ef1 s\u1eeda \u0111\u1ed5i \u0111\u00f3. Victoria Healthcare khuy\u00ea\u0301n nghi\u0323 Quy\u0301 kha\u0301ch th\u01b0\u01a1\u0300ng xuy\u00ean ki\u00ea\u0309m tra Chi\u0301nh sa\u0301ch Cookie n\u00e0y tr\u00ean Website \u0111\u00ea\u0309 \u0111\u01b0\u01a1\u0323c c\u00e2\u0323p nh\u00e2\u0323t ca\u0301c thay \u0111\u00f4\u0309i \u0111o\u0301. Vi\u00ea\u0323c Quy\u0301 kha\u0301ch ti\u00ea\u0301p tu\u0323c truy c\u00e2\u0323p Website \u0111\u01b0\u01a1\u0323c hi\u00ea\u0309u la\u0300 Quy\u0301 kha\u0301ch \u0111a\u0303 ch\u00e2\u0301p nh\u00e2\u0323n phi\u00ean ba\u0309n Chi\u0301nh sa\u0301ch Cookie \u0111a\u0303 \u0111\u01b0\u01a1\u0323c c\u00e2\u0323p nh\u00e2\u0323t.<\/p>\n<ol start=\"7\">\n<li><strong>TH\u00d4NG TIN LI\u00caN H\u1ec6<\/strong><\/li>\n<\/ol>\n<p>Trong tr\u01b0\u1eddng h\u1ee3p Quy\u0301 kha\u0301ch c\u00f3 b\u1ea5t k\u1ef3 c\u00e2u h\u1ecfi n\u00e0o li\u00ean quan \u0111\u1ebfn Chi\u0301nh sa\u0301ch Cookie n\u00e0y ho\u1eb7c c\u00e1c v\u1ea5n \u0111\u1ec1 kh\u00e1c li\u00ean quan \u0111\u1ebfn th\u01b0\u0323c hi\u00ea\u0323n quy\u1ec1n v\u00e0 nghi\u0303a vu\u0323 c\u1ee7a Quy\u0301 kha\u0301ch theo Chi\u0301nh sa\u0301ch Cookie na\u0300y va\u0300 quy \u0111i\u0323nh pha\u0301p lu\u00e2\u0323t co\u0301 li\u00ean quan, Quy\u0301 kha\u0301ch c\u00f3 th\u1ec3 li\u00ean h\u1ec7 Victoria Healthcare theo ca\u0301c ca\u0301ch th\u01b0\u0301c sau:<\/p>\n<ul>\n<li><strong>G\u01b0\u0309i th\u01b0 qua email:<\/strong> <a href=\"mailto:customercare@victoriavn.com\">customercare@victoriavn.com<\/a><\/li>\n<li><strong>\u0110\u0103\u0323t c\u00e2u ho\u0309i tr\u00ean Website:<\/strong> <a href=\"http:\/\/www.victoriavn.com\">victoriavn.com<\/a><\/li>\n<\/ul>\n<p>\u00a0<\/p>\n\t\t<\/div>\n\n\t\t\n<style>\n#section_618528812 {\n  padding-top: 30px;\n  padding-bottom: 30px;\n}\n<\/style>\n\t<\/section>\n\t\n","protected":false},"excerpt":{"rendered":"","protected":false},"author":1,"featured_media":0,"parent":0,"menu_order":0,"comment_status":"closed","ping_status":"closed","template":"page-right-sidebar.php","meta":{"footnotes":""},"class_list":["post-49698","page","type-page","status-publish","hentry"],"_links":{"self":[{"href":"https:\/\/victoriavn.com\/khamtongquat\/wp-json\/wp\/v2\/pages\/49698","targetHints":{"allow":["GET"]}}],"collection":[{"href":"https:\/\/victoriavn.com\/khamtongquat\/wp-json\/wp\/v2\/pages"}],"about":[{"href":"https:\/\/victoriavn.com\/khamtongquat\/wp-json\/wp\/v2\/types\/page"}],"author":[{"embeddable":true,"href":"https:\/\/victoriavn.com\/khamtongquat\/wp-json\/wp\/v2\/users\/1"}],"replies":[{"embeddable":true,"href":"https:\/\/victoriavn.com\/khamtongquat\/wp-json\/wp\/v2\/comments?post=49698"}],"version-history":[{"count":2,"href":"https:\/\/victoriavn.com\/khamtongquat\/wp-json\/wp\/v2\/pages\/49698\/revisions"}],"predecessor-version":[{"id":49700,"href":"https:\/\/victoriavn.com\/khamtongquat\/wp-json\/wp\/v2\/pages\/49698\/revisions\/49700"}],"wp:attachment":[{"href":"https:\/\/victoriavn.com\/khamtongquat\/wp-json\/wp\/v2\/media?parent=49698"}],"curies":[{"name":"wp","href":"https:\/\/api.w.org\/{rel}","templated":true}]}}