{"id":3,"date":"2019-03-15T11:44:22","date_gmt":"2019-03-15T11:44:22","guid":{"rendered":"https:\/\/tppone.com\/demo\/cayxanh3\/?page_id=3"},"modified":"2024-01-31T11:25:52","modified_gmt":"2024-01-31T04:25:52","slug":"chinh-sach-bao-mat","status":"publish","type":"page","link":"https:\/\/victoriavn.com\/khamtongquat\/chinh-sach-bao-mat\/","title":{"rendered":"Ch\u00ednh s\u00e1ch b\u1ea3o m\u1eadt"},"content":{"rendered":"<ul>\n<li><a href=\"https:\/\/victoriavn.com\/khamtongquat\/wp-content\/uploads\/2020\/09\/Chinh_Sach_Bao_Mat_1599705391.pdf\" target=\"_blank\" rel=\"noopener noreferrer\">Ch\u00ednh s\u00e1ch b\u1ea3o m\u1eadt th\u00f4ng tin c\u00e1 nh\u00e2n<\/a><\/li>\n<li><a href=\"https:\/\/victoriavn.com\/khamtongquat\/wp-content\/uploads\/2024\/01\/Thong-bao-xu-ly-DLCN-website.pdf\" target=\"_blank\" rel=\"noopener\">Th\u00f4ng b\u00e1o x\u1eed l\u00fd d\u1eef li\u1ec7u c\u00e1 nh\u00e2n<\/a><\/li>\n<li><a href=\"https:\/\/victoriavn.com\/khamtongquat\/chinh-sach-cookie\/\" target=\"_blank\" rel=\"noopener\">Ch\u00ednh s\u00e1ch Cookies<\/a><\/li>\n<\/ul>\n","protected":false},"excerpt":{"rendered":"<p>Ch\u00ednh s\u00e1ch b\u1ea3o m\u1eadt th\u00f4ng tin c\u00e1 nh\u00e2n Th\u00f4ng b\u00e1o x\u1eed l\u00fd d\u1eef li\u1ec7u c\u00e1 nh\u00e2n Ch\u00ednh s\u00e1ch Cookies<\/p>\n","protected":false},"author":1,"featured_media":0,"parent":0,"menu_order":0,"comment_status":"closed","ping_status":"closed","template":"","meta":{"footnotes":""},"class_list":["post-3","page","type-page","status-publish","hentry"],"_links":{"self":[{"href":"https:\/\/victoriavn.com\/khamtongquat\/wp-json\/wp\/v2\/pages\/3","targetHints":{"allow":["GET"]}}],"collection":[{"href":"https:\/\/victoriavn.com\/khamtongquat\/wp-json\/wp\/v2\/pages"}],"about":[{"href":"https:\/\/victoriavn.com\/khamtongquat\/wp-json\/wp\/v2\/types\/page"}],"author":[{"embeddable":true,"href":"https:\/\/victoriavn.com\/khamtongquat\/wp-json\/wp\/v2\/users\/1"}],"replies":[{"embeddable":true,"href":"https:\/\/victoriavn.com\/khamtongquat\/wp-json\/wp\/v2\/comments?post=3"}],"version-history":[{"count":5,"href":"https:\/\/victoriavn.com\/khamtongquat\/wp-json\/wp\/v2\/pages\/3\/revisions"}],"predecessor-version":[{"id":50875,"href":"https:\/\/victoriavn.com\/khamtongquat\/wp-json\/wp\/v2\/pages\/3\/revisions\/50875"}],"wp:attachment":[{"href":"https:\/\/victoriavn.com\/khamtongquat\/wp-json\/wp\/v2\/media?parent=3"}],"curies":[{"name":"wp","href":"https:\/\/api.w.org\/{rel}","templated":true}]}}