{"id":19337,"date":"2021-04-05T10:10:51","date_gmt":"2021-04-05T03:10:51","guid":{"rendered":"https:\/\/victoriavn.com\/khamtongquat\/?page_id=19337"},"modified":"2021-04-05T10:11:22","modified_gmt":"2021-04-05T03:11:22","slug":"chuan-bi-gi-khi-kham-tong-quat","status":"publish","type":"page","link":"https:\/\/victoriavn.com\/khamtongquat\/chuan-bi-gi-khi-kham-tong-quat\/","title":{"rendered":"CHU\u1ea8N B\u1eca G\u00cc KHI KH\u00c1M T\u1ed4NG QU\u00c1T"},"content":{"rendered":"<p><strong>CHU\u1ea8N B\u1eca G\u00cc TR\u01af\u1edaC KHI KH\u00c1M T\u1ed4NG QU\u00c1T?<\/strong><\/p>\n<p><strong>TR\u01af\u1edaC NG\u00c0Y KH\u00c1M T\u1ed4NG QU\u00c1T<\/strong><br \/>\n&#8211; D\u00e0nh th\u1eddi gian t\u1ed5ng h\u1ee3p v\u00e0 ghi ch\u00fa l\u1ea1i t\u1ea5t c\u1ea3 nh\u1eefng d\u1ea5u hi\u1ec7u thay \u0111\u1ed5i c\u1ee7a s\u1ee9c kh\u1ecfe, bao g\u1ed3m nh\u1eefng bi\u1ec3u hi\u1ec7n b\u1ea5t th\u01b0\u1eddng tr\u00ean c\u01a1 th\u1ec3 v\u00e0 nh\u1eefng thay \u0111\u1ed5i b\u1ea5t th\u01b0\u1eddng th\u00f3i quen sinh ho\u1ea1t.<br \/>\n&#8211; Ghi l\u1ea1i nh\u1eefng c\u00e2u h\u1ecfi v\u00e0 c\u00e1c v\u1ea5n \u0111\u1ec1 s\u1ee9c kh\u1ecfe b\u1ea1n \u0111ang quan t\u00e2m \u0111\u1ec3 trao \u0111\u1ed5i v\u1edbi b\u00e1c s\u0129.<br \/>\n&#8211; N\u1ebfu \u0111\u01b0\u1ee3c, h\u00e3y b\u1ecf ra \u00edt ph\u00fat \u0111i\u1ec1n tr\u01b0\u1edbc th\u00f4ng tin b\u1ec7nh s\u1eed c\u00e1 nh\u00e2n v\u00e0 gia \u0111\u00ecnh. \u0110i\u1ec1u n\u00e0y r\u1ea5t quan tr\u1ecdng \u0111\u1ec3 b\u00e1c s\u0129 c\u1ee7a b\u1ea1n c\u00f3 \u0111\u00e1nh gi\u00e1 to\u00e0n di\u1ec7n v\u00e0 ch\u00ednh x\u00e1c h\u01a1n v\u1ec1 c\u00e1c nguy c\u01a1 s\u1ee9c kh\u1ecfe c\u1ee7a b\u1ea1n.<br \/>\n&#8211; TR\u01af\u1edaC KHI L\u1ea4Y M\u1eaaU M\u00c1U<br \/>\n&#8211; Nh\u1ecbn \u0103n tr\u01b0\u1edbc khi l\u1ea5y m\u00e1u \u00edt nh\u1ea5t 6 \u2013 8 ti\u1ebfng<br \/>\n&#8211; U\u1ed1ng n\u01b0\u1edbc l\u1ecdc<br \/>\n&#8211; X\u00e1c nh\u1eadn v\u1edbi nh\u00e2n vi\u00ean y t\u1ebf nh\u1eefng th\u1ee9c \u0103n, th\u1ee9c u\u1ed1ng \u0111\u00e3 d\u00f9ng tr\u01b0\u1edbc l\u00fac l\u1ea5y m\u00e1u<\/p>\n<p><strong>KH\u00d4NG N\u00caN:<\/strong><br \/>\n&#8211; U\u1ed1ng bia v\u00e0 th\u1ee9c u\u1ed1ng c\u00f3 c\u1ed3n 24 ti\u1ebfng tr\u01b0\u1edbc th\u1eddi \u0111i\u1ec3m l\u1ea5y m\u00e1u<br \/>\n&#8211; \u0102n t\u1ed1i sau 20h v\u00e0o \u0111\u00eam tr\u01b0\u1edbc ng\u00e0y l\u1ea5y m\u00e1u<br \/>\n&#8211; U\u1ed1ng c\u00e0 ph\u00ea, tr\u00e0, s\u1eefa tr\u01b0\u1edbc th\u1eddi \u0111i\u1ec3m l\u1ea5y m\u00e1u<\/p>\n<p><strong>H\u01af\u1edaNG D\u1eaaN L\u1ea4Y M\u1eaaU N\u01af\u1edaC TI\u1ec0U:<\/strong><br \/>\n&#8211; V\u1ec7 sinh s\u1ea1ch s\u1ebd c\u01a1 quan ti\u1ebft ni\u1ec7u<br \/>\n&#8211; L\u1ea5y n\u01b0\u1edbc ti\u1ec3u gi\u1eefa d\u00f2ng<br \/>\n&#8211; L\u01b0\u1ee3ng n\u01b0\u1edbc ti\u1ec3u \u0111\u1ea7y 1\/2 &#8211; 2\/3 l\u1ecd m\u1eabu l\u00e0 \u0111\u1ee7<br \/>\n&#8211; V\u1eb7n ch\u1eb7t n\u1eafp l\u1ecd \u0111\u1ef1ng m\u1eabu<br \/>\n&#8211; N\u1eef gi\u1edbi \u0111ang trong chu k\u1ef3, ch\u1ec9 n\u00ean l\u1ea5y m\u1eabu sau 5 ng\u00e0y h\u1ebft chu k\u1ef3<br \/>\n&#8211; Kh\u00f4ng ch\u1ea1m tay ho\u1eb7c b\u1ea5t c\u1ee9 th\u1ee9 g\u00ec v\u00e0o trong m\u1eabu<br \/>\n&#8211; Quan tr\u1ecdng: C\u1ea7n ch\u1eafc ch\u1eafn r\u1eb1ng nh\u00e2n vi\u00ean y t\u1ebf lu\u00f4n x\u00e1c nh\u1eadn ch\u00ednh x\u00e1c th\u00f4ng tin c\u00e1 nh\u00e2n c\u1ee7a b\u1ea1n tr\u01b0\u1edbc khi ti\u1ebfn h\u00e0nh l\u1ea5y m\u1eabu x\u00e9t nhi\u1ec7m. Vi\u1ec7c n\u00e0y c\u00f3 \u00fd ngh\u0129a ki\u1ec3m so\u00e1t th\u00f4ng tin v\u00e0 tr\u00e1nh nh\u1ea7m m\u1eabu x\u00e9t nghi\u1ec7m v\u1edbi b\u1ec7nh nh\u00e2n kh\u00e1c.<\/p>\n","protected":false},"excerpt":{"rendered":"<p>CHU\u1ea8N B\u1eca G\u00cc TR\u01af\u1edaC KHI KH\u00c1M T\u1ed4NG QU\u00c1T? TR\u01af\u1edaC NG\u00c0Y KH\u00c1M T\u1ed4NG QU\u00c1T &#8211; D\u00e0nh th\u1eddi gian t\u1ed5ng h\u1ee3p v\u00e0 ghi ch\u00fa l\u1ea1i t\u1ea5t c\u1ea3 nh\u1eefng d\u1ea5u hi\u1ec7u thay \u0111\u1ed5i c\u1ee7a s\u1ee9c kh\u1ecfe, bao g\u1ed3m nh\u1eefng bi\u1ec3u hi\u1ec7n b\u1ea5t th\u01b0\u1eddng tr\u00ean c\u01a1 th\u1ec3 v\u00e0 nh\u1eefng thay \u0111\u1ed5i b\u1ea5t th\u01b0\u1eddng th\u00f3i quen sinh ho\u1ea1t. &#8211; Ghi &#8230;<\/p>\n","protected":false},"author":1,"featured_media":0,"parent":0,"menu_order":0,"comment_status":"closed","ping_status":"closed","template":"page-right-sidebar.php","meta":{"footnotes":""},"class_list":["post-19337","page","type-page","status-publish","hentry"],"_links":{"self":[{"href":"https:\/\/victoriavn.com\/khamtongquat\/wp-json\/wp\/v2\/pages\/19337","targetHints":{"allow":["GET"]}}],"collection":[{"href":"https:\/\/victoriavn.com\/khamtongquat\/wp-json\/wp\/v2\/pages"}],"about":[{"href":"https:\/\/victoriavn.com\/khamtongquat\/wp-json\/wp\/v2\/types\/page"}],"author":[{"embeddable":true,"href":"https:\/\/victoriavn.com\/khamtongquat\/wp-json\/wp\/v2\/users\/1"}],"replies":[{"embeddable":true,"href":"https:\/\/victoriavn.com\/khamtongquat\/wp-json\/wp\/v2\/comments?post=19337"}],"version-history":[{"count":2,"href":"https:\/\/victoriavn.com\/khamtongquat\/wp-json\/wp\/v2\/pages\/19337\/revisions"}],"predecessor-version":[{"id":19339,"href":"https:\/\/victoriavn.com\/khamtongquat\/wp-json\/wp\/v2\/pages\/19337\/revisions\/19339"}],"wp:attachment":[{"href":"https:\/\/victoriavn.com\/khamtongquat\/wp-json\/wp\/v2\/media?parent=19337"}],"curies":[{"name":"wp","href":"https:\/\/api.w.org\/{rel}","templated":true}]}}