{"id":19335,"date":"2021-04-05T10:04:30","date_gmt":"2021-04-05T03:04:30","guid":{"rendered":"https:\/\/victoriavn.com\/khamtongquat\/?page_id=19335"},"modified":"2021-04-05T10:04:30","modified_gmt":"2021-04-05T03:04:30","slug":"hieu-y-nghia-cac-goi-kham-suc-khoe-tong-quat-cua-victoria-healthcare-de-co-su-lua-chon-phu-hop-nhat-cho-suc-khoe-cua-ban","status":"publish","type":"page","link":"https:\/\/victoriavn.com\/khamtongquat\/hieu-y-nghia-cac-goi-kham-suc-khoe-tong-quat-cua-victoria-healthcare-de-co-su-lua-chon-phu-hop-nhat-cho-suc-khoe-cua-ban\/","title":{"rendered":"HI\u1ec2U \u00dd NGH\u0128A C\u00c1C G\u00d3I KH\u00c1M S\u1ee8C KH\u1eceE T\u1ed4NG QU\u00c1T C\u1ee6A VICTORIA HEALTHCARE \u0110\u1ec2 C\u00d3 S\u1ef0 L\u1ef0A CH\u1eccN PH\u00d9 H\u1ee2P NH\u1ea4T CHO S\u1ee8C KH\u1eceE C\u1ee6A B\u1ea0N."},"content":{"rendered":"<p><strong>HI\u1ec2U \u00dd NGH\u0128A C\u00c1C G\u00d3I KH\u00c1M S\u1ee8C KH\u1eceE T\u1ed4NG QU\u00c1T C\u1ee6A VICTORIA HEALTHCARE \u0110\u1ec2 C\u00d3 S\u1ef0 L\u1ef0A CH\u1eccN PH\u00d9 H\u1ee2P NH\u1ea4T CHO S\u1ee8C KH\u1eceE C\u1ee6A B\u1ea0N.<\/strong><\/p>\n<p>T\u1ea1i Victoria Healthcare, c\u00e1c g\u00f3i kh\u00e1m t\u1ed5ng qu\u00e1t \u0111\u01b0\u1ee3c h\u1ed9i \u0111\u1ed3ng y khoa thi\u1ebft k\u1ebf d\u1ef1a theo khuy\u1ebfn c\u00e1o c\u1ee7a c\u00e1c t\u1ed5 ch\u1ee9c y t\u1ebf uy t\u00edn tr\u00ean th\u1ebf gi\u1edbi: CDC, WHO, ACS.. v\u00e0 nghi\u00ean c\u1ee9u y khoa m\u1edbi nh\u1ea5t \u0111\u01b0\u1ee3c c\u1eadp nh\u1eadt t\u1ea1i c\u1ed5ng th\u00f4ng tin y khoa uptpdate.com<br \/>\nC\u00e1c g\u00f3i kh\u00e1m s\u1ee9c kh\u1ecfe \u0111\u01b0\u1ee3c thi\u1ebft k\u1ebf nh\u1eb1m \u0111\u00e1p \u1ee9ng nhu c\u1ea7u ki\u1ec3m tra s\u1ee9c kh\u1ecfe theo ti\u00eau chu\u1ea9n chung c\u1ee7a m\u1ecdi ng\u01b0\u1eddi, \u0111\u1ed3ng th\u1eddi m\u1ed9t s\u1ed1 g\u00f3i kh\u00e1m \u0111\u01b0\u1ee3c thi\u1ebft k\u1ebf d\u00e0nh cho m\u1ed9t nh\u00f3m \u0111\u1ed1i t\u01b0\u1ee3ng b\u1ec7nh nh\u00e2n \u0111ang c\u1ea7n theo d\u00f5i ki\u1ec3m so\u00e1t c\u00e1c b\u1ec7nh l\u00fd n\u1ec1n c\u01a1 b\u1ea3n, v\u1edbi m\u1ee5c \u0111\u00edch ti\u1ebft ki\u1ec7m chi ph\u00ed v\u00e0 t\u1ea1o s\u1ef1 thu\u1eadn ti\u1ec7n cho kh\u00e1ch h\u00e0ng trong vi\u1ec7c ch\u0103m s\u00f3c s\u1ee9c kh\u1ecfe ch\u1ee7 \u0111\u1ed9ng.<\/p>\n<p><strong>C\u00c1C G\u00d3I KH\u00c1M T\u1ed4NG QU\u00c1T \u0110\u1ecaNH K\u1ef2 H\u00c0NG N\u0102M<\/strong><br \/>\nBao g\u1ed3m:<\/p>\n<ul>\n<li>G\u00f3i kh\u00e1m t\u1ed5ng qu\u00e1t ti\u00eau chu\u1ea9n: th\u01b0\u1eddng d\u00e0nh cho nh\u1eefng ng\u01b0\u1eddi tr\u1ebb t\u1eeb 18- d\u01b0\u1edbi 30 tu\u1ed5i, kh\u1ecfe m\u1ea1nh, kh\u00f4ng c\u00f3 b\u1ec7nh s\u1eed c\u00e1 nh\u00e2n v\u00e0 gia \u0111\u00ecnh.<\/li>\n<li>C\u00e1c g\u00f3i kh\u00e1m t\u1ed5ng qu\u00e1t cao c\u1ea5p d\u00e0nh cho nam ho\u1eb7c n\u1eef: th\u01b0\u1eddng d\u00e0nh cho nh\u1eefng ng\u01b0\u1eddi t\u1eeb 30 tu\u1ed5i tr\u1edf l\u00ean<\/li>\n<li>G\u00f3i kh\u00e1m t\u1ea7m so\u00e1t chuy\u00ean s\u00e2u: d\u00e0nh cho nam v\u00e0 n\u1eef \u1edf \u0111\u1ed9 tu\u1ed5i trung ni\u00ean(t\u1eeb 40 tr\u1edf l\u00ean) ho\u1eb7c nh\u1eefng ng\u01b0\u1eddi tr\u1ebb h\u01a1n c\u00f3 b\u1ec7nh l\u00fd n\u1ec1n ho\u1eb7c b\u1ec7nh s\u1eed c\u00e1 nh\u00e2n, gia \u0111\u00ecnh ph\u1ee9c t\u1ea1p.<\/li>\n<li>N\u1ed9i dung v\u00e0 \u00fd ngh\u0129a c\u00e1c g\u00f3i kh\u00e1m t\u1ed5ng qu\u00e1t \u0111\u1ecbnh k\u1ef3:<\/li>\n<li>T\u1ea7m so\u00e1t v\u00e0 ph\u00e1t hi\u1ec7n s\u1edbm c\u00e1c b\u1ec7nh l\u00fd ung th\u01b0 th\u01b0\u1eddng g\u1eb7p: ung th\u01b0 ph\u1ed5i, ung th\u01b0 gan, ung th\u01b0 m\u00e1u, ung c\u1ed5 t\u1eed cung, Ung th\u01b0 v\u00fa \u1edf n\u1eef, ung th\u01b0 tuy\u1ebfn ti\u1ec1n li\u1ec7t \u1edf nam<\/li>\n<li>Ph\u00e1t hi\u1ec7n s\u1edbm v\u00e0 \u0111i\u1ec1u tr\u1ecb ki\u1ec3m so\u00e1t c\u00e1c b\u1ec7nh l\u00fd m\u1ea1n t\u00ednh th\u01b0\u1eddng g\u1eb7p: Ti\u1ec3u \u0111\u01b0\u1eddng, m\u1ee1 m\u00e1u, cao huy\u1ebft \u00e1p, tim m\u1ea1ch, vi\u00eam gan, ti\u1ebft ni\u1ec7u-th\u1eadn\u2026<\/li>\n<li>Ki\u1ec3m tra, \u0111\u00e1nh gi\u00e1 b\u1ec7nh s\u1eed c\u00e1 nh\u00e2n v\u00e0 gia \u0111\u00ecnh<\/li>\n<li>\u0110\u00e1nh gi\u00e1 nguy c\u01a1 s\u1ee9c kh\u1ecfe ti\u1ec1m \u1ea9n, t\u01b0 v\u1ea5n \u0111i\u1ec1u ch\u1ec9nh l\u1ed1i s\u1ed1ng, th\u00f3i quen sinh ho\u1ea1t gi\u00fap n\u00e2ng cao th\u1ec3 l\u1ef1c v\u00e0 ph\u00f2ng ng\u1eeba b\u1ec7nh<\/li>\n<li>T\u01b0 v\u1ea5n ti\u00eam ch\u1ee7ng, ch\u0103m s\u00f3c ph\u00f2ng ng\u1eeba<\/li>\n<li>C\u1ed5ng th\u00f4ng tin b\u1ec7nh nh\u00e2n, b\u1ec7nh \u00e1n \u0111i\u1ec7n t\u1eed mi\u1ec5n ph\u00ed b\u1ea3o m\u1eadt th\u00f4ng tin v\u00e0 gi\u00fap b\u1ec7nh nh\u00e2n l\u01b0u tr\u1eef th\u00f4ng tin s\u1ee9c kh\u1ecfe v\u00f4 th\u1eddi h\u1ea1n, gi\u00fap m\u1edf r\u1ed9ng t\u01b0\u01a1ng t\u00e1c, t\u01b0 v\u1ea5n tr\u1ef1c ti\u1ebfp v\u1edbi b\u00e1c s\u0129 \u0111i\u1ec1u tr\u1ecb.<\/li>\n<\/ul>\n<p>C\u00e1c g\u00f3i kh\u00e1m n\u00eau tr\u00ean th\u01b0\u1eddng \u0111\u01b0\u1ee3c c\u00e1c b\u00e1c s\u0129 c\u1ee7a Victoria Healthcare khuy\u1ebfn ngh\u1ecb th\u1ef1c hi\u1ec7n \u0111\u1ecbnh k\u1ef3 m\u1ed7i 6 th\u00e1ng \u2013 1 n\u0103m.<br \/>\nG\u00d3I T\u1ea6M SO\u00c1T CHUY\u00caN S\u00c2U: cung c\u1ea5p nhi\u1ec1u x\u00e9t nghi\u1ec7m chuy\u1ec7n s\u00e2u h\u01a1n nh\u1eb1m \u0111\u00e1nh gi\u00e1 to\u00e0n di\u1ec7n c\u00e1c v\u1ea5n \u0111\u1ec1 s\u1ee9c kh\u1ecfe c\u1ee7a m\u1ed9t c\u00e1 nh\u00e2n, cho nh\u00ecn th\u1ea5y m\u1ed9t b\u1ee9c tranh t\u1ed5ng th\u1ec3 v\u1ec1 s\u1ee9c kh\u1ecfe c\u1ee7a b\u1ea1n.<\/p>\n<p><strong>G\u00d3I T\u1ea6M SO\u00c1T B\u1ec6NH L\u00dd CHUY\u00caN KHOA:<\/strong><br \/>\nCung c\u1ea5p nh\u1eefng x\u00e9t nghi\u1ec7m chuy\u00ean s\u00e2u, t\u1eadp trung ki\u1ec3m tra ph\u00e1t hi\u1ec7n m\u1ed9t ho\u1eb7c nh\u00f3m nguy c\u01a1 b\u1ec7nh l\u00fd. C\u00e1c g\u00f3i kh\u00e1m n\u00e0y \u0111\u01b0\u1ee3c khuy\u1ebfn c\u00e1o d\u00e0nh cho nh\u1eefng ng\u01b0\u1eddi c\u00f3 nguy c\u01a1 cao v\u1ec1 m\u1ed9t v\u1ea5n \u0111\u1ec1 s\u1ee9c kh\u1ecfe nh\u1ea5t \u0111\u1ecbnh, ho\u1eb7c b\u1ea3n th\u00e2n nghi ng\u1edd, lo l\u1eafng v\u1ec1 m\u1ed9t v\u1ea5n \u0111\u1ec1 s\u1ee9c kh\u1ecfe nh\u1ea5t \u0111\u1ecbnh.<br \/>\nV\u00ed d\u1ee5: T\u1ea7m so\u00e1t ung thu tuy\u1ebfn gi\u00e1p, t\u1ea7m so\u00e1t ung th\u01b0 v\u00f2m h\u1ecdng, t\u1ea7m so\u00e1t ung th\u01b0 v\u00fa, t\u1ea7m so\u00e1t ung th\u01b0 ph\u1ee5 khoa, t\u1ea7m so\u00e1t b\u1ec7nh l\u00fd nam khoa\u2026<\/p>\n<p>Ngo\u00e0i ra, Victoria Healthcare c\u0169ng x\u00e2y d\u1ef1ng ch\u01b0\u01a1ng tr\u00ecnh ch\u0103m s\u00f3c s\u1ee9c kh\u1ecfe Nhi Khoa bao g\u1ed3m c\u00e1c ti\u00eau chu\u1ea9n th\u0103m kh\u00e1m, \u0111\u00e1nh gi\u00e1 s\u1ee9c kh\u1ecfe theo t\u1eebng giai \u0111o\u1ea1n v\u00e0 c\u1ed9t m\u1ed1c ph\u00e1t tri\u1ec3n \u1edf tr\u1ebb t\u1eeb s\u01a1 sinh \u0111\u1ebfn d\u01b0\u1edbi 18 tu\u1ed5i. T\u1ea1i Victoria Healthcare, ch\u00fang t\u00f4i khuy\u1ebfn c\u00e1o b\u1ec7nh nh\u00e2n kh\u00f4ng n\u00ean l\u1ea1m d\u1ee5ng nhi\u1ec1u x\u00e9t nghi\u1ec7m t\u00ecm d\u1ea5u \u1ea5n ung th\u01b0 trong g\u00f3i kh\u00e1m s\u1ee9c kh\u1ecfe t\u1ed5ng qu\u00e1t \u0111\u1ec3 t\u1ea7m so\u00e1t ung th\u01b0, v\u00ec c\u00e1c x\u00e9t nghi\u1ec7m n\u00e0y c\u00f3 kh\u1ea3 n\u0103ng cho k\u1ebft qu\u1ea3 d\u01b0\u01a1ng t\u00ednh gi\u1ea3 cao. Vi\u1ec7c n\u00e0y s\u1ebd l\u00e0m t\u1ed1n nhi\u1ec1u chi ph\u00ed y t\u1ebf v\u00e0 mang l\u1ea1i t\u00e2m l\u00fd lo l\u1eafng, hoang mang cho ng\u01b0\u1eddi b\u1ec7nh n\u1ebfu nh\u1eadn \u0111\u01b0\u1ee3c k\u1ebft qu\u1ea3 ung th\u01b0 d\u01b0\u01a1ng t\u00ednh gi\u1ea3.<br \/>\nCho t\u1edbi nay, y h\u1ecdc v\u1eabn ch\u01b0a c\u00f3 ph\u01b0\u01a1ng ph\u00e1p n\u00e0o h\u1eefu hi\u1ec7u t\u1ea7m so\u00e1t \u0111\u01b0\u1ee3c t\u1ea5t c\u1ea3 ung th\u01b0<\/p>\n","protected":false},"excerpt":{"rendered":"<p>HI\u1ec2U \u00dd NGH\u0128A C\u00c1C G\u00d3I KH\u00c1M S\u1ee8C KH\u1eceE T\u1ed4NG QU\u00c1T C\u1ee6A VICTORIA HEALTHCARE \u0110\u1ec2 C\u00d3 S\u1ef0 L\u1ef0A CH\u1eccN PH\u00d9 H\u1ee2P NH\u1ea4T CHO S\u1ee8C KH\u1eceE C\u1ee6A B\u1ea0N. T\u1ea1i Victoria Healthcare, c\u00e1c g\u00f3i kh\u00e1m t\u1ed5ng qu\u00e1t \u0111\u01b0\u1ee3c h\u1ed9i \u0111\u1ed3ng y khoa thi\u1ebft k\u1ebf d\u1ef1a theo khuy\u1ebfn c\u00e1o c\u1ee7a c\u00e1c t\u1ed5 ch\u1ee9c y t\u1ebf uy t\u00edn tr\u00ean th\u1ebf &#8230;<\/p>\n","protected":false},"author":1,"featured_media":0,"parent":0,"menu_order":0,"comment_status":"closed","ping_status":"closed","template":"page-right-sidebar.php","meta":{"footnotes":""},"class_list":["post-19335","page","type-page","status-publish","hentry"],"_links":{"self":[{"href":"https:\/\/victoriavn.com\/khamtongquat\/wp-json\/wp\/v2\/pages\/19335","targetHints":{"allow":["GET"]}}],"collection":[{"href":"https:\/\/victoriavn.com\/khamtongquat\/wp-json\/wp\/v2\/pages"}],"about":[{"href":"https:\/\/victoriavn.com\/khamtongquat\/wp-json\/wp\/v2\/types\/page"}],"author":[{"embeddable":true,"href":"https:\/\/victoriavn.com\/khamtongquat\/wp-json\/wp\/v2\/users\/1"}],"replies":[{"embeddable":true,"href":"https:\/\/victoriavn.com\/khamtongquat\/wp-json\/wp\/v2\/comments?post=19335"}],"version-history":[{"count":1,"href":"https:\/\/victoriavn.com\/khamtongquat\/wp-json\/wp\/v2\/pages\/19335\/revisions"}],"predecessor-version":[{"id":19336,"href":"https:\/\/victoriavn.com\/khamtongquat\/wp-json\/wp\/v2\/pages\/19335\/revisions\/19336"}],"wp:attachment":[{"href":"https:\/\/victoriavn.com\/khamtongquat\/wp-json\/wp\/v2\/media?parent=19335"}],"curies":[{"name":"wp","href":"https:\/\/api.w.org\/{rel}","templated":true}]}}