{"id":19332,"date":"2021-04-05T10:01:19","date_gmt":"2021-04-05T03:01:19","guid":{"rendered":"https:\/\/victoriavn.com\/khamtongquat\/?page_id=19332"},"modified":"2021-04-05T10:01:36","modified_gmt":"2021-04-05T03:01:36","slug":"kham-suc-khoe-dinh-ky-la-du-an-dau-tu-dai-han-co-loi-nhuan-cao","status":"publish","type":"page","link":"https:\/\/victoriavn.com\/khamtongquat\/kham-suc-khoe-dinh-ky-la-du-an-dau-tu-dai-han-co-loi-nhuan-cao\/","title":{"rendered":"KH\u00c1M S\u1ee8C KH\u1eceE \u0110\u1ecaNH K\u1ef2 L\u00c0 \u201cD\u1ef0 \u00c1N\u201d \u0110\u1ea6U T\u01af D\u00c0I H\u1ea0N C\u00d3 L\u1ee2I NHU\u1eacN CAO"},"content":{"rendered":"<p><strong>KH\u00c1M S\u1ee8C KH\u1eceE \u0110\u1ecaNH K\u1ef2 L\u00c0 \u201cD\u1ef0 \u00c1N\u201d \u0110\u1ea6U T\u01af D\u00c0I H\u1ea0N C\u00d3 L\u1ee2I NHU\u1eacN CAO<\/strong><\/p>\n<p>\u00d4ng b\u00e0 ta hay n\u00f3i \u201cS\u1ee9c kh\u1ecfe l\u00e0 v\u00e0ng\u201d v\u00e0 ngh\u0129 vui theo c\u00e1c nh\u00e0 kinh doanh th\u00ec vi\u1ec7c kh\u00e1m s\u1ee9c kh\u1ecfe t\u1ed5ng qu\u00e1t \u0111\u1ecbnh k\u1ef3 gi\u1ed1ng nh\u01b0 m\u1ed9t kho\u1ea3n \u0111\u1ea7u t\u01b0 d\u00e0i h\u1ea1n c\u00f3 l\u1ee3i nhu\u1eadn cao cho \u201cd\u1ef1 \u00e1n\u201d s\u1ee9c kh\u1ecfe c\u1ee7a b\u1ea1n. Tuy v\u1eady, kh\u00f4ng ph\u1ea3i ai c\u0169ng th\u1ea5y \u0111\u01b0\u1ee3c l\u1ee3i \u00edch v\u00e0 \u0111\u1ed3ng \u00fd \u201c\u0111\u1ea7u t\u01b0\u201d v\u00e0o kho\u1ea3n n\u00e0y.<br \/>\nD\u01b0\u1edbi g\u00f3c \u0111\u1ed9 l\u00e0 m\u1ed9t nh\u00e0 kinh doanh v\u00e0 m\u1ed9t b\u00e1c s\u0129 tr\u1ef1c ti\u1ebfp th\u0103m kh\u00e1m t\u1ed5ng qu\u00e1t cho nhi\u1ec1u kh\u00e1ch h\u00e0ng, BS Nguy\u1ec5n V\u0129nh T\u01b0\u1eddng &#8211; Gi\u00e1m \u0110\u1ed1c H\u1ed9i \u0110\u1ed3ng Y Khoa, ng\u01b0\u1eddi \u0111\u1ed3ng s\u00e1ng l\u1eadp h\u1ec7 th\u1ed1ng Ph\u00f2ng kh\u00e1m Victoria Healthcare \u0111\u00e3 chia s\u1ebb v\u00e0i \u201cm\u1eb9o\u201d nh\u1ecf \u0111\u1ec3 t\u1ed1i \u01b0u h\u00f3a vi\u1ec7c kh\u00e1m s\u1ee9c kh\u1ecfe \u0111\u1ecbnh k\u1ef3.<\/p>\n<p><strong>1. \u2018H\u00c3Y T\u1eacN D\u1ee4NG QUY\u1ec0N L\u1ee2I C\u00d3 \u0110\u01af\u1ee2C\u201d<\/strong><br \/>\nQuy\u1ec1n l\u1ee3i c\u1ee7a b\u1ea1n kh\u00f4ng n\u1eb1m trong danh m\u1ee5c s\u1ed1 l\u01b0\u1ee3ng c\u00e1c x\u00e9t nghi\u1ec7m y khoa c\u1ee7a g\u00f3i kh\u00e1m s\u1ee9c kh\u1ecfe.<br \/>\nB\u00e1c s\u0129 d\u1ef1a tr\u00ean nh\u1eefng nhu c\u1ea7u chung x\u00e2y d\u1ef1ng cho b\u1ea1n c\u00e1c danh m\u1ee5c x\u00e9t nghi\u1ec7m c\u1ea7n v\u00e0 \u0111\u1ee7 \u0111\u1ec3 c\u00f3 c\u00e1i nh\u00ecn t\u1ed5ng quan v\u1ec1 s\u1ee9c kh\u1ecfe c\u1ee7a b\u1ea1n.<br \/>\nB\u1ea1n n\u00ean trao \u0111\u1ed5i tr\u1ef1c ti\u1ebfp v\u1edbi b\u00e1c s\u0129 \u0111\u1ec3 \u0111\u01b0\u1ee3c t\u01b0 v\u1ea5n v\u00e0 thi\u1ebft k\u1ebf ri\u00eang n\u1ebfu c\u1ea3m th\u1ea5y m\u1ed9t s\u1ed1 x\u00e9t nghi\u1ec7m trong g\u00f3i kh\u00e1m c\u00f3 s\u1eb5n kh\u00f4ng c\u1ea7n thi\u1ebft v\u1edbi b\u1ea1n, kh\u00f4ng n\u00ean t\u1ef1 \u00fd \u201cgia gi\u1ea3m\u201d c\u00e1c h\u1ea1ng m\u1ee5c n\u00e0y.<br \/>\nB\u00e1c s\u0129 s\u1ebd k\u1ebft h\u1ee3p c\u00e1c k\u1ebft qu\u1ea3 x\u00e9t nghi\u1ec7m y khoa, k\u1ebft qu\u1ea3 kh\u00e1m l\u00e2m s\u00e0ng v\u00e0 th\u00f4ng tin v\u1ec1 nh\u1eefng d\u1ea5u hi\u1ec7u s\u1ee9c kh\u1ecfe do ch\u00ednh b\u1ea1n n\u00eau ra \u0111\u1ec3 \u0111\u01b0a ra k\u1ebft qu\u1ea3 ch\u1ea9n \u0111o\u00e1n cu\u1ed1i c\u00f9ng. \u0110\u00e2y m\u1edbi l\u00e0 quy\u1ec1n l\u1ee3i l\u1edbn nh\u1ea5t m\u00e0 b\u1ea1n n\u00ean \u201c\u0111\u00f2i h\u1ecfi\u201d v\u00e0 \u201ct\u1eadn d\u1ee5ng\u201d tri\u1ec7t \u0111\u1ec3 \u1edf nh\u1eefng l\u1ea7n kh\u00e1m s\u1ee9c kh\u1ecfe t\u1ed5ng qu\u00e1t c\u1ee7a m\u00ecnh.<br \/>\nB\u1ea1n kh\u00f4ng n\u00ean ch\u01a1i tr\u00f2 \u201c\u0111\u1ed1 vui c\u00f9ng b\u00e1c s\u0129\u201d<br \/>\nNhi\u1ec1u b\u1ea1n c\u00f3 b\u1ec7nh ho\u1eb7c tri\u1ec7u ch\u1ee9ng b\u1ea5t th\u01b0\u1eddng nh\u01b0ng kh\u00f4ng \u201ckhai\u201d m\u00e0 \u201c\u00e9m\u201d l\u1ea1i \u0111\u1ec3 th\u1eed xem b\u00e1c s\u0129 c\u00f3 ch\u1ea9n \u0111o\u00e1n ra hay kh\u00f4ng. \u0110i\u1ec1u n\u00e0y ho\u00e0n to\u00e0n kh\u00f4ng n\u00ean v\u00ec b\u00e1c s\u0129 kh\u00f4ng ph\u1ea3i l\u00e0 b\u1ea1n, kh\u00f4ng th\u1ec3 c\u1ea3m nh\u1eadn \u0111\u01b0\u1ee3c nh\u1eefng d\u1ea5u hi\u1ec7u thay \u0111\u1ed5i nh\u1ecf \u1edf c\u01a1 th\u1ec3 hay s\u1ee9c kh\u1ecfe c\u1ee7a b\u1ea1n.<br \/>\nB\u1ea1n n\u00ean ch\u1ee7 \u0111\u1ed9ng thi\u1ebft l\u1eadp cho m\u00ecnh m\u1ed9t l\u1ecbch h\u1eb9n kh\u00e1m s\u1ee9c kh\u1ecfe t\u1ed5ng qu\u00e1t \u0111\u1ecbnh k\u1ef3 ph\u00f9 h\u1ee3p. Tr\u01b0\u1edbc ng\u00e0y h\u1eb9n n\u00ean d\u00e0nh th\u1eddi gian \u201cnghi\u1ec7m\u201d l\u1ea1i t\u1ea5t c\u1ea3 nh\u1eefng d\u1ea5u hi\u1ec7u thay \u0111\u1ed5i c\u1ee7a s\u1ee9c kh\u1ecfe \u0111\u1ec3 c\u00f3 th\u1ec3 \u0111\u1eb7t c\u00e2u h\u1ecfi v\u00e0 trao \u0111\u1ed5i chi ti\u1ebft v\u1edbi b\u00e1c s\u0129.<br \/>\nV\u00e0o ng\u00e0y h\u1eb9n kh\u00e1m, h\u00e3y \u0111i\u1ec1n \u0111\u1ea7y \u0111\u1ee7 th\u00f4ng tin b\u1ec7nh s\u1eed c\u1ee7a m\u00ecnh tr\u01b0\u1edbc, \u0111i\u1ec1u n\u00e0y gi\u00fap b\u00e1c s\u0129 d\u00e0nh \u0111\u01b0\u1ee3c nhi\u1ec1u th\u1eddi gian h\u01a1n cho b\u1ea1n thay v\u00ec ph\u1ea3i h\u1ecfi l\u1ea1i nh\u1eefng v\u1ea5n \u0111\u1ec1 th\u00f4ng th\u01b0\u1eddng. Qua \u0111\u00f3, b\u00e1c s\u0129 s\u1ebd c\u00f3 th\u00eam th\u1eddi gian t\u1eadp trung t\u1ed5ng h\u1ee3p c\u00e1c th\u00f4ng tin \u0111\u1ec3 nh\u1eadn \u0111\u1ecbnh nh\u1eefng v\u1ea5n \u0111\u1ec1 c\u1ed1t l\u00f5i trong ch\u0103m s\u00f3c s\u1ee9c kh\u1ecfe cho b\u1ea1n.<\/p>\n<p><strong>2. \u201c\u0110\u1eeaNG QU\u00c1 K\u1ef2 V\u1eccNG C\u00d3 L\u00c3I R\u00d2NG NGAY L\u1eacP T\u1ee8C\u201d<\/strong><br \/>\nVi\u1ec7c kh\u00e1m s\u1ee9c kh\u1ecfe t\u1ed5ng qu\u00e1t kh\u00f4ng ph\u1ea3i l\u00e0 \u201cc\u00e2y \u0111\u0169a th\u1ea7n\u201d c\u00f3 th\u1ec3 g\u00f5 ra m\u1ecdi th\u1ee9 b\u1ec7nh,<br \/>\nB\u1ea1n kh\u00f4ng n\u00ean v\u1ed9i nghi ng\u1edd n\u1ebfu k\u1ebft qu\u1ea3 nh\u1eadn \u0111\u01b0\u1ee3c l\u00e0 \u201ckh\u00f4ng b\u1ec7nh\u201d. Th\u1ef1c hi\u1ec7n kh\u00e1m s\u1ee9c kh\u1ecfe t\u1ed5ng qu\u00e1t kh\u00f4ng ph\u1ea3i \u0111\u1ec3 \u201cb\u00f3i\u201d xem b\u1ea1n c\u00f3 b\u1ec7nh hay kh\u00f4ng, m\u00e0 l\u00e0 vi\u1ec7c b\u00e1c s\u0129 gi\u00fap b\u1ea1n t\u01b0 v\u1ea5n ph\u00f2ng tr\u00e1nh c\u00e1c b\u1ec7nh l\u00fd \u0111\u00e1i th\u00e1o \u0111\u01b0\u1eddng, cholesterol, ung th\u01b0 \u0111\u1ea1i tr\u00e0ng\u2026\u0110\u00e2y l\u00e0 nh\u1eefng b\u1ec7nh l\u00fd ph\u00e1t sinh t\u1eeb l\u1ed1i s\u1ed1ng, th\u00f3i quen sinh ho\u1ea1t, \u0103n nhi\u1ec1u &#8211; v\u1eadn \u0111\u1ed9ng \u00edt, u\u1ed1ng nhi\u1ec1u r\u01b0\u1ee3u bia&#8230; C\u00e1c b\u1ec7nh l\u00fd n\u00e0y ho\u00e0n to\u00e0n c\u00f3 th\u1ec3 kh\u1eafc ph\u1ee5c \u0111\u01a1n gi\u1ea3n b\u1eb1ng c\u00e1ch \u0111i\u1ec1u ch\u1ec9nh, thay \u0111\u1ed5i l\u1ed1i s\u1ed1ng v\u00e0 kh\u00f4ng ph\u1ea3i t\u1ed1n k\u00e9m chi ph\u00ed thu\u1ed1c men. \u0110\u1ec3 l\u00e0m \u0111\u01b0\u1ee3c \u0111i\u1ec1u n\u00e0y th\u00ec b\u1ea1n c\u1ea7n ph\u1ea3i d\u00e0nh th\u1eddi gian v\u00e0 \u201cduy tr\u00ec\u201d \u0111\u1ea7u t\u01b0 v\u00e0o s\u1ee9c kh\u1ecfe c\u1ee7a m\u00ecnh.<br \/>\nTh\u00eam v\u00e0o \u0111\u00f3, n\u1ebfu b\u1ea1n th\u1ef1c hi\u1ec7n kh\u00e1m t\u1ed5ng qu\u00e1t \u0111\u1ecbnh k\u1ef3 th\u00ec s\u1ebd ph\u00e1t hi\u1ec7n s\u1edbm nhi\u1ec1u b\u1ec7nh b\u1ea5t ng\u1edd b\u1ed9c ph\u00e1t ho\u1eb7c b\u1ec7nh l\u00fd nguy hi\u1ec3m nh\u01b0ng ch\u1ec9 b\u1ed9c l\u1ed9 tri\u1ec7u ch\u1ee9ng r\u00f5 r\u00e0ng \u1edf giai \u0111o\u1ea1n mu\u1ed9n, t\u1eeb \u0111\u00f3 b\u1ea1n c\u00f3 th\u1ec3 tham v\u1ea5n b\u00e1c s\u0129 kh\u00e1m t\u1ed5ng qu\u00e1t cho m\u00ecnh \u0111\u1ec3 c\u00f3 h\u01b0\u1edbng \u0111i\u1ec1u tr\u1ecb, ng\u0103n ch\u1eb7n b\u1ec7nh \u1edf giai \u0111o\u1ea1n \u0111\u1ea7u nh\u1eb1m \u0111\u1ea1t \u0111\u01b0\u1ee3c k\u1ebft qu\u1ea3 \u0111i\u1ec1u tr\u1ecb cao nh\u1ea5t.<\/p>\n<p><strong>3. CH\u1eccN \u0110\u1ed0I T\u00c1C UY T\u00cdN CHO \u201cD\u1ef0 \u00c1N\u201d S\u1ee8C KH\u1eceE C\u1ee6A B\u1ea0N<\/strong><br \/>\n\u0110\u00e2y l\u00e0 \u0111i\u1ec1u ho\u00e0n to\u00e0n c\u1ea7n thi\u1ebft v\u00ec khi ch\u1ecdn \u0111\u01b0\u1ee3c \u201c\u0111\u1ed1i t\u00e1c\u201d h\u1ee3p \u00fd v\u00e0 uy t\u00edn th\u00ec vi\u1ec7c kh\u00e1m s\u1ee9c kh\u1ecfe t\u1ed5ng qu\u00e1t \u0111\u1ecbnh k\u1ef3 c\u1ee7a b\u1ea1n s\u1ebd tr\u1edf n\u00ean \u0111\u01a1n gi\u1ea3n h\u01a1n.<br \/>\nN\u1ebfu l\u00e0 m\u1ed9t \u201cnh\u00e0 cung \u1ee9ng\u201d chuy\u00ean nghi\u1ec7p, h\u1ed3 s\u01a1 b\u1ec7nh \u00e1n c\u1ee7a b\u1ea1n s\u1ebd \u0111\u01b0\u1ee3c h\u1ecd l\u01b0u tr\u1eef l\u1ea1i \u0111\u1ec3 so s\u00e1nh v\u1edbi k\u1ebft qu\u1ea3 c\u1ee7a nh\u1eefng l\u1ea7n kh\u00e1m tr\u01b0\u1edbc.<br \/>\nT\u1eeb \u0111\u00e2y, b\u1ea1n c\u00f3 th\u1ec3 y\u00eau c\u1ea7u b\u00e1c s\u0129 t\u01b0 v\u1ea5n cho b\u1ea1n nh\u1eefng x\u00e9t nghi\u1ec7m kh\u00f4ng c\u1ea7n thi\u1ebft th\u1ef1c hi\u1ec7n l\u1ea1i v\u00e0 n\u1ebfu c\u1ea7n b\u1ea1n c\u00f3 th\u1ec3 y\u00eau c\u1ea7u h\u1ecd nh\u1eafc h\u1eb9n kh\u00e1m \u0111\u1ecbnh k\u1ef3 h\u1eb1ng n\u0103m.<br \/>\nB\u00ean c\u1ea1nh \u0111\u00f3, b\u1ea1n c\u0169ng n\u00ean c\u00e2n nh\u1eafc c\u00e1c d\u1ecbch v\u1ee5 h\u1ed7 tr\u1ee3 k\u00e8m theo nh\u01b0 c\u00f3 th\u1ec3 h\u1ed7 tr\u1ee3 quy tr\u00ecnh nh\u1eadn, xem k\u1ebft qu\u1ea3 x\u00e9t nghi\u1ec7m ti\u1ec7n l\u1ee3i h\u01a1n. V\u00ed d\u1ee5: B\u1ea1n c\u00f3 th\u1ec3 ki\u1ec3m tra, \u0111\u1ecdc k\u1ebft qu\u1ea3 qua Internet ho\u1eb7c g\u1eedi k\u1ebft qu\u1ea3 qua email\u2026\u0110i\u1ec1u n\u00e0y gi\u00fap b\u1ea1n y\u00ean t\u00e2m khi ph\u1ea3i \u0111i c\u00f4ng t\u00e1c, ho\u1eb7c c\u1ea7n g\u1ea5p th\u00f4ng tin b\u1ec7nh \u00e1n, toa thu\u1ed1c\u2026trong tr\u01b0\u1eddng h\u1ee3p \u0111\u1ed9t xu\u1ea5t.<br \/>\n&#8212;<br \/>\nBs. Nguy\u1ec5n V\u0129nh T\u01b0\u1eddng \u2013 Gi\u00e1m \u0110\u1ed1c H\u1ed9i \u0110\u1ed3ng Y Khoa, \u0110\u1ed3ng s\u00e1ng l\u1eadp h\u1ec7 th\u1ed1ng ph\u00f2ng kh\u00e1m Victoria Healthcare<\/p>\n","protected":false},"excerpt":{"rendered":"<p>KH\u00c1M S\u1ee8C KH\u1eceE \u0110\u1ecaNH K\u1ef2 L\u00c0 \u201cD\u1ef0 \u00c1N\u201d \u0110\u1ea6U T\u01af D\u00c0I H\u1ea0N C\u00d3 L\u1ee2I NHU\u1eacN CAO \u00d4ng b\u00e0 ta hay n\u00f3i \u201cS\u1ee9c kh\u1ecfe l\u00e0 v\u00e0ng\u201d v\u00e0 ngh\u0129 vui theo c\u00e1c nh\u00e0 kinh doanh th\u00ec vi\u1ec7c kh\u00e1m s\u1ee9c kh\u1ecfe t\u1ed5ng qu\u00e1t \u0111\u1ecbnh k\u1ef3 gi\u1ed1ng nh\u01b0 m\u1ed9t kho\u1ea3n \u0111\u1ea7u t\u01b0 d\u00e0i h\u1ea1n c\u00f3 l\u1ee3i nhu\u1eadn cao cho &#8230;<\/p>\n","protected":false},"author":1,"featured_media":0,"parent":0,"menu_order":0,"comment_status":"closed","ping_status":"closed","template":"page-right-sidebar.php","meta":{"footnotes":""},"class_list":["post-19332","page","type-page","status-publish","hentry"],"_links":{"self":[{"href":"https:\/\/victoriavn.com\/khamtongquat\/wp-json\/wp\/v2\/pages\/19332","targetHints":{"allow":["GET"]}}],"collection":[{"href":"https:\/\/victoriavn.com\/khamtongquat\/wp-json\/wp\/v2\/pages"}],"about":[{"href":"https:\/\/victoriavn.com\/khamtongquat\/wp-json\/wp\/v2\/types\/page"}],"author":[{"embeddable":true,"href":"https:\/\/victoriavn.com\/khamtongquat\/wp-json\/wp\/v2\/users\/1"}],"replies":[{"embeddable":true,"href":"https:\/\/victoriavn.com\/khamtongquat\/wp-json\/wp\/v2\/comments?post=19332"}],"version-history":[{"count":2,"href":"https:\/\/victoriavn.com\/khamtongquat\/wp-json\/wp\/v2\/pages\/19332\/revisions"}],"predecessor-version":[{"id":19334,"href":"https:\/\/victoriavn.com\/khamtongquat\/wp-json\/wp\/v2\/pages\/19332\/revisions\/19334"}],"wp:attachment":[{"href":"https:\/\/victoriavn.com\/khamtongquat\/wp-json\/wp\/v2\/media?parent=19332"}],"curies":[{"name":"wp","href":"https:\/\/api.w.org\/{rel}","templated":true}]}}