{"id":12276,"date":"2020-07-06T10:54:26","date_gmt":"2020-07-06T03:54:26","guid":{"rendered":"https:\/\/www.victoriavn.com\/khamtongquat\/?page_id=12276"},"modified":"2021-10-14T14:51:55","modified_gmt":"2021-10-14T07:51:55","slug":"tra-gop","status":"publish","type":"page","link":"https:\/\/victoriavn.com\/khamtongquat\/tra-gop\/","title":{"rendered":"Tr\u1ea3 g\u00f3p"},"content":{"rendered":"\n\t<section class=\"section\" id=\"section_408150770\">\n\t\t<div class=\"section-bg fill\" >\n\t\t\t\t\t\t\t\t\t\n\t\t\t\n\n\t\t<\/div>\n\n\t\t\n\n\t\t<div class=\"section-content relative\">\n\t\t\t\n<p style=\"text-align: justify;\"><strong>CH\u0102M S\u00d3C S\u1ee8C KH\u1eceE CH\u1ee6 \u0110\u1ed8NG TH\u00d4NG MINH &amp; TI\u1ebeT KI\u1ec6M<\/strong><\/p>\n<p style=\"text-align: justify;\">\u0110\u1eebng \u0111\u1ec3 \u00e1p l\u1ef1c t\u00e0i ch\u00ednh c\u1ea3n tr\u1edf vi\u1ec7c ch\u0103m s\u00f3c s\u1ee9c kh\u1ecfe cho b\u1ea1n v\u00e0 c\u1ea3 gia \u0111\u00ecnh Nh\u1eb1m h\u1ed7 tr\u1ee3 c\u00e1c kh\u00e1ch h\u00e0ng Victoria Healthcare th\u00eam nhi\u1ec1u ti\u1ec7n \u00edch. Ch\u01b0\u01a1ng tr\u00ecnh tr\u1ea3 g\u00f3p l\u00e3i su\u1ea5t 0% li\u00ean k\u1ebft v\u1edbi 22 ng\u00e2n h\u00e0ng trong v\u00e0 ngo\u00e0i n\u01b0\u1edbc s\u1ebd \u0111\u01b0\u1ee3c tri\u1ec3n khai t\u1eeb ng\u00e0y 6\/7\/2020<\/p>\n<ul>\n<li style=\"text-align: justify;\">Thanh to\u00e1n thu\u1eadn ti\u1ec7n &amp; \u0111\u01a1n gi\u1ea3n<\/li>\n<li style=\"text-align: justify;\">K\u1ef3 tr\u1ea3 g\u00f3p linh ho\u1ea1t<\/li>\n<li style=\"text-align: justify;\">L\u00e3i su\u1ea5t 0%<\/li>\n<li style=\"text-align: justify;\">Gi\u1ea3m \u00e1p l\u1ef1c t\u00e0i ch\u00ednh<\/li>\n<\/ul>\n<p><strong>DANH S\u00c1CH NG\u00c2N H\u00c0NG H\u1ed6 TR\u1ee2 TR\u1ea2 G\u00d3P KH\u00d4NG L\u00c3I SU\u1ea4T<\/strong><\/p>\n<p><img loading=\"lazy\" decoding=\"async\" class=\"alignnone size-full wp-image-21550\" src=\"https:\/\/victoriavn.com\/khamtongquat\/wp-content\/uploads\/2021\/10\/2e8057991075d92b8064-1.jpg\" alt=\"\" width=\"1920\" height=\"1080\" title=\"\" srcset=\"https:\/\/victoriavn.com\/khamtongquat\/wp-content\/uploads\/2021\/10\/2e8057991075d92b8064-1.jpg 1920w, https:\/\/victoriavn.com\/khamtongquat\/wp-content\/uploads\/2021\/10\/2e8057991075d92b8064-1-300x169.jpg 300w, https:\/\/victoriavn.com\/khamtongquat\/wp-content\/uploads\/2021\/10\/2e8057991075d92b8064-1-1024x576.jpg 1024w, https:\/\/victoriavn.com\/khamtongquat\/wp-content\/uploads\/2021\/10\/2e8057991075d92b8064-1-768x432.jpg 768w, https:\/\/victoriavn.com\/khamtongquat\/wp-content\/uploads\/2021\/10\/2e8057991075d92b8064-1-1536x864.jpg 1536w, https:\/\/victoriavn.com\/khamtongquat\/wp-content\/uploads\/2021\/10\/2e8057991075d92b8064-1-510x287.jpg 510w\" sizes=\"auto, (max-width: 1920px) 100vw, 1920px\" \/><\/p>\n<p><img loading=\"lazy\" decoding=\"async\" class=\"size-full wp-image-12278 aligncenter\" src=\"https:\/\/www.victoriavn.com\/khamtongquat\/wp-content\/uploads\/2020\/07\/list_bank_tragop.png\" alt=\"\" width=\"501\" height=\"549\" title=\"\" srcset=\"https:\/\/victoriavn.com\/khamtongquat\/wp-content\/uploads\/2020\/07\/list_bank_tragop.png 501w, https:\/\/victoriavn.com\/khamtongquat\/wp-content\/uploads\/2020\/07\/list_bank_tragop-274x300.png 274w\" sizes=\"auto, (max-width: 501px) 100vw, 501px\" \/><\/p>\n<p><strong>L\u01b0u \u00fd:<\/strong><\/p>\n<ul>\n<li>Ph\u00ed chuy\u1ec3n \u0111\u1ed5i giao d\u1ecbch, th\u1eddi h\u1ea1n tr\u1ea3 g\u00f3p, \u0111i\u1ec1u ki\u1ec7n \u0111\u01b0\u1ee3c \u00e1p d\u1ee5ng, c\u00e1ch th\u1ee9c chuy\u1ec3n \u0111\u1ed5i giao d\u1ecbch tr\u1ea3 g\u00f3p t\u00f9y thu\u1ed9c v\u00e0o ng\u00e2n h\u00e0ng cung c\u1ea5p d\u1ecbch v\u1ee5<\/li>\n<li>Thanh to\u00e1n tr\u1ea3 g\u00f3p ch\u1ec9 \u00e1p d\u1ee5ng v\u1edbi c\u00e1c giao d\u1ecbch c\u00f3 gi\u00e1 tr\u1ecb t\u1eeb 3.000.000 VN\u0110 tr\u1edf l\u00ean v\u00e0 th\u1ef1c hi\u1ec7n tr\u1ef1c ti\u1ebfp tr\u00ean k\u00eanh tr\u1ef1c tuy\u1ebfn<\/li>\n<\/ul>\n<p>M\u1ecdi th\u1eafc m\u1eafc xin vui l\u00f2ng li\u00ean h\u1ec7 v\u1edbi ch\u00fang t\u00f4i theo <span style=\"color: #ed1c24;\"><strong>Hotline: 028-39104545<\/strong><\/span><\/p>\n\t\t<\/div>\n\n\t\t\n<style>\n#section_408150770 {\n  padding-top: 0px;\n  padding-bottom: 0px;\n}\n<\/style>\n\t<\/section>\n\t\n\n\t<section class=\"section\" id=\"section_997828452\">\n\t\t<div class=\"section-bg fill\" >\n\t\t\t\t\t\t\t\t\t\n\t\t\t\n\n\t\t<\/div>\n\n\t\t\n\n\t\t<div class=\"section-content relative\">\n\t\t\t\n<div class=\"container section-title-container\" ><h3 class=\"section-title section-title-center\"><b aria-hidden=\"true\"><\/b><span class=\"section-title-main\" style=\"color:rgb(0, 142, 132);\">\u0110i\u1ec1u kho\u1ea3n tr\u1ea3 g\u00f3p online 0% l\u00e3i su\u1ea5t v\u1edbi Alepay<\/span><b aria-hidden=\"true\"><\/b><\/h3><\/div>\n<blockquote>\n<p>\u00c1p d\u1ee5ng \u0111\u1ed1i v\u1edbi c\u00e1c lo\u1ea1i th\u1ebb thanh to\u00e1n Qu\u1ed1c t\u1ebf: Visa, MasterCard &amp; JCB.<\/p>\n<p>\u00c1p d\u1ee5ng \u0111\u1ed1i v\u1edbi c\u00e1c giao d\u1ecbch \u0111\u01a1n h\u00e0ng c\u00f3 gi\u00e1 tr\u1ecb t\u1eeb 3 tri\u1ec7u tr\u1edf l\u00ean<\/p>\n<p>Kh\u00e1ch h\u00e0ng c\u1ea7n \u0111\u1ecdc k\u1ef9 th\u1ec3 l\u1ec7 Ch\u01b0\u01a1ng tr\u00ecnh tr\u1ea3 g\u00f3p c\u1ee7a Ng\u00e2n h\u00e0ng ph\u00e1t h\u00e0nh th\u1ebb.<\/p>\n<\/blockquote>\n<ul>\n<li>M\u1ed7i gi\u1ecf h\u00e0ng ph\u1ea3i c\u00f3 gi\u00e1 tr\u1ecb t\u1eeb 3.000.000 VN\u0110 tr\u1edf l\u00ean.<\/li>\n<li>M\u1ed7i Kh\u00e1ch h\u00e0ng \u0111\u01b0\u1ee3c tham gia Ch\u01b0\u01a1ng tr\u00ecnh nhi\u1ec1u l\u1ea7n mi\u1ec5n sao t\u1ed5ng gi\u00e1 tr\u1ecb c\u00e1c \u0111\u01a1n h\u00e0ng kh\u00f4ng v\u01b0\u1ee3t qu\u00e1 h\u1ea1n m\u1ee9c th\u1ebb t\u00edn d\u1ee5ng c\u1ee7a Kh\u00e1ch h\u00e0ng.<\/li>\n<li>Kh\u00e1ch h\u00e0ng kh\u00f4ng \u0111\u01b0\u1ee3c h\u1ee7y \u0111\u01a1n h\u00e0ng sau khi \u0111\u00e3 chuy\u1ec3n \u0111\u1ed5i giao d\u1ecbch sang ph\u01b0\u01a1ng th\u1ee9c tr\u1ea3 g\u00f3p.<\/li>\n<li>\u0110\u01a1n h\u00e0ng tham gia ch\u01b0\u01a1ng tr\u00ecnh tr\u1ea3 g\u00f3p s\u1ebd kh\u00f4ng \u0111\u01b0\u1ee3c ho\u00e0n tr\u1ea3<\/li>\n<li>\u00c1p d\u1ee5ng cho k\u1ef3 h\u1ea1n 3-12 th\u00e1ng. Kh\u00e1ch h\u00e0ng c\u1ea7n xem k\u1ef9 th\u1ec3 l\u1ec7 Ch\u01b0\u01a1ng tr\u00ecnh tr\u1ea3 g\u00f3p c\u1ee7a Ng\u00e2n h\u00e0ng ph\u00e1t h\u00e0nh th\u1ebb<\/li>\n<li>Th\u1eddi gian thanh to\u00e1n s\u1ebd t\u00f9y v\u00e0o lo\u1ea1i th\u1ebb ng\u00e2n h\u00e0ng li\u00ean k\u1ebft v\u1edbi AlePay, th\u1eddi gian tr\u1ea3 k\u1ebft qu\u1ea3 t\u1eeb 5-10 ph\u00fat.<\/li>\n<\/ul>\n<p dir=\"ltr\"><strong>C\u00e1c tr\u01b0\u1eddng h\u1ee3p KH\u00d4NG \u0110\u01af\u1ee2C \u0111\u0103ng k\u00fd tr\u1ea3 g\u00f3p qua AlePay<\/strong><\/p>\n<p dir=\"ltr\">&#8211; T\u00e0i kho\u1ea3n th\u1ebb t\u00edn d\u1ee5ng c\u1ee7a Ch\u1ee7 th\u1ebb \u0111ang trong t\u00ecnh tr\u1ea1ng ch\u1eadm thanh to\u00e1n<br \/>&#8211; Hi\u1ec7u l\u1ef1c c\u00f2n l\u1ea1i c\u1ee7a Th\u1ebb t\u00edn d\u1ee5ng \u00edt h\u01a1n th\u1eddi h\u1ea1n \u0111\u0103ng k\u00fd tr\u1ea3 g\u00f3p<br \/>&#8211; Ch\u1ee7 th\u1ebb vi ph\u1ea1m c\u00e1c \u0110i\u1ec1u kho\u1ea3n &amp; \u0110i\u1ec1u ki\u1ec7n ph\u00e1t h\u00e0nh v\u00e0 s\u1eed d\u1ee5ng th\u1ebb t\u00edn d\u1ee5ng qu\u1ed1c t\u1ebf c\u1ee7a ng\u00e2n h\u00e0ng ph\u00e1t h\u00e0nh<br \/>&#8211; Giao d\u1ecbch \u0111\u0103ng k\u00fd tr\u1ea3 g\u00f3p \u0111\u01b0\u1ee3c th\u1ef1c hi\u1ec7n t\u1ea1i \u0110VCNT kh\u00f4ng h\u1ee3p t\u00e1c tri\u1ec3n khai D\u1ecbch v\u1ee5 thanh to\u00e1n tr\u1ea3 g\u00f3p l\u00e3i su\u1ea5t 0% b\u1eb1ng Th\u1ebb Qu\u1ed1c t\u1ebf v\u1edbi Ng\u00e2n l\u01b0\u1ee3ng ho\u1eb7c Th\u1ebb \u0111\u01b0\u1ee3c ph\u00e1t h\u00e0nh b\u1edfi Ng\u00e2n h\u00e0ng kh\u00f4ng c\u00f3 h\u1ed7 tr\u1ee3 tr\u1ea3 g\u00f3p;<br \/>&#8211; Gi\u00e1 tr\u1ecb giao d\u1ecbch \u0111\u0103ng k\u00fd tr\u1ea3 g\u00f3p nh\u1ecf h\u01a1n s\u1ed1 ti\u1ec1n t\u1ed1i thi\u1ec3u\/giao d\u1ecbch theo quy \u0111\u1ecbnh c\u1ee7a t\u1eebng ng\u00e2n h\u00e0ng c\u00f3 h\u1ed7 tr\u1ee3 tr\u1ea3 g\u00f3p<br \/>&#8211; Giao d\u1ecbch tr\u1ea3 g\u00f3p \u0111\u00e3 l\u00ean sao k\u00ea.<\/p>\n\t\t<\/div>\n\n\t\t\n<style>\n#section_997828452 {\n  padding-top: 0px;\n  padding-bottom: 0px;\n}\n<\/style>\n\t<\/section>\n\t\n\n\t<section class=\"section\" id=\"section_767415849\">\n\t\t<div class=\"section-bg fill\" >\n\t\t\t\t\t\t\t\t\t\n\t\t\t\n\n\t\t<\/div>\n\n\t\t\n\n\t\t<div class=\"section-content relative\">\n\t\t\t\n<div class=\"container section-title-container\" ><h3 class=\"section-title section-title-center\"><b aria-hidden=\"true\"><\/b><span class=\"section-title-main\" style=\"color:rgb(0, 142, 132);\">H\u01b0\u1edbng d\u1eabn mua tr\u1ea3 g\u00f3p online 0% v\u1edbi AlePay<\/span><b aria-hidden=\"true\"><\/b><\/h3><\/div>\n<p dir=\"ltr\"><span style=\"color: #000000;\"><strong>B\u01b0\u1edbc 1:<\/strong> Kh\u00e1ch h\u00e0ng ch\u1ecdn s\u1ea3n ph\u1ea9m m\u00ecnh mu\u1ed1n mua s\u1eafm t\u1ea1i <span style=\"color: #ed1c24;\"><a style=\"color: #ed1c24;\" href=\"https:\/\/www.victoriavn.com\/khamtongquat\"><strong>www.victoriavn.com\/khamtongquat<\/strong><\/a><\/span><\/span><\/p>\n<p dir=\"ltr\"><span style=\"color: #000000;\"><strong>B\u01b0\u1edbc 2:<\/strong> Ch\u1ecdn G\u00f3i kh\u00e1m mong mu\u1ed1n v\u00e0 nh\u1ea5p v\u00e0o n\u00fat <strong>Mua Ngay<\/strong><\/span><\/p>\n<p dir=\"ltr\"><span style=\"color: #000000;\"><img loading=\"lazy\" decoding=\"async\" class=\"size-full wp-image-12289 aligncenter\" src=\"https:\/\/www.victoriavn.com\/khamtongquat\/wp-content\/uploads\/2020\/07\/buoc_1.png\" alt=\"\" width=\"1086\" height=\"903\" title=\"\" srcset=\"https:\/\/victoriavn.com\/khamtongquat\/wp-content\/uploads\/2020\/07\/buoc_1.png 1086w, https:\/\/victoriavn.com\/khamtongquat\/wp-content\/uploads\/2020\/07\/buoc_1-300x249.png 300w, https:\/\/victoriavn.com\/khamtongquat\/wp-content\/uploads\/2020\/07\/buoc_1-1024x851.png 1024w, https:\/\/victoriavn.com\/khamtongquat\/wp-content\/uploads\/2020\/07\/buoc_1-768x639.png 768w, https:\/\/victoriavn.com\/khamtongquat\/wp-content\/uploads\/2020\/07\/buoc_1-510x424.png 510w\" sizes=\"auto, (max-width: 1086px) 100vw, 1086px\" \/><\/span><\/p>\n<p dir=\"ltr\"><span style=\"color: #000000;\"><strong>B\u01b0\u1edbc 3:<\/strong> Nh\u1ea5p v\u00e0o <strong>Gi\u1ecf H\u00e0ng<\/strong> ch\u1ecdn <strong>Thanh To\u00e1n<\/strong><\/span><\/p>\n<p dir=\"ltr\"><span style=\"color: #000000;\"><img loading=\"lazy\" decoding=\"async\" class=\"size-full wp-image-12291 aligncenter\" src=\"https:\/\/www.victoriavn.com\/khamtongquat\/wp-content\/uploads\/2020\/07\/buoc_2.png\" alt=\"\" width=\"1077\" height=\"856\" title=\"\" srcset=\"https:\/\/victoriavn.com\/khamtongquat\/wp-content\/uploads\/2020\/07\/buoc_2.png 1077w, https:\/\/victoriavn.com\/khamtongquat\/wp-content\/uploads\/2020\/07\/buoc_2-300x238.png 300w, https:\/\/victoriavn.com\/khamtongquat\/wp-content\/uploads\/2020\/07\/buoc_2-1024x814.png 1024w, https:\/\/victoriavn.com\/khamtongquat\/wp-content\/uploads\/2020\/07\/buoc_2-768x610.png 768w, https:\/\/victoriavn.com\/khamtongquat\/wp-content\/uploads\/2020\/07\/buoc_2-510x405.png 510w\" sizes=\"auto, (max-width: 1077px) 100vw, 1077px\" \/><\/span><\/p>\n<p dir=\"ltr\"><span style=\"color: #000000;\"><strong>B\u01b0\u1edbc 4:<\/strong> Nh\u1ea5p v\u00e0o <strong>Gi\u1ecf H\u00e0ng<\/strong> ch\u1ecdn <strong>Thanh To\u00e1n <\/strong>v\u00e0 \u0111i\u1ec1n <strong>Th\u00f4ng tin kh\u00e1ch h\u00e0ng <\/strong><\/span><\/p>\n<ul>\n<li dir=\"ltr\"><span style=\"color: #000000;\">Ch\u1ecdn h\u00ecnh th\u1ee9c <strong>Thanh to\u00e1n tr\u1ef1c tuy\u1ebfn &amp; Tr\u1ea3 g\u00f3p &#8211; <\/strong>Ch\u1ecdn <strong>THANH TO\u00c1N TR\u1ea2 G\u00d3P &#8211; <\/strong>cu\u1ed1i c\u00f9ng l\u00e0<strong>\u00a0\u0110\u1eb7t H\u00e0ng\u00a0<\/strong>nh\u01b0 \u1ea3nh.<\/span><\/li>\n<\/ul>\n<p dir=\"ltr\"><span style=\"color: #000000;\"><img loading=\"lazy\" decoding=\"async\" class=\"alignnone size-full wp-image-12293\" src=\"https:\/\/www.victoriavn.com\/khamtongquat\/wp-content\/uploads\/2020\/07\/buoc_3.png\" alt=\"\" width=\"1042\" height=\"889\" title=\"\" srcset=\"https:\/\/victoriavn.com\/khamtongquat\/wp-content\/uploads\/2020\/07\/buoc_3.png 1042w, https:\/\/victoriavn.com\/khamtongquat\/wp-content\/uploads\/2020\/07\/buoc_3-300x256.png 300w, https:\/\/victoriavn.com\/khamtongquat\/wp-content\/uploads\/2020\/07\/buoc_3-1024x874.png 1024w, https:\/\/victoriavn.com\/khamtongquat\/wp-content\/uploads\/2020\/07\/buoc_3-768x655.png 768w, https:\/\/victoriavn.com\/khamtongquat\/wp-content\/uploads\/2020\/07\/buoc_3-510x435.png 510w\" sizes=\"auto, (max-width: 1042px) 100vw, 1042px\" \/><\/span><\/p>\n<p dir=\"ltr\"><strong>B\u01b0\u1edbc 5:<\/strong> H\u1ec7 th\u1ed1ng s\u1ebd chuy\u1ec3n sang giao di\u1ec7n c\u1ee7a AlePay. T\u1ea1i \u0111\u00e2y, Kh\u00e1ch h\u00e0ng vui l\u00f2ng ki\u1ec3m tra l\u1ea1i giao d\u1ecbch, ch\u1ecdn <strong>Th\u1eddi gian tr\u1ea3 g\u00f3p<\/strong>, ch\u1ecdn <strong>\u0110\u1ed3ng \u00fd v\u1edbi \u0111i\u1ec1u kho\u1ea3n<\/strong> v\u00e0 ti\u1ebfp t\u1ee5c ch\u1ecdn <strong>Tr\u1ea3 g\u00f3p<\/strong> v\u1edbi s\u1ed1 ti\u1ec1n t\u01b0\u01a1ng \u1ee9ng.<\/p>\n<p dir=\"ltr\"><strong>B\u01b0\u1edbc 6:<\/strong> Kh\u00e1ch h\u00e0ng <strong>nh\u1eadp th\u00f4ng tin Th\u1ebb t\u00edn d\u1ee5ng<\/strong> v\u00e0 ch\u1ecdn <strong>Tr\u1ea3 g\u00f3p<\/strong>.<\/p>\n<p dir=\"ltr\">Ho\u1eb7c kh\u00e1ch h\u00e0ng c\u00f3 th\u1ec3 tr\u1ea3 g\u00f3p theo h\u00ecnh th\u1ee9c t\u1ea1i s\u1ea3n ph\u1ea9m nh\u01b0\u00a0<strong>C\u00e1ch 2 v\u00e0 l\u00e0m theo h\u01b0\u1edbng d\u1eabn<\/strong><\/p>\n<p dir=\"ltr\"><img loading=\"lazy\" decoding=\"async\" class=\"alignnone size-full wp-image-13345\" src=\"https:\/\/victoriavn.com\/khamtongquat\/wp-content\/uploads\/2020\/08\/cachtragop_alepay.jpg\" alt=\"\" width=\"1170\" height=\"900\" title=\"\" srcset=\"https:\/\/victoriavn.com\/khamtongquat\/wp-content\/uploads\/2020\/08\/cachtragop_alepay.jpg 1170w, https:\/\/victoriavn.com\/khamtongquat\/wp-content\/uploads\/2020\/08\/cachtragop_alepay-300x231.jpg 300w, https:\/\/victoriavn.com\/khamtongquat\/wp-content\/uploads\/2020\/08\/cachtragop_alepay-1024x788.jpg 1024w, https:\/\/victoriavn.com\/khamtongquat\/wp-content\/uploads\/2020\/08\/cachtragop_alepay-768x591.jpg 768w, https:\/\/victoriavn.com\/khamtongquat\/wp-content\/uploads\/2020\/08\/cachtragop_alepay-510x392.jpg 510w\" sizes=\"auto, (max-width: 1170px) 100vw, 1170px\" \/><\/p>\n<p dir=\"ltr\">Sau khi ho\u00e0n t\u1ea5t, s\u1ebd c\u00f3 email v\u00e0 SMS g\u1eedi \u0111\u1ebfn \u0111\u1ecba ch\u1ec9 email v\u00e0 s\u1ed1 \u0111i\u1ec7n tho\u1ea1i m\u00e0 kh\u00e1ch h\u00e0ng cung c\u1ea5p, th\u00f4ng b\u00e1o k\u1ebft qu\u1ea3 <strong>Mua tr\u1ea3 g\u00f3p Th\u00e0nh c\u00f4ng\/ th\u1ea5t b\u1ea1i. <\/strong>M\u1ecdi th\u1eafc m\u1eafc xin vui l\u00f2ng li\u00ean h\u1ec7 v\u1edbi ch\u00fang t\u00f4i theo <span style=\"color: #ed1c24;\"><strong>Hotline: 028-39104545<\/strong><\/span><\/p>\n\t\t<\/div>\n\n\t\t\n<style>\n#section_767415849 {\n  padding-top: 0px;\n  padding-bottom: 0px;\n}\n<\/style>\n\t<\/section>\n\t\n","protected":false},"excerpt":{"rendered":"","protected":false},"author":1,"featured_media":0,"parent":0,"menu_order":0,"comment_status":"closed","ping_status":"closed","template":"","meta":{"footnotes":""},"class_list":["post-12276","page","type-page","status-publish","hentry"],"_links":{"self":[{"href":"https:\/\/victoriavn.com\/khamtongquat\/wp-json\/wp\/v2\/pages\/12276","targetHints":{"allow":["GET"]}}],"collection":[{"href":"https:\/\/victoriavn.com\/khamtongquat\/wp-json\/wp\/v2\/pages"}],"about":[{"href":"https:\/\/victoriavn.com\/khamtongquat\/wp-json\/wp\/v2\/types\/page"}],"author":[{"embeddable":true,"href":"https:\/\/victoriavn.com\/khamtongquat\/wp-json\/wp\/v2\/users\/1"}],"replies":[{"embeddable":true,"href":"https:\/\/victoriavn.com\/khamtongquat\/wp-json\/wp\/v2\/comments?post=12276"}],"version-history":[{"count":25,"href":"https:\/\/victoriavn.com\/khamtongquat\/wp-json\/wp\/v2\/pages\/12276\/revisions"}],"predecessor-version":[{"id":21552,"href":"https:\/\/victoriavn.com\/khamtongquat\/wp-json\/wp\/v2\/pages\/12276\/revisions\/21552"}],"wp:attachment":[{"href":"https:\/\/victoriavn.com\/khamtongquat\/wp-json\/wp\/v2\/media?parent=12276"}],"curies":[{"name":"wp","href":"https:\/\/api.w.org\/{rel}","templated":true}]}}