{"id":2715,"date":"2024-07-08T15:35:05","date_gmt":"2024-07-08T08:35:05","guid":{"rendered":"https:\/\/victoriavn.com\/e-voucher\/?page_id=2715"},"modified":"2025-04-03T15:13:26","modified_gmt":"2025-04-03T08:13:26","slug":"khao-sat-danh-gia-chat-luong-phuc-vu-va-nhan-uu-dai-ver-2-tv","status":"publish","type":"page","link":"https:\/\/victoriavn.com\/e-voucher\/khao-sat-danh-gia-chat-luong-phuc-vu-va-nhan-uu-dai-ver-2-tv\/","title":{"rendered":"Kh\u1ea3o s\u00e1t \u0111\u00e1nh gi\u00e1 ch\u1ea5t l\u01b0\u1ee3ng ph\u1ee5c v\u1ee5 v\u00e0 nh\u1eadn \u01b0u \u0111\u00e3i Ver 2 &#8211; TV"},"content":{"rendered":"<div class=\"row row-collapse row-full-width\"  id=\"row-1987655124\">\n\n\t<div id=\"col-1084237843\" class=\"col small-12 large-12\"  >\n\t\t<div class=\"col-inner\"  >\n\t\t\t\n\t\t\t\n\t<section class=\"section\" id=\"section_127085113\">\n\t\t<div class=\"bg section-bg fill bg-fill  \" >\n\n\t\t\t\n\t\t\t\n\t\t\t\n\n\t\t<\/div>\n\n\t\t<div class=\"section-content relative\">\n\t\t\t\n<div class=\"row row-collapse align-center\" style=\"max-width:\" id=\"row-518104120\">\n\n\t<div id=\"col-34797675\" class=\"col small-12 large-12\"  >\n\t\t<div class=\"col-inner text-center dark\"  >\n\t\t\t\n\t\t\t\n<div class=\"row\"  id=\"row-658777553\">\n\n\t<div id=\"col-1508002602\" class=\"col small-12 large-12\"  >\n\t\t<div class=\"col-inner\"  >\n\t\t\t\n\t\t\t\n\t<div id=\"gap-947672426\" class=\"gap-element clearfix\" style=\"display:block; height:auto;\">\n\t\t\n<style>\n#gap-947672426 {\n  padding-top: 30px;\n}\n<\/style>\n\t<\/div>\n\t\n\t<div id=\"gap-1830702603\" class=\"gap-element clearfix\" style=\"display:block; height:auto;\">\n\t\t\n<style>\n#gap-1830702603 {\n  padding-top: 40%;\n}\n<\/style>\n\t<\/div>\n\t\n\t\t<\/div>\n\t\t\t<\/div>\n\n\t\n<\/div>\n\t\t<\/div>\n\t\t\n<style>\n#col-34797675 > .col-inner {\n  padding: 0px 0px 0px 0px;\n}\n@media (min-width:550px) {\n  #col-34797675 > .col-inner {\n    padding: 100px 0px 200px 0px;\n  }\n}\n<\/style>\n\t<\/div>\n\n\t\n<\/div>\n\t\t<\/div>\n\n\t\t\n<style>\n#section_127085113 {\n  padding-top: 0px;\n  padding-bottom: 0px;\n  min-height: 0px;\n}\n#section_127085113 .section-bg-overlay {\n  background-color: rgba(0, 0, 0, 0.12);\n}\n#section_127085113 .section-bg.bg-loaded {\n  background-image: url(https:\/\/victoriavn.com\/e-voucher\/wp-content\/uploads\/2021\/11\/cs-01-scaled.jpg);\n}\n#section_127085113 .section-bg {\n  background-position: 42% 53%;\n}\n@media (min-width:550px) {\n  #section_127085113 {\n    padding-top: 0px;\n    padding-bottom: 0px;\n    min-height: 0px;\n  }\n  #section_127085113 .section-bg-overlay {\n    background-color: rgba(0, 0, 0, 0.21);\n  }\n}\n@media (min-width:850px) {\n  #section_127085113 {\n    padding-top: 0px;\n    padding-bottom: 0px;\n  }\n}\n<\/style>\n\t<\/section>\n\t\n\t\t<\/div>\n\t\t\t<\/div>\n\n\t\n<\/div>\n<div class=\"row row-large\" style=\"max-width:1400px\" id=\"row-144832272\">\n\n\t<div id=\"col-2103736788\" class=\"col small-12 large-12\"  >\n\t\t<div class=\"col-inner\" style=\"background-color:rgb(255, 255, 255);\" >\n\t\t\t\n\t\t\t\n<div class=\"row row-collapse row-full-width\"  id=\"row-1642090024\">\n\n\t<div id=\"col-348314435\" class=\"col medium-12 small-12 large-12\"  >\n\t\t<div class=\"col-inner\"  >\n\t\t\t\n\t\t\t\n<p><img loading=\"lazy\" decoding=\"async\" class=\"wp-image-296 aligncenter\" src=\"https:\/\/victoriavn.com\/e-voucher\/wp-content\/uploads\/2020\/11\/logo_victora-01-800x239.png\" alt=\"\" width=\"244\" height=\"73\" srcset=\"https:\/\/victoriavn.com\/e-voucher\/wp-content\/uploads\/2020\/11\/logo_victora-01-800x239.png 800w, https:\/\/victoriavn.com\/e-voucher\/wp-content\/uploads\/2020\/11\/logo_victora-01-510x152.png 510w, https:\/\/victoriavn.com\/e-voucher\/wp-content\/uploads\/2020\/11\/logo_victora-01-768x229.png 768w, https:\/\/victoriavn.com\/e-voucher\/wp-content\/uploads\/2020\/11\/logo_victora-01.png 1070w\" sizes=\"auto, (max-width: 244px) 100vw, 244px\" \/><\/p>\n<div class=\"container section-title-container\" ><h3 class=\"section-title section-title-center\"><b><\/b><span class=\"section-title-main\" style=\"color:rgb(0, 142, 132);\">CHIA S\u1eba TR\u1ea2I NGHI\u1ec6M C\u1ee6A B\u1ea0N V\u1edaI D\u1ecaCH V\u1ee4 C\u1ee6A CH\u00daNG T\u00d4I<\/span><b><\/b><\/h3><\/div>\n\n<div class=\"wpcf7 no-js\" id=\"wpcf7-f2767-o1\" lang=\"vi\" dir=\"ltr\">\n<div class=\"screen-reader-response\"><p role=\"status\" aria-live=\"polite\" aria-atomic=\"true\"><\/p> <ul><\/ul><\/div>\n<form action=\"\/e-voucher\/wp-json\/wp\/v2\/pages\/2715#wpcf7-f2767-o1\" method=\"post\" class=\"wpcf7-form init\" aria-label=\"Contact form\" novalidate=\"novalidate\" data-status=\"init\">\n<div style=\"display: none;\">\n<input type=\"hidden\" name=\"_wpcf7\" value=\"2767\" \/>\n<input type=\"hidden\" name=\"_wpcf7_version\" value=\"5.7.3\" \/>\n<input type=\"hidden\" name=\"_wpcf7_locale\" value=\"vi\" \/>\n<input type=\"hidden\" name=\"_wpcf7_unit_tag\" value=\"wpcf7-f2767-o1\" \/>\n<input type=\"hidden\" name=\"_wpcf7_container_post\" value=\"0\" \/>\n<input type=\"hidden\" name=\"_wpcf7_posted_data_hash\" value=\"\" \/>\n<input type=\"hidden\" name=\"_wpcf7cf_hidden_group_fields\" value=\"[]\" \/>\n<input type=\"hidden\" name=\"_wpcf7cf_hidden_groups\" value=\"[]\" \/>\n<input type=\"hidden\" name=\"_wpcf7cf_visible_groups\" value=\"[]\" \/>\n<input type=\"hidden\" name=\"_wpcf7cf_repeaters\" value=\"[]\" \/>\n<input type=\"hidden\" name=\"_wpcf7cf_steps\" value=\"{}\" \/>\n<input type=\"hidden\" name=\"_wpcf7cf_options\" value=\"{&quot;form_id&quot;:2767,&quot;conditions&quot;:[{&quot;then_field&quot;:&quot;group-nguon-kenh-xuathien&quot;,&quot;and_rules&quot;:[{&quot;if_field&quot;:&quot;-1&quot;,&quot;operator&quot;:&quot;equals&quot;,&quot;if_value&quot;:&quot;Kh\\u00e1c (vui l\\u00f2ng ghi r\\u00f5)&quot;}]}],&quot;settings&quot;:{&quot;animation&quot;:&quot;yes&quot;,&quot;animation_intime&quot;:200,&quot;animation_outtime&quot;:200,&quot;conditions_ui&quot;:&quot;normal&quot;,&quot;notice_dismissed&quot;:false}}\" \/>\n<\/div>\n<p><span class=\"wpcf7-form-control-wrap submission_id-ma_uu_dai\"><input class=\"wpcf7-form-control wpcf7-submission_id_hidden wpcf7-validates-as-number\" readonly=\"readonly\" aria-invalid=\"false\" value=\"VHC8891\" name=\"submission_id-ma_uu_dai\" type=\"hidden\" \/><\/span><br \/>\nC\u00e2u 1. \tQu\u00fd kh\u00e1ch c\u00f3 h\u00e0i l\u00f2ng v\u1edbi s\u1ef1 quan t\u00e2m, h\u01b0\u1edbng d\u1eabn c\u1ee7a nh\u00e2n vi\u00ean CSKH trong su\u1ed1t l\u1ed9 tr\u00ecnh th\u0103m kh\u00e1m?<br \/>\n<span class=\"wpcf7-form-control-wrap\" data-name=\"cau-1\"><span class=\"wpcf7-form-control wpcf7-radio\"><span class=\"wpcf7-list-item first\"><label><span class=\"wpcf7-list-item-label\">R\u1ea5t kh\u00f4ng h\u00e0i l\u00f2ng<\/span><input type=\"radio\" name=\"cau-1\" value=\"R\u1ea5t kh\u00f4ng h\u00e0i l\u00f2ng\" tabindex=\"\" \/><\/label><\/span><span class=\"wpcf7-list-item\"><label><span class=\"wpcf7-list-item-label\">Kh\u00f4ng h\u00e0i l\u00f2ng<\/span><input type=\"radio\" name=\"cau-1\" value=\"Kh\u00f4ng h\u00e0i l\u00f2ng\" tabindex=\"\" \/><\/label><\/span><span class=\"wpcf7-list-item\"><label><span class=\"wpcf7-list-item-label\">B\u00ecnh th\u01b0\u1eddng<\/span><input type=\"radio\" name=\"cau-1\" value=\"B\u00ecnh th\u01b0\u1eddng\" tabindex=\"\" \/><\/label><\/span><span class=\"wpcf7-list-item\"><label><span class=\"wpcf7-list-item-label\">H\u00e0i l\u00f2ng<\/span><input type=\"radio\" name=\"cau-1\" value=\"H\u00e0i l\u00f2ng\" tabindex=\"\" \/><\/label><\/span><span class=\"wpcf7-list-item last\"><label><span class=\"wpcf7-list-item-label\">R\u1ea5t h\u00e0i l\u00f2ng<\/span><input type=\"radio\" name=\"cau-1\" value=\"R\u1ea5t h\u00e0i l\u00f2ng\" tabindex=\"\" \/><\/label><\/span><\/span><\/span><br \/>\nC\u00e2u 2.\tQu\u00fd kh\u00e1ch c\u00f3 h\u00e0i l\u00f2ng v\u1edbi qu\u00e1 tr\u00ecnh th\u0103m kh\u00e1m v\u00e0 t\u01b0 v\u1ea5n v\u1edbi B\u00e1c s\u0129?<br \/>\n<span class=\"wpcf7-form-control-wrap\" data-name=\"cau-2\"><span class=\"wpcf7-form-control wpcf7-radio\"><span class=\"wpcf7-list-item first\"><label><span class=\"wpcf7-list-item-label\">R\u1ea5t kh\u00f4ng h\u00e0i l\u00f2ng<\/span><input type=\"radio\" name=\"cau-2\" value=\"R\u1ea5t kh\u00f4ng h\u00e0i l\u00f2ng\" tabindex=\"\" \/><\/label><\/span><span class=\"wpcf7-list-item\"><label><span class=\"wpcf7-list-item-label\">Kh\u00f4ng h\u00e0i l\u00f2ng<\/span><input type=\"radio\" name=\"cau-2\" value=\"Kh\u00f4ng h\u00e0i l\u00f2ng\" tabindex=\"\" \/><\/label><\/span><span class=\"wpcf7-list-item\"><label><span class=\"wpcf7-list-item-label\">B\u00ecnh th\u01b0\u1eddng<\/span><input type=\"radio\" name=\"cau-2\" value=\"B\u00ecnh th\u01b0\u1eddng\" tabindex=\"\" \/><\/label><\/span><span class=\"wpcf7-list-item\"><label><span class=\"wpcf7-list-item-label\">H\u00e0i l\u00f2ng<\/span><input type=\"radio\" name=\"cau-2\" value=\"H\u00e0i l\u00f2ng\" tabindex=\"\" \/><\/label><\/span><span class=\"wpcf7-list-item last\"><label><span class=\"wpcf7-list-item-label\">R\u1ea5t h\u00e0i l\u00f2ng<\/span><input type=\"radio\" name=\"cau-2\" value=\"R\u1ea5t h\u00e0i l\u00f2ng\" tabindex=\"\" \/><\/label><\/span><\/span><\/span><br \/>\nC\u00e2u 3.\tQu\u00fd kh\u00e1ch c\u00f3 h\u00e0i l\u00f2ng v\u1edbi s\u1ef1 h\u1ed7 tr\u1ee3, ch\u0103m s\u00f3c, h\u01b0\u1edbng d\u1eabn c\u1ee7a \u0110i\u1ec1u d\u01b0\u1ee1ng trong qu\u00e1 tr\u00ecnh th\u0103m kh\u00e1m?<br \/>\n<span class=\"wpcf7-form-control-wrap\" data-name=\"cau-3\"><span class=\"wpcf7-form-control wpcf7-radio\"><span class=\"wpcf7-list-item first\"><label><span class=\"wpcf7-list-item-label\">R\u1ea5t kh\u00f4ng h\u00e0i l\u00f2ng<\/span><input type=\"radio\" name=\"cau-3\" value=\"R\u1ea5t kh\u00f4ng h\u00e0i l\u00f2ng\" tabindex=\"\" \/><\/label><\/span><span class=\"wpcf7-list-item\"><label><span class=\"wpcf7-list-item-label\">Kh\u00f4ng h\u00e0i l\u00f2ng<\/span><input type=\"radio\" name=\"cau-3\" value=\"Kh\u00f4ng h\u00e0i l\u00f2ng\" tabindex=\"\" \/><\/label><\/span><span class=\"wpcf7-list-item\"><label><span class=\"wpcf7-list-item-label\">B\u00ecnh th\u01b0\u1eddng<\/span><input type=\"radio\" name=\"cau-3\" value=\"B\u00ecnh th\u01b0\u1eddng\" tabindex=\"\" \/><\/label><\/span><span class=\"wpcf7-list-item\"><label><span class=\"wpcf7-list-item-label\">H\u00e0i l\u00f2ng<\/span><input type=\"radio\" name=\"cau-3\" value=\"H\u00e0i l\u00f2ng\" tabindex=\"\" \/><\/label><\/span><span class=\"wpcf7-list-item last\"><label><span class=\"wpcf7-list-item-label\">R\u1ea5t h\u00e0i l\u00f2ng<\/span><input type=\"radio\" name=\"cau-3\" value=\"R\u1ea5t h\u00e0i l\u00f2ng\" tabindex=\"\" \/><\/label><\/span><\/span><\/span><br \/>\nC\u00e2u 4. \t\u0110\u00e1nh gi\u00e1 c\u1ee7a Qu\u00fd kh\u00e1ch nh\u01b0 th\u1ebf n\u00e0o \u0111\u1ed1i v\u1edbi s\u1ef1 ti\u1ec7n \u00edch c\u1ee7a B\u1ec7nh \u00e1n \u0111i\u1ec7n t\u1eed t\u1ea1i Victoria Healthcare?<br \/>\n<span class=\"wpcf7-form-control-wrap\" data-name=\"cau-4\"><span class=\"wpcf7-form-control wpcf7-radio\"><span class=\"wpcf7-list-item first\"><label><span class=\"wpcf7-list-item-label\">R\u1ea5t kh\u00f4ng h\u00e0i l\u00f2ng<\/span><input type=\"radio\" name=\"cau-4\" value=\"R\u1ea5t kh\u00f4ng h\u00e0i l\u00f2ng\" tabindex=\"\" \/><\/label><\/span><span class=\"wpcf7-list-item\"><label><span class=\"wpcf7-list-item-label\">Kh\u00f4ng h\u00e0i l\u00f2ng<\/span><input type=\"radio\" name=\"cau-4\" value=\"Kh\u00f4ng h\u00e0i l\u00f2ng\" tabindex=\"\" \/><\/label><\/span><span class=\"wpcf7-list-item\"><label><span class=\"wpcf7-list-item-label\">B\u00ecnh th\u01b0\u1eddng<\/span><input type=\"radio\" name=\"cau-4\" value=\"B\u00ecnh th\u01b0\u1eddng\" tabindex=\"\" \/><\/label><\/span><span class=\"wpcf7-list-item\"><label><span class=\"wpcf7-list-item-label\">H\u00e0i l\u00f2ng<\/span><input type=\"radio\" name=\"cau-4\" value=\"H\u00e0i l\u00f2ng\" tabindex=\"\" \/><\/label><\/span><span class=\"wpcf7-list-item last\"><label><span class=\"wpcf7-list-item-label\">R\u1ea5t h\u00e0i l\u00f2ng<\/span><input type=\"radio\" name=\"cau-4\" value=\"R\u1ea5t h\u00e0i l\u00f2ng\" tabindex=\"\" \/><\/label><\/span><\/span><\/span><br \/>\nC\u00e2u 5.\tTr\u00ean thang \u0111i\u1ec3m t\u1eeb 1 \u0111\u1ebfn 5, Qu\u00fd kh\u00e1ch c\u00f3 s\u1eb5n l\u00f2ng gi\u1edbi thi\u1ec7u Ph\u00f2ng kh\u00e1m cho b\u1ea1n b\u00e8 \/ ng\u01b0\u1eddi th\u00e2n c\u1ee7a m\u00ecnh \u1edf m\u1ee9c \u0111\u1ed9 n\u00e0o?<br \/>\n(1.R\u1ea5t kh\u00f4ng s\u1eb5n l\u00f2ng - 5.R\u1ea5t s\u1eb5n l\u00f2ng gi\u1edbi thi\u1ec7u)<br \/>\n<span class=\"wpcf7-form-control-wrap\" data-name=\"cau-5\"><span class=\"wpcf7-form-control wpcf7-radio\"><span class=\"wpcf7-list-item first\"><label><span class=\"wpcf7-list-item-label\">1<\/span><input type=\"radio\" name=\"cau-5\" value=\"1\" tabindex=\"\" \/><\/label><\/span><span class=\"wpcf7-list-item\"><label><span class=\"wpcf7-list-item-label\">2<\/span><input type=\"radio\" name=\"cau-5\" value=\"2\" tabindex=\"\" \/><\/label><\/span><span class=\"wpcf7-list-item\"><label><span class=\"wpcf7-list-item-label\">3<\/span><input type=\"radio\" name=\"cau-5\" value=\"3\" tabindex=\"\" \/><\/label><\/span><span class=\"wpcf7-list-item\"><label><span class=\"wpcf7-list-item-label\">4<\/span><input type=\"radio\" name=\"cau-5\" value=\"4\" tabindex=\"\" \/><\/label><\/span><span class=\"wpcf7-list-item last\"><label><span class=\"wpcf7-list-item-label\">5<\/span><input type=\"radio\" name=\"cau-5\" value=\"5\" tabindex=\"\" \/><\/label><\/span><\/span><\/span><br \/>\nAnh\/Ch\u1ecb nh\u00ecn th\u1ea5y ho\u1eb7c ti\u1ebfp c\u1eadn qu\u1ea3ng c\u00e1o c\u1ee7a Victoria Healthcare tr\u00ean nh\u1eefng k\u00eanh n\u00e0o d\u01b0\u1edbi \u0111\u00e2y?<br \/>\n<span class=\"wpcf7-form-control-wrap\" data-name=\"nguon-tiep-can-quang-cao\"><span class=\"wpcf7-form-control wpcf7-checkbox\"><span class=\"wpcf7-list-item first\"><label><span class=\"wpcf7-list-item-label\">Google<\/span><input type=\"checkbox\" name=\"nguon-tiep-can-quang-cao[]\" value=\"Google\" tabindex=\"\" \/><\/label><\/span><span class=\"wpcf7-list-item\"><label><span class=\"wpcf7-list-item-label\">SMS<\/span><input type=\"checkbox\" name=\"nguon-tiep-can-quang-cao[]\" value=\"SMS\" tabindex=\"\" \/><\/label><\/span><span class=\"wpcf7-list-item\"><label><span class=\"wpcf7-list-item-label\">Email<\/span><input type=\"checkbox\" name=\"nguon-tiep-can-quang-cao[]\" value=\"Email\" tabindex=\"\" \/><\/label><\/span><span class=\"wpcf7-list-item\"><label><span class=\"wpcf7-list-item-label\">Facebook<\/span><input type=\"checkbox\" name=\"nguon-tiep-can-quang-cao[]\" value=\"Facebook\" tabindex=\"\" \/><\/label><\/span><span class=\"wpcf7-list-item\"><label><span class=\"wpcf7-list-item-label\">Website<\/span><input type=\"checkbox\" name=\"nguon-tiep-can-quang-cao[]\" value=\"Website\" tabindex=\"\" \/><\/label><\/span><span class=\"wpcf7-list-item\"><label><span class=\"wpcf7-list-item-label\">S\u1ef1 ki\u1ec7n Event<\/span><input type=\"checkbox\" name=\"nguon-tiep-can-quang-cao[]\" value=\"S\u1ef1 ki\u1ec7n Event\" tabindex=\"\" \/><\/label><\/span><span class=\"wpcf7-list-item last\"><label><span class=\"wpcf7-list-item-label\">Kh\u00f4ng nh\u00ecn th\u1ea5y<\/span><input type=\"checkbox\" name=\"nguon-tiep-can-quang-cao[]\" value=\"Kh\u00f4ng nh\u00ecn th\u1ea5y\" tabindex=\"\" \/><\/label><\/span><\/span><\/span><br \/>\nAnh\/Ch\u1ecb bi\u1ebft \u0111\u1ebfn Victoria Healthcare t\u1eeb \u0111\u00e2u?<br \/>\n<span class=\"wpcf7-form-control-wrap\" data-name=\"nguon-khach-hang\"><span class=\"wpcf7-form-control wpcf7-radio\"><span class=\"wpcf7-list-item first\"><label><span class=\"wpcf7-list-item-label\">Kh\u00e1m s\u1ee9c kh\u1ecfe c\u00f4ng ty<\/span><input type=\"radio\" name=\"nguon-khach-hang\" value=\"Kh\u00e1m s\u1ee9c kh\u1ecfe c\u00f4ng ty\" tabindex=\"\" \/><\/label><\/span><span class=\"wpcf7-list-item\"><label><span class=\"wpcf7-list-item-label\">Kh\u00e1ch h\u00e0ng c\u0169<\/span><input type=\"radio\" name=\"nguon-khach-hang\" value=\"Kh\u00e1ch h\u00e0ng c\u0169\" tabindex=\"\" \/><\/label><\/span><span class=\"wpcf7-list-item\"><label><span class=\"wpcf7-list-item-label\">Gi\u1edbi thi\u1ec7u t\u1eeb b\u1ea1n b\u00e8\/ng\u01b0\u1eddi quen<\/span><input type=\"radio\" name=\"nguon-khach-hang\" value=\"Gi\u1edbi thi\u1ec7u t\u1eeb b\u1ea1n b\u00e8\/ng\u01b0\u1eddi quen\" tabindex=\"\" \/><\/label><\/span><span class=\"wpcf7-list-item last\"><label><span class=\"wpcf7-list-item-label\">Kh\u00e1c (vui l\u00f2ng ghi r\u00f5)<\/span><input type=\"radio\" name=\"nguon-khach-hang\" value=\"Kh\u00e1c (vui l\u00f2ng ghi r\u00f5)\" tabindex=\"\" \/><\/label><\/span><\/span><\/span>\n<\/p>\n<div data-id=\"group-nguon-kenh-xuathien\" data-orig_data_id=\"group-nguon-kenh-xuathien\"  data-class=\"wpcf7cf_group\">\n\t<p>Anh\/ch\u1ecb vui l\u00f2ng ghi c\u1ee5 th\u1ec3, v\u00ed d\u1ee5: SMS, LinkedIn, S\u1ef1 ki\u1ec7n, v.v.<br \/>\n<span class=\"wpcf7-form-control-wrap\" data-name=\"noi-dung-nguon-khac\"><textarea cols=\"40\" rows=\"10\" class=\"wpcf7-form-control wpcf7-textarea\" aria-invalid=\"false\" name=\"noi-dung-nguon-khac\"><\/textarea><\/span>\n\t<\/p>\n<\/div>\n<p>C\u00e2u 6.\tNh\u1eefng \u00fd ki\u1ebfn \u0111\u00f3ng g\u00f3p c\u1ee7a Qu\u00fd kh\u00e1ch l\u00e0 v\u00f4 c\u00f9ng gi\u00e1 tr\u1ecb \u0111\u1ec3 ch\u00fang t\u00f4i ph\u1ee5c v\u1ee5 ng\u00e0y m\u1ed9t t\u1ed1t h\u01a1n<br \/>\n<span class=\"wpcf7-form-control-wrap\" data-name=\"y-kien-dong-gop\"><textarea cols=\"40\" rows=\"10\" class=\"wpcf7-form-control wpcf7-textarea\" aria-invalid=\"false\" name=\"y-kien-dong-gop\"><\/textarea><\/span>\n<\/p>\n<p data-start=\"94\" data-end=\"192\"><strong data-start=\"94\" data-end=\"192\">Ch&uacute;ng t&ocirc;i ch&acirc;n th&agrave;nh c\u1ea3m \u01a1n b\u1ea1n \u0111&atilde; d&agrave;nh th\u1eddi gian qu&yacute; b&aacute;u \u0111\u1ec3 tham gia kh\u1ea3o s&aacute;t c&ugrave;ng ch&uacute;ng t&ocirc;i.<\/strong>\n<\/p>\n<p data-start=\"194\" data-end=\"302\">\u0110\u1ec3 tri &acirc;n, b\u1ea1n s\u1ebd nh\u1eadn \u0111\u01b0\u1ee3c <strong data-start=\"222\" data-end=\"250\">\u01b0u \u0111&atilde;i gi\u1ea3m 10% ph&iacute; kh&aacute;m<\/strong> cho l\u1ea7n kh&aacute;m ti\u1ebfp theo sau khi ho&agrave;n th&agrave;nh kh\u1ea3o s&aacute;t.\n<\/p>\n<p data-start=\"304\" data-end=\"328\"><strong data-start=\"304\" data-end=\"326\">\u0110i\u1ec1u ki\u1ec7n &aacute;p d\u1ee5ng:<\/strong>\n<\/p>\n<ul data-start=\"329\" data-end=\"754\">\n\t<li data-start=\"329\" data-end=\"423\">\n\t\t<p data-start=\"331\" data-end=\"423\">\u01afu \u0111&atilde;i &aacute;p d\u1ee5ng tr&ecirc;n <strong data-start=\"351\" data-end=\"367\">gi&aacute; ni&ecirc;m y\u1ebft<\/strong>, kh&ocirc;ng c\u1ed9ng g\u1ed9p v\u1edbi c&aacute;c ch\u01b0\u01a1ng tr&igrave;nh khuy\u1ebfn m&atilde;i kh&aacute;c.\n\t\t<\/p>\n\t<\/li>\n\t<li data-start=\"424\" data-end=\"488\">\n\t\t<p data-start=\"426\" data-end=\"488\"><strong data-start=\"426\" data-end=\"443\">Kh&ocirc;ng &aacute;p d\u1ee5ng<\/strong> cho h&oacute;a \u0111\u01a1n thu\u1ed1c, v\u1eafc-xin v&agrave; v\u1eadt t\u01b0 y t\u1ebf.\n\t\t<\/p>\n\t<\/li>\n\t<li data-start=\"489\" data-end=\"575\">\n\t\t<p data-start=\"491\" data-end=\"575\">\u01afu \u0111&atilde;i <strong data-start=\"498\" data-end=\"532\">c&oacute; hi\u1ec7u l\u1ef1c trong v&ograve;ng 30 ng&agrave;y<\/strong> k\u1ec3 t\u1eeb ng&agrave;y b\u1ea1n nh\u1eadn \u0111\u01b0\u1ee3c email x&aacute;c nh\u1eadn.\n\t\t<\/p>\n\t<\/li>\n\t<li data-start=\"576\" data-end=\"672\">\n\t\t<p data-start=\"578\" data-end=\"672\"><strong data-start=\"578\" data-end=\"654\">Kh&aacute;ch h&agrave;ng vui l&ograve;ng xu\u1ea5t tr&igrave;nh email c&oacute; m&atilde; \u01b0u \u0111&atilde;i t\u1ea1i th\u1eddi \u0111i\u1ec3m check-in<\/strong> t\u1ea1i ph&ograve;ng kh&aacute;m.\n\t\t<\/p>\n\t\t<p><strong>H&atilde;y \u0111i\u1ec1n \u0111\u1ea7y \u0111\u1ee7 th&ocirc;ng tin d\u01b0\u1edbi \u0111&acirc;y \u0111\u1ec3 nh\u1eadn b\u1ed9 qu&agrave; tri &acirc;n t\u1eeb ch&uacute;ng t&ocirc;i.<\/strong>\n\t\t<\/p>\n\t\t<p>&nbsp;\n\t\t<\/p>\n\t\t<p><strong>TH\u00d4NG TIN NH\u1eacN QU\u00c0 TRI \u00c2N<\/strong>\n\t\t<\/p>\n\t\t<p>M\u00e3 s\u1ed1 b\u1ec7nh nh\u00e2n:<br \/>\n<span class=\"wpcf7-form-control-wrap\" data-name=\"ma-so-benh-nhan\"><input class=\"wpcf7-form-control wpcf7-number wpcf7-validates-as-number\" aria-invalid=\"false\" value=\"\" type=\"number\" name=\"ma-so-benh-nhan\" \/><\/span>\n\t\t<\/p>\n\t\t<p>M\u00e3 C\u00f4ng ty (N\u1ebfu kh\u00e1m s\u1ee9c kho\u1ebb doanh nghi\u1ec7p):<br \/>\n<span class=\"wpcf7-form-control-wrap\" data-name=\"ma-cong-ty\"><input size=\"40\" class=\"wpcf7-form-control wpcf7-text\" aria-invalid=\"false\" value=\"\" type=\"text\" name=\"ma-cong-ty\" \/><\/span>\n\t\t<\/p>\n\t\t<p><strong>Chi nh\u00e1nh ph\u00f2ng kh\u00e1m b\u1ea1n \u0111ang cho \u0111\u00e1nh gi\u00e1 *:<\/strong><br \/>\n<span class=\"wpcf7-form-control-wrap\" data-name=\"chi-nhanh\"><select class=\"wpcf7-form-control wpcf7-select wpcf7-validates-as-required\" aria-required=\"true\" aria-invalid=\"false\" name=\"chi-nhanh\"><option value=\"\">&#8212;Please choose an option&#8212;<\/option><option value=\"37-39 Lu\u031bo\u031bng \u0110i\u0323nh Cu\u0309a\">37-39 Lu\u031bo\u031bng \u0110i\u0323nh Cu\u0309a<\/option><option value=\"20-20Bis-22 \u0110inh Ti\u00ean Ho\u00e0ng\">20-20Bis-22 \u0110inh Ti\u00ean Ho\u00e0ng<\/option><option value=\"135A Nguye\u0302\u0303n Va\u0306n Tro\u0302\u0303i\">135A Nguye\u0302\u0303n Va\u0306n Tro\u0302\u0303i<\/option><option value=\"1056 Nguy\u1ec5n V\u0103n Linh\">1056 Nguy\u1ec5n V\u0103n Linh<\/option><\/select><\/span>\n\t\t<\/p>\n\t\t<p><strong>H\u1ecd v\u00e0 t\u00ean *:<\/strong><br \/>\n<span class=\"wpcf7-form-control-wrap\" data-name=\"ten-khach-hang\"><input size=\"40\" class=\"wpcf7-form-control wpcf7-text wpcf7-validates-as-required\" aria-required=\"true\" aria-invalid=\"false\" value=\"\" type=\"text\" name=\"ten-khach-hang\" \/><\/span>\n\t\t<\/p>\n\t\t<p><strong>\u0110\u1ecba ch\u1ec9 Email *:<\/strong><br \/>\n<span class=\"wpcf7-form-control-wrap\" data-name=\"dia-chi-email\"><input size=\"40\" class=\"wpcf7-form-control wpcf7-text wpcf7-email wpcf7-validates-as-required wpcf7-validates-as-email\" aria-required=\"true\" aria-invalid=\"false\" value=\"\" type=\"email\" name=\"dia-chi-email\" \/><\/span>\n\t\t<\/p>\n\t\t<p><strong>S\u1ed1 \u0111i\u1ec7n tho\u1ea1i *:<\/strong><br \/>\n<span class=\"wpcf7-form-control-wrap\" data-name=\"so-dien-thoai\"><input size=\"40\" class=\"wpcf7-form-control wpcf7-text wpcf7-tel wpcf7-validates-as-required wpcf7-validates-as-tel\" aria-required=\"true\" aria-invalid=\"false\" value=\"\" type=\"tel\" name=\"so-dien-thoai\" \/><\/span>\n\t\t<\/p>\n\t\t<p><input class=\"wpcf7-form-control has-spinner wpcf7-submit\" type=\"submit\" value=\"G\u1eedi \u0111i\" \/>\n\t\t<\/p>\n\t<\/li>\n<\/ul><div class=\"wpcf7-response-output\" aria-hidden=\"true\"><\/div>\n<\/form>\n<\/div>\n\n\t\t<\/div>\n\t\t\t<\/div>\n\n\t\n\n<style>\n#row-1642090024 > .col > .col-inner {\n  padding: 0px 15px 0px 15px;\n}\n<\/style>\n<\/div>\n\t\t<\/div>\n\t\t\n<style>\n#col-2103736788 > .col-inner {\n  padding: 50px 20px 0px 20px;\n  margin: -0 0px 0px 0px;\n}\n@media (min-width:550px) {\n  #col-2103736788 > .col-inner {\n    padding: 50px 20px 30px 20px;\n    margin: 0 0px 0px 0px;\n  }\n}\n@media (min-width:850px) {\n  #col-2103736788 > .col-inner {\n    padding: 66px 5% 16px 5%;\n    margin: -135px 0px 0px 0px;\n  }\n}\n<\/style>\n\t<\/div>\n\n\t\n<\/div>\n<div class=\"row row-collapse row-full-width\"  id=\"row-1424437869\">\n\n\t<div id=\"col-1719120244\" class=\"col small-12 large-12\"  >\n\t\t<div class=\"col-inner\"  >\n\t\t\t\n\t\t\t\n\t\t<\/div>\n\t\t\n<style>\n#col-1719120244 > .col-inner {\n  padding: 0px 30px 0px 30px;\n}\n<\/style>\n\t<\/div>\n\n\t\n<\/div>\n","protected":false},"excerpt":{"rendered":"","protected":false},"author":1,"featured_media":0,"parent":0,"menu_order":0,"comment_status":"closed","ping_status":"closed","template":"page-blank-landingpage.php","meta":{"footnotes":""},"class_list":["post-2715","page","type-page","status-publish","hentry"],"_links":{"self":[{"href":"https:\/\/victoriavn.com\/e-voucher\/wp-json\/wp\/v2\/pages\/2715","targetHints":{"allow":["GET"]}}],"collection":[{"href":"https:\/\/victoriavn.com\/e-voucher\/wp-json\/wp\/v2\/pages"}],"about":[{"href":"https:\/\/victoriavn.com\/e-voucher\/wp-json\/wp\/v2\/types\/page"}],"author":[{"embeddable":true,"href":"https:\/\/victoriavn.com\/e-voucher\/wp-json\/wp\/v2\/users\/1"}],"replies":[{"embeddable":true,"href":"https:\/\/victoriavn.com\/e-voucher\/wp-json\/wp\/v2\/comments?post=2715"}],"version-history":[{"count":11,"href":"https:\/\/victoriavn.com\/e-voucher\/wp-json\/wp\/v2\/pages\/2715\/revisions"}],"predecessor-version":[{"id":2773,"href":"https:\/\/victoriavn.com\/e-voucher\/wp-json\/wp\/v2\/pages\/2715\/revisions\/2773"}],"wp:attachment":[{"href":"https:\/\/victoriavn.com\/e-voucher\/wp-json\/wp\/v2\/media?parent=2715"}],"curies":[{"name":"wp","href":"https:\/\/api.w.org\/{rel}","templated":true}]}}