{"id":2477,"date":"2024-05-07T15:49:08","date_gmt":"2024-05-07T08:49:08","guid":{"rendered":"https:\/\/victoriavn.com\/e-voucher\/?page_id=2477"},"modified":"2024-05-13T10:14:21","modified_gmt":"2024-05-13T03:14:21","slug":"bai-trac-nghiem-nhan-biet-nguy-co-tang-huyet-ap","status":"publish","type":"page","link":"https:\/\/victoriavn.com\/e-voucher\/bai-trac-nghiem-nhan-biet-nguy-co-tang-huyet-ap\/","title":{"rendered":"B\u00e0i tr\u1eafc nghi\u1ec7m nh\u1eadn bi\u1ebft nguy c\u01a1 T\u0103ng Huy\u1ebft \u00c1p"},"content":{"rendered":"\t<section class=\"section show-for-medium hide-for-small\" id=\"section_1896021894\">\n\t\t<div class=\"bg section-bg fill bg-fill  bg-loaded\" >\n\n\t\t\t\n\t\t\t\n\t\t\t\n\n\t\t<\/div>\n\n\t\t<div class=\"section-content relative\">\n\t\t\t\n\t<div class=\"img has-hover show-for-medium hide-for-small x md-x lg-x y md-y lg-y\" id=\"image_233825582\">\n\t\t\t\t\t\t\t\t<div class=\"img-inner dark\" >\n\t\t\t<img loading=\"lazy\" decoding=\"async\" width=\"1920\" height=\"501\" src=\"https:\/\/victoriavn.com\/e-voucher\/wp-content\/uploads\/2021\/11\/VHC._Cover_victoria_website_from_care_to_caring_2021_line_trang-01-01-01-01-01.png\" class=\"attachment-original size-original\" alt=\"\" srcset=\"https:\/\/victoriavn.com\/e-voucher\/wp-content\/uploads\/2021\/11\/VHC._Cover_victoria_website_from_care_to_caring_2021_line_trang-01-01-01-01-01.png 1920w, https:\/\/victoriavn.com\/e-voucher\/wp-content\/uploads\/2021\/11\/VHC._Cover_victoria_website_from_care_to_caring_2021_line_trang-01-01-01-01-01-800x209.png 800w, https:\/\/victoriavn.com\/e-voucher\/wp-content\/uploads\/2021\/11\/VHC._Cover_victoria_website_from_care_to_caring_2021_line_trang-01-01-01-01-01-1400x365.png 1400w, https:\/\/victoriavn.com\/e-voucher\/wp-content\/uploads\/2021\/11\/VHC._Cover_victoria_website_from_care_to_caring_2021_line_trang-01-01-01-01-01-768x200.png 768w, https:\/\/victoriavn.com\/e-voucher\/wp-content\/uploads\/2021\/11\/VHC._Cover_victoria_website_from_care_to_caring_2021_line_trang-01-01-01-01-01-1536x401.png 1536w, https:\/\/victoriavn.com\/e-voucher\/wp-content\/uploads\/2021\/11\/VHC._Cover_victoria_website_from_care_to_caring_2021_line_trang-01-01-01-01-01-510x133.png 510w\" sizes=\"auto, (max-width: 1920px) 100vw, 1920px\" \/>\t\t\t\t\t\t\n\t\t\t\t\t<\/div>\n\t\t\t\t\t\t\t\t\n<style>\n#image_233825582 {\n  width: 100%;\n}\n<\/style>\n\t<\/div>\n\t\n\t\t<\/div>\n\n\t\t\n<style>\n#section_1896021894 {\n  padding-top: 0px;\n  padding-bottom: 0px;\n}\n<\/style>\n\t<\/section>\n\t\n\t<section class=\"section\" id=\"section_2001081501\">\n\t\t<div class=\"bg section-bg fill bg-fill  bg-loaded\" >\n\n\t\t\t\n\t\t\t\n\t\t\t\n\n\t\t<\/div>\n\n\t\t<div class=\"section-content relative\">\n\t\t\t\n\t<div class=\"img has-hover show-for-small x md-x lg-x y md-y lg-y\" id=\"image_180783064\">\n\t\t\t\t\t\t\t\t<div class=\"img-inner dark\" style=\"margin:1px 1px 1px 1px;\">\n\t\t\t<img loading=\"lazy\" decoding=\"async\" width=\"2251\" height=\"2250\" src=\"https:\/\/victoriavn.com\/e-voucher\/wp-content\/uploads\/2024\/05\/d8bbf8519c7e3d20646f.jpg\" class=\"attachment-original size-original\" alt=\"\" srcset=\"https:\/\/victoriavn.com\/e-voucher\/wp-content\/uploads\/2024\/05\/d8bbf8519c7e3d20646f.jpg 2251w, https:\/\/victoriavn.com\/e-voucher\/wp-content\/uploads\/2024\/05\/d8bbf8519c7e3d20646f-400x400.jpg 400w, https:\/\/victoriavn.com\/e-voucher\/wp-content\/uploads\/2024\/05\/d8bbf8519c7e3d20646f-800x800.jpg 800w, https:\/\/victoriavn.com\/e-voucher\/wp-content\/uploads\/2024\/05\/d8bbf8519c7e3d20646f-280x280.jpg 280w, https:\/\/victoriavn.com\/e-voucher\/wp-content\/uploads\/2024\/05\/d8bbf8519c7e3d20646f-768x768.jpg 768w, https:\/\/victoriavn.com\/e-voucher\/wp-content\/uploads\/2024\/05\/d8bbf8519c7e3d20646f-1536x1536.jpg 1536w, https:\/\/victoriavn.com\/e-voucher\/wp-content\/uploads\/2024\/05\/d8bbf8519c7e3d20646f-2048x2048.jpg 2048w\" sizes=\"auto, (max-width: 2251px) 100vw, 2251px\" \/>\t\t\t\t\t\t\n\t\t\t\t\t<\/div>\n\t\t\t\t\t\t\t\t\n<style>\n#image_180783064 {\n  width: 100%;\n}\n@media (min-width:550px) {\n  #image_180783064 {\n    width: 100%;\n  }\n}\n<\/style>\n\t<\/div>\n\t\n\t\t<\/div>\n\n\t\t\n<style>\n#section_2001081501 {\n  padding-top: 0px;\n  padding-bottom: 0px;\n}\n<\/style>\n\t<\/section>\n\t\n\t<section class=\"section\" id=\"section_2083751642\">\n\t\t<div class=\"bg section-bg fill bg-fill  bg-loaded\" >\n\n\t\t\t\n\t\t\t\n\t\t\t\n\n\t\t<\/div>\n\n\t\t<div class=\"section-content relative\">\n\t\t\t\n\t<div class=\"img has-hover hide-for-medium x md-x lg-x y md-y lg-y\" id=\"image_1275244192\">\n\t\t\t\t\t\t\t\t<div class=\"img-inner dark\" >\n\t\t\t<img loading=\"lazy\" decoding=\"async\" width=\"1920\" height=\"501\" src=\"https:\/\/victoriavn.com\/e-voucher\/wp-content\/uploads\/2021\/11\/VHC._Cover_victoria_website_from_care_to_caring_2021_line_trang-01-01-01-01-01.png\" class=\"attachment-original size-original\" alt=\"\" srcset=\"https:\/\/victoriavn.com\/e-voucher\/wp-content\/uploads\/2021\/11\/VHC._Cover_victoria_website_from_care_to_caring_2021_line_trang-01-01-01-01-01.png 1920w, https:\/\/victoriavn.com\/e-voucher\/wp-content\/uploads\/2021\/11\/VHC._Cover_victoria_website_from_care_to_caring_2021_line_trang-01-01-01-01-01-800x209.png 800w, https:\/\/victoriavn.com\/e-voucher\/wp-content\/uploads\/2021\/11\/VHC._Cover_victoria_website_from_care_to_caring_2021_line_trang-01-01-01-01-01-1400x365.png 1400w, https:\/\/victoriavn.com\/e-voucher\/wp-content\/uploads\/2021\/11\/VHC._Cover_victoria_website_from_care_to_caring_2021_line_trang-01-01-01-01-01-768x200.png 768w, https:\/\/victoriavn.com\/e-voucher\/wp-content\/uploads\/2021\/11\/VHC._Cover_victoria_website_from_care_to_caring_2021_line_trang-01-01-01-01-01-1536x401.png 1536w, https:\/\/victoriavn.com\/e-voucher\/wp-content\/uploads\/2021\/11\/VHC._Cover_victoria_website_from_care_to_caring_2021_line_trang-01-01-01-01-01-510x133.png 510w\" sizes=\"auto, (max-width: 1920px) 100vw, 1920px\" \/>\t\t\t\t\t\t\n\t\t\t\t\t<\/div>\n\t\t\t\t\t\t\t\t\n<style>\n#image_1275244192 {\n  width: 100%;\n}\n<\/style>\n\t<\/div>\n\t\n\t\t<\/div>\n\n\t\t\n<style>\n#section_2083751642 {\n  padding-top: 0px;\n  padding-bottom: 0px;\n}\n<\/style>\n\t<\/section>\n\t\n\t<section class=\"section\" id=\"section_130484953\">\n\t\t<div class=\"bg section-bg fill bg-fill  bg-loaded\" >\n\n\t\t\t\n\t\t\t\n\t\t\t\n\n\t\t<\/div>\n\n\t\t<div class=\"section-content relative\">\n\t\t\t\n<div class=\"row row-divided\"  id=\"row-587471785\">\n\n\t<div id=\"col-1926154402\" class=\"col small-12 large-12\"  >\n\t\t<div class=\"col-inner\"  >\n\t\t\t\n\t\t\t\n<div class=\"container section-title-container\" ><h2 class=\"section-title section-title-center\"><b><\/b><span class=\"section-title-main\" style=\"color:rgb(0, 142, 132);\">B\u00e0i tr\u1eafc nghi\u1ec7m nh\u1eadn bi\u1ebft nguy c\u01a1 T\u0103ng Huy\u1ebft \u00c1p<\/span><b><\/b><\/h2><\/div>\n<div>\n<div>Nh\u1eadn bi\u1ebft c\u00e1c nguy c\u01a1 ti\u1ec1m \u1ea9n THA s\u1ebd gi\u00fap b\u1ea1n v\u00e0 ng\u01b0\u1eddi xung quanh ki\u1ec3m so\u00e1t hi\u1ec7u qu\u1ea3 v\u00e0 c\u00f3 th\u1ec3 ph\u00f2ng ng\u1eeba s\u1edbm \u0110\u1ed9t Qu\u1ef5.\u00a0D\u01b0\u1edbi \u0111\u00e2y l\u00e0 m\u1ed9t s\u1ed1 c\u00e2u h\u1ecfi tr\u1eafc nghi\u1ec7m c\u00f3 th\u1ec3 gi\u00fap b\u1ea1n nh\u1eadn bi\u1ebft v\u1ec1 THA.\u00a0<\/div>\n<div><span style=\"color: #d83131;\"><em>N\u1ed9i dung tr\u1eafc nghi\u1ec7m \u0111\u01b0\u1ee3c tham v\u1ea5n chuy\u00ean m\u00f4n c\u00f9ng B\u00e1c S\u0129 chuy\u00ean khoa N\u1ed9i t\u1ed5ng qu\u00e1t Tim M\u1ea1ch H\u1ec7 th\u1ed1ng Ph\u00f2ng kh\u00e1m \u0110a khoa Victoria Healthcare.<\/em><\/span><\/div>\n<\/div>\n<div>\n<hr \/>\n<\/div>\n<div id=\"watu_quiz\" class=\"quiz-area single-page-quiz\">\n<form action=\"\" method=\"post\" class=\"quiz-form watu-button-style\" id=\"quiz-2\" >\n<div class='watu-question' id='question-1'><div class='question-content'><p><span class='watu_num'>1. <\/span>Gia \u0111\u00ecnh b\u1ea1n c\u00f3 ng\u01b0\u1eddi th\u00e2n (cha m\u1eb9 \/ c\u00f4, d\u00ec , ch\u00fa ,b\u00e1c\/ anh ch\u1ecb em ru\u1ed9t\/) c\u00f3 ti\u1ec1n s\u1eed b\u1ec7nh m\u1eafc THA kh\u00f4ng?<\/p>\n<\/div><input type='hidden' name='question_id[]' value='5' \/><div class='watu-questions-wrap '><input type='hidden' name='answer_ids[]' class='watu-answer-ids' value='47' \/><div class='watu-question-choice'><input type='radio' name='answer-5[]' id='answer-id-47' class='answer answer-1  answerof-5' value='47' \/>&nbsp;<label for='answer-id-47' id='answer-label-47' class=' answer label-1'><span class='answer'>A. C\u00f3<\/span><\/label><\/div>\n<input type='hidden' name='answer_ids[]' class='watu-answer-ids' value='48' \/><div class='watu-question-choice'><input type='radio' name='answer-5[]' id='answer-id-48' class='answer answer-1  answerof-5' value='48' \/>&nbsp;<label for='answer-id-48' id='answer-label-48' class=' answer label-1'><span class='answer'>B. T\u00f4i kh\u00f4ng r\u00f5<\/span><\/label><\/div>\n<input type='hidden' name='answer_ids[]' class='watu-answer-ids' value='49' \/><div class='watu-question-choice'><input type='radio' name='answer-5[]' id='answer-id-49' class='answer answer-1  answerof-5' value='49' \/>&nbsp;<label for='answer-id-49' id='answer-label-49' class=' answer label-1'><span class='answer'>C. Kh\u00f4ng c\u00f3 ai<\/span><\/label><\/div>\n<\/div><input type='hidden' id='questionType1' value='radio' class='required'><\/div><div class='watu-question' id='question-2'><div class='question-content'><p><span class='watu_num'>2. <\/span>B\u1ea1n c\u00f3 th\u01b0\u1eddng t\u1eadp th\u1ec3 thao\/ v\u1eadn \u0111\u1ed9ng kh\u00f4ng (t\u1ed1i thi\u1ec3u 30 ph\u00fat \/ bu\u1ed5i)?<\/p>\n<\/div><input type='hidden' name='question_id[]' value='6' \/><div class='watu-questions-wrap '><input type='hidden' name='answer_ids[]' class='watu-answer-ids' value='71' \/><div class='watu-question-choice'><input type='radio' name='answer-6[]' id='answer-id-71' class='answer answer-2  answerof-6' value='71' \/>&nbsp;<label for='answer-id-71' id='answer-label-71' class=' answer label-2'><span class='answer'>A. Kh\u00f4ng c\u00f3 th\u00f3i quen t\u1eadp th\u1ec3 thao<\/span><\/label><\/div>\n<input type='hidden' name='answer_ids[]' class='watu-answer-ids' value='72' \/><div class='watu-question-choice'><input type='radio' name='answer-6[]' id='answer-id-72' class='answer answer-2  answerof-6' value='72' \/>&nbsp;<label for='answer-id-72' id='answer-label-72' class=' answer label-2'><span class='answer'>B. \u00cdt khi t\u1eadp<\/span><\/label><\/div>\n<input type='hidden' name='answer_ids[]' class='watu-answer-ids' value='73' \/><div class='watu-question-choice'><input type='radio' name='answer-6[]' id='answer-id-73' class='answer answer-2  answerof-6' value='73' \/>&nbsp;<label for='answer-id-73' id='answer-label-73' class=' answer label-2'><span class='answer'>C. Th\u01b0\u1eddng xuy\u00ean (5-7 bu\u1ed5i\/ tu\u1ea7n)<\/span><\/label><\/div>\n<\/div><input type='hidden' id='questionType2' value='radio' class='required'><\/div><div class='watu-question' id='question-3'><div class='question-content'><p><span class='watu_num'>3. <\/span>Kh\u1ea9u v\u1ecb n\u1ea5u \u0103n h\u00e0ng ng\u00e0y c\u1ee7a b\u1ea1n\/ gia \u0111\u00ecnh?<\/p>\n<\/div><input type='hidden' name='question_id[]' value='7' \/><div class='watu-questions-wrap '><input type='hidden' name='answer_ids[]' class='watu-answer-ids' value='74' \/><div class='watu-question-choice'><input type='radio' name='answer-7[]' id='answer-id-74' class='answer answer-3  answerof-7' value='74' \/>&nbsp;<label for='answer-id-74' id='answer-label-74' class=' answer label-3'><span class='answer'>A. Th\u01b0\u1eddng n\u00eam \u0111\u1ed3 \u0103n m\u1eb7n<\/span><\/label><\/div>\n<input type='hidden' name='answer_ids[]' class='watu-answer-ids' value='75' \/><div class='watu-question-choice'><input type='radio' name='answer-7[]' id='answer-id-75' class='answer answer-3  answerof-7' value='75' \/>&nbsp;<label for='answer-id-75' id='answer-label-75' class=' answer label-3'><span class='answer'>B. Th\u00edch \u0103n ng\u1ecdt<\/span><\/label><\/div>\n<input type='hidden' name='answer_ids[]' class='watu-answer-ids' value='76' \/><div class='watu-question-choice'><input type='radio' name='answer-7[]' id='answer-id-76' class='answer answer-3  answerof-7' value='76' \/>&nbsp;<label for='answer-id-76' id='answer-label-76' class=' answer label-3'><span class='answer'>C. \u0102n thanh \u0111\u1ea1m, \u00edt d\u00f9ng gia v\u1ecb<\/span><\/label><\/div>\n<\/div><input type='hidden' id='questionType3' value='radio' class='required'><\/div><div class='watu-question' id='question-4'><div class='question-content'><p><span class='watu_num'>4. <\/span>B\u1ea1n \u0111ang ho\u1eb7c \u0111\u00e3 t\u1eebng m\u1eafc m\u1ed9t trong c\u00e1c b\u1ec7nh n\u1ec1n (ti\u1ec3u \u0111\u01b0\u1eddng, m\u1ee1 m\u00e1u cao, tai bi\u1ebfn m\u1ea1ch m\u00e1u n\u00e3o, nh\u1ed3i m\u00e1u c\u01a1 tim, suy th\u1eadn, b\u1ec7nh n\u1ed9i ti\u1ebft nh\u01b0 cushing\u2026) kh\u00f4ng?<\/p>\n<\/div><input type='hidden' name='question_id[]' value='8' \/><div class='watu-questions-wrap '><input type='hidden' name='answer_ids[]' class='watu-answer-ids' value='77' \/><div class='watu-question-choice'><input type='radio' name='answer-8[]' id='answer-id-77' class='answer answer-4  answerof-8' value='77' \/>&nbsp;<label for='answer-id-77' id='answer-label-77' class=' answer label-4'><span class='answer'>A. C\u00f3<\/span><\/label><\/div>\n<input type='hidden' name='answer_ids[]' class='watu-answer-ids' value='78' \/><div class='watu-question-choice'><input type='radio' name='answer-8[]' id='answer-id-78' class='answer answer-4  answerof-8' value='78' \/>&nbsp;<label for='answer-id-78' id='answer-label-78' class=' answer label-4'><span class='answer'>B. T\u00f4i kh\u00f4ng r\u00f5, ch\u01b0a bao gi\u1edd kh\u00e1m s\u1ee9c kho\u1ebb<\/span><\/label><\/div>\n<input type='hidden' name='answer_ids[]' class='watu-answer-ids' value='79' \/><div class='watu-question-choice'><input type='radio' name='answer-8[]' id='answer-id-79' class='answer answer-4  answerof-8' value='79' \/>&nbsp;<label for='answer-id-79' id='answer-label-79' class=' answer label-4'><span class='answer'>C. Kh\u00f4ng<\/span><\/label><\/div>\n<\/div><input type='hidden' id='questionType4' value='radio' class='required'><\/div><div class='watu-question' id='question-5'><div class='question-content'><p><span class='watu_num'>5. <\/span>B\u1ea1n c\u00f3 thu\u1ed9c nh\u00f3m nguy c\u01a1 th\u1eeba c\u00e2n\/ b\u00e9o ph\u00ec kh\u00f4ng?<\/p>\n<\/div><input type='hidden' name='question_id[]' value='9' \/><div class='watu-questions-wrap '><input type='hidden' name='answer_ids[]' class='watu-answer-ids' value='80' \/><div class='watu-question-choice'><input type='radio' name='answer-9[]' id='answer-id-80' class='answer answer-5  answerof-9' value='80' \/>&nbsp;<label for='answer-id-80' id='answer-label-80' class=' answer label-5'><span class='answer'>A. Th\u1eeba c\u00e2n\/ b\u00e9o ph\u00ec (ch\u1ec9 s\u1ed1 BMI c\u01a1 th\u1ec3 t\u1eeb 23 tr\u1edf l\u00ean)<\/span><\/label><\/div>\n<input type='hidden' name='answer_ids[]' class='watu-answer-ids' value='81' \/><div class='watu-question-choice'><input type='radio' name='answer-9[]' id='answer-id-81' class='answer answer-5  answerof-9' value='81' \/>&nbsp;<label for='answer-id-81' id='answer-label-81' class=' answer label-5'><span class='answer'>B. T\u00f4i kh\u00f4ng r\u00f5<\/span><\/label><\/div>\n<input type='hidden' name='answer_ids[]' class='watu-answer-ids' value='82' \/><div class='watu-question-choice'><input type='radio' name='answer-9[]' id='answer-id-82' class='answer answer-5  answerof-9' value='82' \/>&nbsp;<label for='answer-id-82' id='answer-label-82' class=' answer label-5'><span class='answer'>C. B\u00ecnh th\u01b0\u1eddng (ch\u1ec9 s\u1ed1 BMI c\u01a1 th\u1ec3 d\u01b0\u1edbi 23)<\/span><\/label><\/div>\n<\/div><input type='hidden' id='questionType5' value='radio' class='required'><\/div><div class='watu-question' id='question-6'><div class='question-content'><p><span class='watu_num'>6. <\/span>B\u1ea1n c\u00f3 g\u1eb7p c\u00e1c tri\u1ec7u ch\u1ee9ng: nh\u1ee9c \u0111\u1ea7u, hoa m\u1eaft, ch\u00f3ng m\u1eb7t, \u0111\u1ecf b\u1eebng m\u1eb7t, ch\u1ea3y m\u00e1u m\u0169i, tim \u0111\u1eadp nhanh h\u1ed3i h\u1ed9p  \u2026 kh\u00f4ng?<\/p>\n<\/div><input type='hidden' name='question_id[]' value='10' \/><div class='watu-questions-wrap '><input type='hidden' name='answer_ids[]' class='watu-answer-ids' value='83' \/><div class='watu-question-choice'><input type='radio' name='answer-10[]' id='answer-id-83' class='answer answer-6  answerof-10' value='83' \/>&nbsp;<label for='answer-id-83' id='answer-label-83' class=' answer label-6'><span class='answer'>A. Th\u01b0\u1eddng xuy\u00ean<\/span><\/label><\/div>\n<input type='hidden' name='answer_ids[]' class='watu-answer-ids' value='84' \/><div class='watu-question-choice'><input type='radio' name='answer-10[]' id='answer-id-84' class='answer answer-6  answerof-10' value='84' \/>&nbsp;<label for='answer-id-84' id='answer-label-84' class=' answer label-6'><span class='answer'>B. Th\u1ec9nh tho\u1ea3ng<\/span><\/label><\/div>\n<input type='hidden' name='answer_ids[]' class='watu-answer-ids' value='85' \/><div class='watu-question-choice'><input type='radio' name='answer-10[]' id='answer-id-85' class='answer answer-6  answerof-10' value='85' \/>&nbsp;<label for='answer-id-85' id='answer-label-85' class=' answer label-6'><span class='answer'>C. Kh\u00f4ng c\u00f3<\/span><\/label><\/div>\n<\/div><input type='hidden' id='questionType6' value='radio' class='required'><\/div><div class='watu-question' id='question-7'><div class='question-content'><p><span class='watu_num'>7. <\/span>Tr\u1ecb s\u1ed1 huy\u1ebft \u00e1p c\u1ee7a b\u1ea1n \u0111\u01b0\u1ee3c bi\u1ebft l\u00e0 ?<\/p>\n<\/div><input type='hidden' name='question_id[]' value='11' \/><div class='watu-questions-wrap '><input type='hidden' name='answer_ids[]' class='watu-answer-ids' value='86' \/><div class='watu-question-choice'><input type='radio' name='answer-11[]' id='answer-id-86' class='answer answer-7  answerof-11' value='86' \/>&nbsp;<label for='answer-id-86' id='answer-label-86' class=' answer label-7'><span class='answer'>A. Th\u1ec9nh tho\u1ea3ng THA tr\u00ean 130\/80 (ch\u01b0a \u0111\u01b0\u1ee3c \u0111i\u1ec1u tr\u1ecb THA)<\/span><\/label><\/div>\n<input type='hidden' name='answer_ids[]' class='watu-answer-ids' value='87' \/><div class='watu-question-choice'><input type='radio' name='answer-11[]' id='answer-id-87' class='answer answer-7  answerof-11' value='87' \/>&nbsp;<label for='answer-id-87' id='answer-label-87' class=' answer label-7'><span class='answer'>B. T\u00f4i kh\u00f4ng r\u00f5<\/span><\/label><\/div>\n<input type='hidden' name='answer_ids[]' class='watu-answer-ids' value='88' \/><div class='watu-question-choice'><input type='radio' name='answer-11[]' id='answer-id-88' class='answer answer-7  answerof-11' value='88' \/>&nbsp;<label for='answer-id-88' id='answer-label-88' class=' answer label-7'><span class='answer'>C. B\u00ecnh th\u01b0\u1eddng (90\/60 &#8211;> 130\/80)<\/span><\/label><\/div>\n<\/div><input type='hidden' id='questionType7' value='radio' class='required'><\/div><div class='watu-question' id='question-8'><div class='question-content'><p><span class='watu_num'>8. <\/span>Bao l\u00e2u b\u1ea1n ki\u1ec3m tra s\u1ee9c kh\u1ecfe \u0111\u1ecbnh k\u1ef3?<\/p>\n<\/div><input type='hidden' name='question_id[]' value='12' \/><div class='watu-questions-wrap '><input type='hidden' name='answer_ids[]' class='watu-answer-ids' value='89' \/><div class='watu-question-choice'><input type='radio' name='answer-12[]' id='answer-id-89' class='answer answer-8  answerof-12' value='89' \/>&nbsp;<label for='answer-id-89' id='answer-label-89' class=' answer label-8'><span class='answer'>A. \u00cdt khi \u0111i kh\u00e1m ho\u1eb7c ch\u1ec9 kh\u00e1m khi c\u00f3 tri\u1ec7u ch\u1ee9ng v\u1ea5n \u0111\u1ec1 s\u1ee9c kh\u1ecfe<\/span><\/label><\/div>\n<input type='hidden' name='answer_ids[]' class='watu-answer-ids' value='90' \/><div class='watu-question-choice'><input type='radio' name='answer-12[]' id='answer-id-90' class='answer answer-8  answerof-12' value='90' \/>&nbsp;<label for='answer-id-90' id='answer-label-90' class=' answer label-8'><span class='answer'>B. M\u1ed7i n\u0103m\/ l\u1ea7n<\/span><\/label><\/div>\n<input type='hidden' name='answer_ids[]' class='watu-answer-ids' value='91' \/><div class='watu-question-choice'><input type='radio' name='answer-12[]' id='answer-id-91' class='answer answer-8  answerof-12' value='91' \/>&nbsp;<label for='answer-id-91' id='answer-label-91' class=' answer label-8'><span class='answer'>C. 6 th\u00e1ng\/ l\u1ea7n<\/span><\/label><\/div>\n<\/div><input type='hidden' id='questionType8' value='radio' class='required'><\/div><div style='display:none' id='question-9'><br \/><div class='question-content'><img loading=\"lazy\" decoding=\"async\" src=\"https:\/\/victoriavn.com\/e-voucher\/wp-content\/plugins\/watu\/loading.gif\" width=\"16\" height=\"16\" alt=\"Loading ...\" title=\"Loading ...\" \/>&nbsp;Loading &#8230;<\/div><\/div><br \/>\n<input type=\"button\" name=\"action\" onclick=\"Watu.submitResult()\" id=\"action-button\" value=\"K\u1ebft qu\u1ea3\"  class=\"watu-submit-button\" \/>\n<input type=\"hidden\" name=\"no_ajax\" value=\"0\"><input type=\"hidden\" name=\"quiz_id\" value=\"2\" \/>\n<input type=\"hidden\" id=\"watuStartTime\" name=\"start_time\" value=\"2026-04-11 01:27:39\" \/>\n<\/form>\n<\/div>\n<div id=\"watu-loading-result\" style=\"display:none;\">\n\t<p align=\"center\"><img loading=\"lazy\" decoding=\"async\" src=\"https:\/\/victoriavn.com\/e-voucher\/wp-content\/plugins\/watu\/loading.gif\" width=\"16\" height=\"16\" alt=\"Loading\" title=\"Loading\" \/><\/p>\n<\/div>\t\n<script type=\"text\/javascript\">\nvar exam_id=0;\nvar question_ids='';\nvar watuURL='';\njQuery(function($){\nquestion_ids = \"5,6,7,8,9,10,11,12\";\nexam_id = 2;\nWatu.exam_id = exam_id;\nWatu.qArr = question_ids.split(',');\nWatu.post_id = 2477;\nWatu.singlePage = '1';\nWatu.hAppID = \"0.28009200 1775845659\";\nwatuURL = \"https:\/\/victoriavn.com\/e-voucher\/wp-admin\/admin-ajax.php\";\nWatu.noAlertUnanswered = 0;\n});\n<\/script>\n<div><strong>Huy\u1ebft \u00c1p Cao hay T\u0103ng Huy\u1ebft \u00c1p (THA) l\u00e0 m\u1ed9t trong nh\u1eefng y\u1ebfu t\u1ed1 nguy c\u01a1 h\u00e0ng \u0111\u1ea7u g\u00e2y ra \u0110\u1ed8T QU\u1ef4. THA c\u00f2n \u0111\u01b0\u1ee3c g\u1ecdi l\u00e0 \u201ck\u1ebb gi\u1ebft ng\u01b0\u1eddi th\u1ea7m l\u1eb7ng\u201d. C\u00f3 r\u1ea5t nhi\u1ec1u nguy c\u01a1 g\u00e2y bi\u1ebfn c\u1ed1 nghi\u00eam tr\u1ecdng v\u1ec1 tim m\u1ea1ch cho ng\u01b0\u1eddi b\u1ec7nh. Tr\u00ean th\u1ebf gi\u1edbi, t\u1ec9 l\u1ec7 t\u0103ng huy\u1ebft \u00e1p l\u00ean \u0111\u1ebfn g\u1ea7n 20% (theo T\u1ed5 ch\u1ee9c y t\u1ebf th\u1ebf gi\u1edbi).<\/strong><\/div>\n<div>\u00a0<\/div>\n<div>THA kh\u00f4ng c\u00f3 nguy\u00ean nh\u00e2n (v\u00f4 c\u0103n) chi\u1ebfm 90-95% ng\u01b0\u1eddi m\u1eafc b\u1ec7nh THA.<\/div>\n<div>B\u1ec7nh THA th\u01b0\u1eddng \u0111a s\u1ed1 kh\u00f4ng c\u00f3 tri\u1ec7u ch\u1ee9ng, v\u00e0 ch\u1ec9 m\u1ed9t s\u1ed1 tr\u01b0\u1eddng h\u1ee3p c\u00f3 tri\u1ec7u ch\u1ee9ng ho\u1eb7c ch\u1ec9 khi b\u1ec7nh t\u0103ng huy\u1ebft \u00e1p tr\u1edf n\u1eb7ng, ng\u01b0\u1eddi b\u1ec7nh m\u1edbi c\u1ea3m nh\u1eadn r\u00f5 r\u00e0ng nh\u1eefng tri\u1ec7u ch\u1ee9ng c\u1ee7a t\u0103ng huy\u1ebft \u00e1p.<\/div>\n<div>\n<hr \/>\n<\/div>\n\t\t<\/div>\n\t\t\t<\/div>\n\n\t\n<\/div>\n\t\t<\/div>\n\n\t\t\n<style>\n#section_130484953 {\n  padding-top: 30px;\n  padding-bottom: 30px;\n}\n<\/style>\n\t<\/section>\n\t\n","protected":false},"excerpt":{"rendered":"","protected":false},"author":1,"featured_media":1479,"parent":0,"menu_order":0,"comment_status":"closed","ping_status":"closed","template":"page-blank-landingpage.php","meta":{"footnotes":""},"class_list":["post-2477","page","type-page","status-publish","has-post-thumbnail","hentry"],"_links":{"self":[{"href":"https:\/\/victoriavn.com\/e-voucher\/wp-json\/wp\/v2\/pages\/2477","targetHints":{"allow":["GET"]}}],"collection":[{"href":"https:\/\/victoriavn.com\/e-voucher\/wp-json\/wp\/v2\/pages"}],"about":[{"href":"https:\/\/victoriavn.com\/e-voucher\/wp-json\/wp\/v2\/types\/page"}],"author":[{"embeddable":true,"href":"https:\/\/victoriavn.com\/e-voucher\/wp-json\/wp\/v2\/users\/1"}],"replies":[{"embeddable":true,"href":"https:\/\/victoriavn.com\/e-voucher\/wp-json\/wp\/v2\/comments?post=2477"}],"version-history":[{"count":34,"href":"https:\/\/victoriavn.com\/e-voucher\/wp-json\/wp\/v2\/pages\/2477\/revisions"}],"predecessor-version":[{"id":2578,"href":"https:\/\/victoriavn.com\/e-voucher\/wp-json\/wp\/v2\/pages\/2477\/revisions\/2578"}],"wp:featuredmedia":[{"embeddable":true,"href":"https:\/\/victoriavn.com\/e-voucher\/wp-json\/wp\/v2\/media\/1479"}],"wp:attachment":[{"href":"https:\/\/victoriavn.com\/e-voucher\/wp-json\/wp\/v2\/media?parent=2477"}],"curies":[{"name":"wp","href":"https:\/\/api.w.org\/{rel}","templated":true}]}}