{"id":1187,"date":"2021-11-01T02:32:57","date_gmt":"2021-10-31T19:32:57","guid":{"rendered":"https:\/\/victoriavn.com\/e-voucher\/?page_id=1187"},"modified":"2021-11-02T11:45:01","modified_gmt":"2021-11-02T04:45:01","slug":"chuong-trinh-doi-bill-nhan-qua","status":"publish","type":"page","link":"https:\/\/victoriavn.com\/e-voucher\/chuong-trinh-doi-bill-nhan-qua\/","title":{"rendered":"Ch\u01b0\u01a1ng tr\u00ecnh \u0110\u1ed4I BILL NH\u1eacN QU\u00c0"},"content":{"rendered":"\t<section class=\"section\" id=\"section_2125229088\">\n\t\t<div class=\"bg section-bg fill bg-fill  bg-loaded\" >\n\n\t\t\t\n\t\t\t\n\t\t\t\n\n\t\t<\/div>\n\n\t\t<div class=\"section-content relative\">\n\t\t\t\n<div class=\"row align-middle\"  id=\"row-1591525775\">\n\n\t<div id=\"col-809242671\" class=\"col medium-12 small-12 large-6\"  >\n\t\t<div class=\"col-inner\"  >\n\t\t\t\n\t\t\t\n\n  <div class=\"banner has-hover\" id=\"banner-1988434089\">\n          <div class=\"banner-inner fill\">\n        <div class=\"banner-bg fill\" >\n            <div class=\"bg fill bg-fill \"><\/div>\n                                    \n                    <\/div>\n        <div class=\"banner-layers container\">\n            <div class=\"fill banner-link\"><\/div>            \n   <div id=\"text-box-2117921053\" class=\"text-box banner-layer x50 md-x50 lg-x50 y50 md-y50 lg-y50 res-text\">\n                                <div class=\"text dark\">\n              \n              <div class=\"text-inner text-center\">\n                  \n              <\/div>\n           <\/div>\n                            \n<style>\n#text-box-2117921053 {\n  width: 60%;\n}\n#text-box-2117921053 .text {\n  font-size: 100%;\n}\n<\/style>\n    <\/div>\n \n        <\/div>\n      <\/div>\n\n            \n<style>\n#banner-1988434089 {\n  padding-top: 99.99%;\n  background-color: rgb(255, 255, 255);\n}\n#banner-1988434089 .bg.bg-loaded {\n  background-image: url(https:\/\/victoriavn.com\/e-voucher\/wp-content\/uploads\/2021\/11\/99ba061b1702df5c8613-800x800.jpg);\n}\n#banner-1988434089 .bg {\n  background-position: 35% 56%;\n}\n@media (min-width:550px) {\n  #banner-1988434089 {\n    padding-top: 99.99%;\n  }\n}\n@media (min-width:850px) {\n  #banner-1988434089 {\n    padding-top: 99.99%;\n  }\n}\n<\/style>\n  <\/div>\n\n\n\t\t<\/div>\n\t\t\t<\/div>\n\n\t\n\n\t<div id=\"col-1753222410\" class=\"col medium-12 small-12 large-6\"  >\n\t\t<div class=\"col-inner\"  >\n\t\t\t\n\t\t\t\n<h1 class=\"uppercase\" style=\"text-align: center;\"><span style=\"color: #ff0000;\">\u0110\u1ed4I BILL NH\u1eacN QU\u00c0<\/span><\/h1>\n<p style=\"text-align: justify;\">\u0110\u1ed1i t\u01b0\u1ee3ng \u00e1p d\u1ee5ng v\u00e0 qu\u00e0 t\u1eb7ng: \u00c1p d\u1ee5ng cho c\u00e1c c\u00e1c kh\u00e1ch h\u00e0ng ph\u00e1t sinh c\u00e1c bill d\u1ecbch v\u1ee5 sau: <em>T\u1ea5t c\u1ea3 c\u00e1c g\u00f3i kh\u00e1m T\u1ed5ng qu\u00e1t, N\u1ed9i soi ti\u00eau ho\u00e1, N\u1ed9i soi Tai M\u0169i H\u1ecdng, Kh\u00e1m T\u1ed5ng Qu\u00e1t Nhi, T\u01b0 v\u1ea5n T\u00e2m l\u00fd Nhi Khoa, DV B\u1ea3o hi\u1ec3m (Direct billing)<\/em><\/p>\n\t\t<\/div>\n\t\t\n<style>\n#col-1753222410 > .col-inner {\n  padding: 0px 0px 0px 0;\n}\n@media (min-width:850px) {\n  #col-1753222410 > .col-inner {\n    padding: 0px 0px 0px 10%;\n  }\n}\n<\/style>\n\t<\/div>\n\n\t\n<\/div>\n\t\t<\/div>\n\n\t\t\n<style>\n#section_2125229088 {\n  padding-top: 40px;\n  padding-bottom: 40px;\n}\n@media (min-width:850px) {\n  #section_2125229088 {\n    padding-top: 10px;\n    padding-bottom: 10px;\n  }\n}\n<\/style>\n\t<\/section>\n\t\n\t<section class=\"section\" id=\"section_868136194\">\n\t\t<div class=\"bg section-bg fill bg-fill  bg-loaded\" >\n\n\t\t\t\n\t\t\t\n\t\t\t\n\n\t\t<\/div>\n\n\t\t<div class=\"section-content relative\">\n\t\t\t\n<div class=\"container section-title-container\" ><h3 class=\"section-title section-title-bold\"><b><\/b><span class=\"section-title-main\" style=\"color:rgb(0, 142, 132);\">1. \u0110\u1ed0I T\u01af\u1ee2NG \u00c1P D\u1ee4NG<\/span><b><\/b><\/h3><\/div>\n<div class=\"row row-large align-middle\"  id=\"row-2080440048\">\n\n\t<div id=\"col-604503877\" class=\"col medium-12 small-12 large-4 col-divided\"  >\n\t\t<div class=\"col-inner\"  >\n\t\t\t\n\t\t\t\n<p>\u00c1p d\u1ee5ng cho c\u00e1c c\u00e1c kh\u00e1ch h\u00e0ng ph\u00e1t sinh c\u00e1c bill d\u1ecbch v\u1ee5:<\/p>\n<ul>\n<li>T\u1ea5t c\u1ea3 c\u00e1c g\u00f3i kh\u00e1m T\u1ed5ng qu\u00e1t<\/li>\n<li>N\u1ed9i soi ti\u00eau ho\u00e1<\/li>\n<li>N\u1ed9i soi Tai M\u0169i H\u1ecdng<\/li>\n<\/ul>\n<p style=\"text-align: left;\"><span style=\"color: #ed1c24;\">L\u01b0u \u00fd: C\u00f3 th\u1ec3 ch\u1ecdn qu\u00e0 c\u1ee7a c\u00e1c nh\u00f3m c\u00f2n l\u1ea1i. Kh\u00e1ch h\u00e0ng kh\u00e1m g\u00f3i chuy\u00ean s\u00e2u \u0111\u01b0\u1ee3c ch\u1ecdn th\u00eam 1 m\u00f3n qu\u00e0 b\u1ea5t k\u1ef3 tr\u00ean k\u1ec7<\/span><\/p>\n\t\t<\/div>\n\t\t\t<\/div>\n\n\t\n\n\t<div id=\"col-762138314\" class=\"col medium-12 small-12 large-8\"  >\n\t\t<div class=\"col-inner\"  >\n\t\t\t\n\t\t\t\n[ux_products style=&#8221;normal&#8221; type=&#8221;row&#8221; columns__sm=&#8221;2&#8243; columns__md=&#8221;4&#8243; show_cat=&#8221;0&#8243; cat=&#8221;15&#8243;]\n\t\t<\/div>\n\t\t\t<\/div>\n\n\t\n<\/div>\n\t\t<\/div>\n\n\t\t\n<style>\n#section_868136194 {\n  padding-top: 30px;\n  padding-bottom: 30px;\n}\n<\/style>\n\t<\/section>\n\t\n\t<section class=\"section\" id=\"section_506079526\">\n\t\t<div class=\"bg section-bg fill bg-fill  bg-loaded\" >\n\n\t\t\t\n\t\t\t\n\t\t\t\n\n\t\t<\/div>\n\n\t\t<div class=\"section-content relative\">\n\t\t\t\n<div class=\"container section-title-container\" ><h3 class=\"section-title section-title-bold\"><b><\/b><span class=\"section-title-main\" style=\"color:rgb(0, 142, 132);\">2. \u0110\u1ed0I T\u01af\u1ee2NG \u00c1P D\u1ee4NG<\/span><b><\/b><\/h3><\/div>\n<div class=\"row row-large align-middle\"  id=\"row-286009\">\n\n\t<div id=\"col-1423099092\" class=\"col medium-12 small-12 large-4 col-divided\"  >\n\t\t<div class=\"col-inner\"  >\n\t\t\t\n\t\t\t\n<p>\u00c1p d\u1ee5ng cho c\u00e1c c\u00e1c kh\u00e1ch h\u00e0ng ph\u00e1t sinh c\u00e1c bill d\u1ecbch v\u1ee5:<\/p>\n<ul>\n<li>Kh\u00e1m T\u1ed5ng Qu\u00e1t Nhi<\/li>\n<li>T\u01b0 v\u1ea5n T\u00e2m l\u00fd Nhi Khoa<\/li>\n<\/ul>\n<p><span style=\"color: #ed1c24;\">L\u01b0u \u00fd: C\u00f3 th\u1ec3 ch\u1ecdn qu\u00e0 c\u1ee7a nh\u00f3m \u0111\u1ed1i t\u01b0\u1ee3ng (3)<\/span><\/p>\n\t\t<\/div>\n\t\t\t<\/div>\n\n\t\n\n\t<div id=\"col-555016163\" class=\"col medium-12 small-12 large-8\"  >\n\t\t<div class=\"col-inner\"  >\n\t\t\t\n\t\t\t\n[ux_products style=&#8221;normal&#8221; type=&#8221;row&#8221; columns__sm=&#8221;2&#8243; columns__md=&#8221;4&#8243; show_cat=&#8221;0&#8243; cat=&#8221;81&#8243;]\n\t\t<\/div>\n\t\t\t<\/div>\n\n\t\n<\/div>\n\t\t<\/div>\n\n\t\t\n<style>\n#section_506079526 {\n  padding-top: 30px;\n  padding-bottom: 30px;\n}\n<\/style>\n\t<\/section>\n\t\n\t<section class=\"section\" id=\"section_150084576\">\n\t\t<div class=\"bg section-bg fill bg-fill  bg-loaded\" >\n\n\t\t\t\n\t\t\t\n\t\t\t\n\n\t\t<\/div>\n\n\t\t<div class=\"section-content relative\">\n\t\t\t\n<div class=\"container section-title-container\" ><h3 class=\"section-title section-title-bold\"><b><\/b><span class=\"section-title-main\" style=\"color:rgb(0, 142, 132);\">3. \u0110\u1ed0I T\u01af\u1ee2NG \u00c1P D\u1ee4NG<\/span><b><\/b><\/h3><\/div>\n<div class=\"row row-large align-middle\"  id=\"row-374258084\">\n\n\t<div id=\"col-845423672\" class=\"col medium-12 small-12 large-4 col-divided\"  >\n\t\t<div class=\"col-inner\"  >\n\t\t\t\n\t\t\t\n<p>\u00c1p d\u1ee5ng cho c\u00e1c c\u00e1c kh\u00e1ch h\u00e0ng ph\u00e1t sinh c\u00e1c bill d\u1ecbch v\u1ee5:<\/p>\n<ul>\n<li>DV B\u1ea3o hi\u1ec3m (Direct billing)<\/li>\n<\/ul>\n<p><span style=\"color: #ed1c24;\">L\u01b0u \u00fd: Gi\u00e1 tr\u1ecb bill tr\u00ean 1,000,000 vnd, (kh\u00f4ng \u00e1p d\u1ee5ng bill thu\u1ed1c)<\/span><\/p>\n\t\t<\/div>\n\t\t\t<\/div>\n\n\t\n\n\t<div id=\"col-1460057546\" class=\"col medium-12 small-12 large-8\"  >\n\t\t<div class=\"col-inner\"  >\n\t\t\t\n\t\t\t\n[ux_products style=&#8221;normal&#8221; type=&#8221;row&#8221; columns__sm=&#8221;2&#8243; columns__md=&#8221;4&#8243; show_cat=&#8221;0&#8243; cat=&#8221;82&#8243;]\n\t\t<\/div>\n\t\t\t<\/div>\n\n\t\n<\/div>\n\t\t<\/div>\n\n\t\t\n<style>\n#section_150084576 {\n  padding-top: 30px;\n  padding-bottom: 30px;\n}\n<\/style>\n\t<\/section>\n\t\n","protected":false},"excerpt":{"rendered":"","protected":false},"author":1,"featured_media":1251,"parent":0,"menu_order":0,"comment_status":"closed","ping_status":"closed","template":"page-blank-landingpage.php","meta":{"footnotes":""},"class_list":["post-1187","page","type-page","status-publish","has-post-thumbnail","hentry"],"_links":{"self":[{"href":"https:\/\/victoriavn.com\/e-voucher\/wp-json\/wp\/v2\/pages\/1187","targetHints":{"allow":["GET"]}}],"collection":[{"href":"https:\/\/victoriavn.com\/e-voucher\/wp-json\/wp\/v2\/pages"}],"about":[{"href":"https:\/\/victoriavn.com\/e-voucher\/wp-json\/wp\/v2\/types\/page"}],"author":[{"embeddable":true,"href":"https:\/\/victoriavn.com\/e-voucher\/wp-json\/wp\/v2\/users\/1"}],"replies":[{"embeddable":true,"href":"https:\/\/victoriavn.com\/e-voucher\/wp-json\/wp\/v2\/comments?post=1187"}],"version-history":[{"count":100,"href":"https:\/\/victoriavn.com\/e-voucher\/wp-json\/wp\/v2\/pages\/1187\/revisions"}],"predecessor-version":[{"id":1359,"href":"https:\/\/victoriavn.com\/e-voucher\/wp-json\/wp\/v2\/pages\/1187\/revisions\/1359"}],"wp:featuredmedia":[{"embeddable":true,"href":"https:\/\/victoriavn.com\/e-voucher\/wp-json\/wp\/v2\/media\/1251"}],"wp:attachment":[{"href":"https:\/\/victoriavn.com\/e-voucher\/wp-json\/wp\/v2\/media?parent=1187"}],"curies":[{"name":"wp","href":"https:\/\/api.w.org\/{rel}","templated":true}]}}