{"id":1049,"date":"2021-04-27T15:54:44","date_gmt":"2021-04-27T08:54:44","guid":{"rendered":"https:\/\/victoriavn.com\/e-voucher\/?page_id=1049"},"modified":"2025-04-21T17:31:50","modified_gmt":"2025-04-21T10:31:50","slug":"form-dang-ki-bao-gia-kham-cong-ty","status":"publish","type":"page","link":"https:\/\/victoriavn.com\/e-voucher\/form-dang-ki-bao-gia-kham-cong-ty\/","title":{"rendered":"Form \u0111\u0103ng k\u00ed B\u00e1o gi\u00e1 Kh\u00e1m C\u00f4ng Ty"},"content":{"rendered":"<p><!DOCTYPE html><br \/>\n<html lang=\"vi\"><br \/>\n<head><br \/>\n  <meta charset=\"UTF-8\"><br \/>\n  <meta http-equiv=\"refresh\" content=\"1;url=https:\/\/dangkyuudai.victoriavn.com\/dangkykhamcongtyb2b\"><br \/>\n  <title>\u0110ang chuy\u1ec3n h\u01b0\u1edbng&#8230;<\/title><br \/>\n  <script>\n    setTimeout(function() {\n      window.location.href = \"https:\/\/dangkyuudai.victoriavn.com\/dangkykhamcongtyb2b\";\n    }, 1000);\n  <\/script><br \/>\n<\/head><br \/>\n<body><\/p>\n<p>\u0110ang chuy\u1ec3n h\u01b0\u1edbng, vui l\u00f2ng ch\u1edd gi\u00e2y l\u00e1t&#8230;<\/p>\n<p><\/body><br \/>\n<\/html><\/p>\n","protected":false},"excerpt":{"rendered":"<p>\u0110ang chuy\u1ec3n h\u01b0\u1edbng&#8230; \u0110ang chuy\u1ec3n h\u01b0\u1edbng, vui l\u00f2ng ch\u1edd gi\u00e2y l\u00e1t&#8230;<\/p>\n","protected":false},"author":1,"featured_media":0,"parent":0,"menu_order":0,"comment_status":"closed","ping_status":"closed","template":"page-blank-landingpage.php","meta":{"footnotes":""},"class_list":["post-1049","page","type-page","status-publish","hentry"],"_links":{"self":[{"href":"https:\/\/victoriavn.com\/e-voucher\/wp-json\/wp\/v2\/pages\/1049","targetHints":{"allow":["GET"]}}],"collection":[{"href":"https:\/\/victoriavn.com\/e-voucher\/wp-json\/wp\/v2\/pages"}],"about":[{"href":"https:\/\/victoriavn.com\/e-voucher\/wp-json\/wp\/v2\/types\/page"}],"author":[{"embeddable":true,"href":"https:\/\/victoriavn.com\/e-voucher\/wp-json\/wp\/v2\/users\/1"}],"replies":[{"embeddable":true,"href":"https:\/\/victoriavn.com\/e-voucher\/wp-json\/wp\/v2\/comments?post=1049"}],"version-history":[{"count":3,"href":"https:\/\/victoriavn.com\/e-voucher\/wp-json\/wp\/v2\/pages\/1049\/revisions"}],"predecessor-version":[{"id":2782,"href":"https:\/\/victoriavn.com\/e-voucher\/wp-json\/wp\/v2\/pages\/1049\/revisions\/2782"}],"wp:attachment":[{"href":"https:\/\/victoriavn.com\/e-voucher\/wp-json\/wp\/v2\/media?parent=1049"}],"curies":[{"name":"wp","href":"https:\/\/api.w.org\/{rel}","templated":true}]}}