{"id":2,"date":"2019-03-16T03:19:13","date_gmt":"2019-03-16T03:19:13","guid":{"rendered":"https:\/\/tppone.com\/demo\/edu5\/?page_id=2"},"modified":"2025-09-10T22:27:19","modified_gmt":"2025-09-10T15:27:19","slug":"trang-chu","status":"publish","type":"page","link":"https:\/\/victoriavn.com\/bookingec\/","title":{"rendered":"\u0110\u1eb6T H\u1eb8N KH\u00c1M S\u1ee8C KH\u1eceE DOANH NGHI\u1ec6P"},"content":{"rendered":"\t<section class=\"section\" id=\"section_109226324\">\n\t\t<div class=\"bg section-bg fill bg-fill  bg-loaded\" >\n\n\t\t\t\n\t\t\t\n\t\t\t\n\n\t\t<\/div>\n\n\t\t\n\n\t\t<div class=\"section-content relative\">\n\t\t\t\n  <div id=\"page-header-575974328\" class=\"page-header-wrapper\">\n  <div class=\"page-title dark featured-title\">\n\n    \n    <div class=\"page-title-inner container align-center flex-row medium-flex-wrap\" >\n              <div class=\"title-wrapper flex-col text-left medium-text-center\">\n          <h1 class=\"entry-title mb-0\">\n            \u0110\u1eb6T H\u1eb8N KH\u00c1M S\u1ee8C KH\u1eceE DOANH NGHI\u1ec6P | BOOK A CORPORATE HEALTH CHECKUP APPOINTMENT          <\/h1>\n        <\/div>\n                    <div class=\"title-content flex-col flex-right text-right medium-text-center\">\n        <div class=\"title-breadcrumbs pb-half pt-half\"><\/div>      <\/div>\n    <\/div>\n\n     \n<style>\n#page-header-575974328 {\n  margin-bottom: 10px;\n}\n<\/style>\n  <\/div>\n    <\/div>\n  \n<div class=\"row\"  id=\"row-880375594\">\n\n\t<div id=\"col-287871709\" class=\"col small-12 large-12\"  >\n\t\t\t\t<div class=\"col-inner\"  >\n\t\t\t\n\t\t\t\n\n<form id=\"password-form\">\n    <label for=\"password\">Nh\u1eadp m\u1eadt kh\u1ea9u \/ Enter Password:<\/label><br \/>\n    <input type=\"password\" id=\"password\" required><br \/>\n    <button type=\"submit\">Ti\u1ebfp t\u1ee5c \/ Next<\/button><br \/>\n<\/form>\n<div id=\"error-message\" style=\"color: red; display: none;\">M\u1eadt kh\u1ea9u kh\u00f4ng \u0111\u00fang. Vui l\u00f2ng th\u1eed l\u1ea1i \/ Incorrect password. Please try again.<\/div>\n<p><script>\n    document.getElementById('password-form').onsubmit = function(event) {\n        event.preventDefault(); \/\/ Ng\u0103n ch\u1eb7n h\u00e0nh \u0111\u1ed9ng m\u1eb7c \u0111\u1ecbnh\n        var password = document.getElementById('password').value;\n        if (password === 'INT') {\n            window.location.href = 'https:\/\/victoriavn.com\/health_check_buttons.html';\n        } else {\n            document.getElementById('error-message').style.display = 'block';\n        }\n    };\n<\/script><br \/>\n\n\t\t<\/div>\n\t\t\t\t\t<\/div>\n\n\t\n<\/div>\n\t\t<\/div>\n\n\t\t\n<style>\n#section_109226324 {\n  padding-top: 30px;\n  padding-bottom: 30px;\n}\n#section_109226324 .ux-shape-divider--top svg {\n  height: 150px;\n  --divider-top-width: 100%;\n}\n#section_109226324 .ux-shape-divider--bottom svg {\n  height: 150px;\n  --divider-width: 100%;\n}\n<\/style>\n\t<\/section>\n\t\n","protected":false},"excerpt":{"rendered":"","protected":false},"author":1,"featured_media":0,"parent":0,"menu_order":0,"comment_status":"closed","ping_status":"open","template":"page-blank-landingpage.php","meta":{"footnotes":""},"_links":{"self":[{"href":"https:\/\/victoriavn.com\/bookingec\/wp-json\/wp\/v2\/pages\/2"}],"collection":[{"href":"https:\/\/victoriavn.com\/bookingec\/wp-json\/wp\/v2\/pages"}],"about":[{"href":"https:\/\/victoriavn.com\/bookingec\/wp-json\/wp\/v2\/types\/page"}],"author":[{"embeddable":true,"href":"https:\/\/victoriavn.com\/bookingec\/wp-json\/wp\/v2\/users\/1"}],"replies":[{"embeddable":true,"href":"https:\/\/victoriavn.com\/bookingec\/wp-json\/wp\/v2\/comments?post=2"}],"version-history":[{"count":19,"href":"https:\/\/victoriavn.com\/bookingec\/wp-json\/wp\/v2\/pages\/2\/revisions"}],"predecessor-version":[{"id":757,"href":"https:\/\/victoriavn.com\/bookingec\/wp-json\/wp\/v2\/pages\/2\/revisions\/757"}],"wp:attachment":[{"href":"https:\/\/victoriavn.com\/bookingec\/wp-json\/wp\/v2\/media?parent=2"}],"curies":[{"name":"wp","href":"https:\/\/api.w.org\/{rel}","templated":true}]}}